{"id":50593,"date":"2025-02-19T20:02:48","date_gmt":"2025-02-19T20:02:48","guid":{"rendered":"https:\/\/22dragons.com\/group-membership\/"},"modified":"2025-03-17T22:12:31","modified_gmt":"2025-03-17T22:12:31","slug":"adhesion-de-groupe","status":"publish","type":"page","link":"https:\/\/22dragons.com\/fr\/adhesion-de-groupe\/","title":{"rendered":"Adh\u00e9sion de groupe"},"content":{"rendered":"<p>[et_pb_section fb_built=&#8221;1&#8243; fullwidth=&#8221;on&#8221; _builder_version=&#8221;4.27.3&#8243; _module_preset=&#8221;default&#8221; global_colors_info=&#8221;{}&#8221;][et_pb_fullwidth_header title=&#8221;Adh\u00e9sion de groupe&#8221; text_orientation=&#8221;center&#8221; _builder_version=&#8221;4.27.4&#8243; _module_preset=&#8221;default&#8221; title_font=&#8221;|600|||||||&#8221; title_font_size=&#8221;50px&#8221; subhead_font_size=&#8221;35px&#8221; background_enable_color=&#8221;off&#8221; use_background_color_gradient=&#8221;on&#8221; background_color_gradient_stops=&#8221;rgba(255,255,255,0) 25%|rgba(0,0,0,0.32) 100%&#8221; background_image=&#8221;https:\/\/22dragons.com\/wp-content\/uploads\/DSCF6096.jpg&#8221; background_blend=&#8221;overlay&#8221; custom_padding=&#8221;150px||150px||true|false&#8221; title_text_shadow_style=&#8221;preset2&#8243; subhead_text_shadow_style=&#8221;preset2&#8243; global_colors_info=&#8221;{}&#8221;][\/et_pb_fullwidth_header][\/et_pb_section][et_pb_section fb_built=&#8221;1&#8243; _builder_version=&#8221;4.27.3&#8243; _module_preset=&#8221;default&#8221; custom_padding=&#8221;30px||30px||true|false&#8221; global_colors_info=&#8221;{}&#8221;][et_pb_row _builder_version=&#8221;4.27.3&#8243; _module_preset=&#8221;default&#8221; custom_padding=&#8221;||0px|||&#8221; global_colors_info=&#8221;{}&#8221;][et_pb_column type=&#8221;4_4&#8243; _builder_version=&#8221;4.27.3&#8243; _module_preset=&#8221;default&#8221; global_colors_info=&#8221;{}&#8221;][et_pb_text _builder_version=&#8221;4.27.3&#8243; _module_preset=&#8221;default&#8221; header_4_text_color=&#8221;#0B497A&#8221; text_orientation=&#8221;center&#8221; custom_padding=&#8221;||5px|||&#8221; global_colors_info=&#8221;{}&#8221;]<\/p>\n<h4>La course de bateaux-dragons est un sport ouvert \u00e0 tous, quels que soient l&#8217;\u00e2ge et les capacit\u00e9s. Les hommes et les femmes peuvent concourir s\u00e9par\u00e9ment ou c\u00f4te \u00e0 c\u00f4te au sein d&#8217;une m\u00eame \u00e9quipe.<\/h4>\n<p>\u00a0Au club de course de bateaux-dragons 22Dragons, nous avons des \u00e9quipes pour les d\u00e9butants et les athl\u00e8tes de comp\u00e9tition, \u00e0 partir de 14 ans et jusqu&#8217;\u00e0 85 ans ! Les participants peuvent s&#8217;inscrire individuellement ou en groupe, ce qui est tr\u00e8s populaire parmi les coll\u00e8gues de travail ou les amis.<\/p>\n<p>[\/et_pb_text][\/et_pb_column][\/et_pb_row][\/et_pb_section][et_pb_section fb_built=&#8221;1&#8243; _builder_version=&#8221;4.27.4&#8243; _module_preset=&#8221;default&#8221; collapsed=&#8221;on&#8221; global_colors_info=&#8221;{}&#8221;][et_pb_row column_structure=&#8221;1_2,1_2&#8243; module_id=&#8221;Groups&#8221; _builder_version=&#8221;4.27.4&#8243; _module_preset=&#8221;default&#8221; custom_padding=&#8221;35px||35px||true|false&#8221; global_colors_info=&#8221;{}&#8221;][et_pb_column type=&#8221;1_2&#8243; _builder_version=&#8221;4.27.4&#8243; _module_preset=&#8221;default&#8221; global_colors_info=&#8221;{}&#8221;][et_pb_video src=&#8221;https:\/\/youtu.be\/4JdniJn69s4?si=B-2Nq-cCAaFfDIno&#8221; _builder_version=&#8221;4.27.4&#8243; _module_preset=&#8221;default&#8221; custom_padding=&#8221;20px||20px||true|false&#8221; db_limit_youtube_related_videos_to_same_channel=&#8221;on&#8221; db_autoplay_youtube_video=&#8221;on&#8221; db_start_youtube_video_muted=&#8221;on&#8221; global_colors_info=&#8221;{}&#8221;][\/et_pb_video][\/et_pb_column][et_pb_column type=&#8221;1_2&#8243; _builder_version=&#8221;4.27.4&#8243; _module_preset=&#8221;default&#8221; global_colors_info=&#8221;{}&#8221;][et_pb_text _builder_version=&#8221;4.27.4&#8243; _module_preset=&#8221;default&#8221; custom_margin=&#8221;||22px|||&#8221; global_colors_info=&#8221;{}&#8221;]<\/p>\n<h3>Adh\u00e9sion de groupe<\/h3>\n<p>22Dragons accueille plusieurs \u00e9quipes ind\u00e9pendantes. Ces \u00e9quipes rassemblent des personnes ayant quelque chose en commun (des membres d&#8217;associations culturelles, des pagayeurs provenant d\u2019une m\u00eame r\u00e9gion ou encore des coll\u00e8gues d\u2019une m\u00eame entreprise) pour former une \u00e9quipe permanente. Nous avons \u00e9galement des \u00e9quipes de survivantes du cancer du sein, qui rassemblent survivantes et sympathisants, qui participent \u00e0 des courses de bateaux-dragons pour sensibiliser le public \u00e0 la lutte contre le cancer.<\/p>\n<p><strong>Trouvez vos co\u00e9quipiers et nous nous occuperons du reste !\u00a0<\/strong><\/p>\n<p>Nous vous aiderons \u00e0 \u00e9laborer un programme qui r\u00e9pond \u00e0 vos besoins et nous vous assignerons l\u2019entra\u00eeneur ou l\u2019entra\u00eeneuse qui conviendra \u00e0 \u00e9quipe !<\/p>\n<p>&nbsp;<\/p>\n<p>[\/et_pb_text][\/et_pb_column][\/et_pb_row][et_pb_row column_structure=&#8221;1_2,1_2&#8243; _builder_version=&#8221;4.27.4&#8243; _module_preset=&#8221;default&#8221; global_colors_info=&#8221;{}&#8221;][et_pb_column type=&#8221;1_2&#8243; _builder_version=&#8221;4.27.4&#8243; _module_preset=&#8221;default&#8221; global_colors_info=&#8221;{}&#8221;][et_pb_text _builder_version=&#8221;4.27.4&#8243; _module_preset=&#8221;default&#8221; global_colors_info=&#8221;{}&#8221;]<\/p>\n<p><strong>Types d&#8217;\u00e9quipes d&#8217;appartenance \u00e0 un groupe chez 22Dragons<\/strong><\/p>\n<ul>\n<li>\u00c9quipes de survivantes du cancer du sein<\/li>\n<li>\u00c9quipes para<\/li>\n<li>\u00c9quipes de la communaut\u00e9 chinoise<\/li>\n<li>\u00c9quipes de la communaut\u00e9 ukrainienne<\/li>\n<li>\u00c9quipes d&#8217;entreprise<\/li>\n<\/ul>\n<p>Si vous souhaitez cr\u00e9er ou rejoindre une \u00e9quipe autog\u00e9r\u00e9e chez 22Dragons, envoyez un courriel \u00e0 <a href=\"mailto:club@22dragons.com\">club@22dragons.com<\/a> !<\/p>\n<p>[\/et_pb_text][\/et_pb_column][et_pb_column type=&#8221;1_2&#8243; _builder_version=&#8221;4.27.4&#8243; _module_preset=&#8221;default&#8221; global_colors_info=&#8221;{}&#8221;][\/et_pb_column][\/et_pb_row][et_pb_row _builder_version=&#8221;4.27.4&#8243; _module_preset=&#8221;default&#8221; background_color=&#8221;#0B497A&#8221; custom_margin=&#8221;25px||25px||true|false&#8221; custom_padding=&#8221;||||true|false&#8221; global_colors_info=&#8221;{}&#8221;][et_pb_column type=&#8221;4_4&#8243; _builder_version=&#8221;4.27.4&#8243; _module_preset=&#8221;default&#8221; global_colors_info=&#8221;{}&#8221;][et_pb_text _builder_version=&#8221;4.27.4&#8243; _module_preset=&#8221;default&#8221; header_2_font=&#8221;|600|||||||&#8221; header_2_text_align=&#8221;center&#8221; background_layout=&#8221;dark&#8221; custom_margin=&#8221;||0px|||&#8221; custom_padding=&#8221;|35px||35px|false|true&#8221; global_colors_info=&#8221;{}&#8221;]<\/p>\n<h2>FAQ<\/h2>\n<p>[\/et_pb_text][et_pb_text _builder_version=&#8221;4.27.4&#8243; _module_preset=&#8221;default&#8221; background_layout=&#8221;dark&#8221; custom_padding=&#8221;10px|40px|10px|40px|true|true&#8221; global_colors_info=&#8221;{}&#8221;]<\/p>\n<p><strong>Qu&#8217;est-ce que la course de bateaux-dragons ?<\/strong><br \/>La course de bateaux-dragons est un sport nautique dont les racines remontent \u00e0 2000 ans en Chine. Elle r\u00e9unit g\u00e9n\u00e9ralement 20 pagayeurs, un batteur et un barreur sur un bateau, et les \u00e9quipes s&#8217;affrontent sur des distances d\u00e9termin\u00e9es. Les courses de bateaux-dragons sont populaires au Canada depuis des d\u00e9cennies. Des pagayeurs de tous \u00e2ges, de toutes capacit\u00e9s athl\u00e9tiques et de tous horizons se r\u00e9unissent pour former des \u00e9quipes et participer \u00e0 des r\u00e9gates au Canada.<\/p>\n<p>[\/et_pb_text][\/et_pb_column][\/et_pb_row][\/et_pb_section]<\/p>\n","protected":false},"excerpt":{"rendered":"<p>La course de bateaux-dragons est un sport ouvert \u00e0 tous, quels que soient l&#8217;\u00e2ge et les capacit\u00e9s. Les hommes et les femmes peuvent concourir s\u00e9par\u00e9ment ou c\u00f4te \u00e0 c\u00f4te au [&hellip;]<\/p>\n","protected":false},"author":14,"featured_media":0,"parent":0,"menu_order":0,"comment_status":"closed","ping_status":"closed","template":"","meta":{"_et_pb_use_builder":"on","_et_pb_old_content":"","_et_gb_content_width":"","footnotes":""},"class_list":["post-50593","page","type-page","status-publish","hentry"],"aioseo_notices":[],"_links":{"self":[{"href":"https:\/\/22dragons.com\/fr\/wp-json\/wp\/v2\/pages\/50593","targetHints":{"allow":["GET"]}}],"collection":[{"href":"https:\/\/22dragons.com\/fr\/wp-json\/wp\/v2\/pages"}],"about":[{"href":"https:\/\/22dragons.com\/fr\/wp-json\/wp\/v2\/types\/page"}],"author":[{"embeddable":true,"href":"https:\/\/22dragons.com\/fr\/wp-json\/wp\/v2\/users\/14"}],"replies":[{"embeddable":true,"href":"https:\/\/22dragons.com\/fr\/wp-json\/wp\/v2\/comments?post=50593"}],"version-history":[{"count":7,"href":"https:\/\/22dragons.com\/fr\/wp-json\/wp\/v2\/pages\/50593\/revisions"}],"predecessor-version":[{"id":50844,"href":"https:\/\/22dragons.com\/fr\/wp-json\/wp\/v2\/pages\/50593\/revisions\/50844"}],"wp:attachment":[{"href":"https:\/\/22dragons.com\/fr\/wp-json\/wp\/v2\/media?parent=50593"}],"curies":[{"name":"wp","href":"https:\/\/api.w.org\/{rel}","templated":true}]}}