{"id":50619,"date":"2025-02-06T19:06:36","date_gmt":"2025-02-06T19:06:36","guid":{"rendered":"https:\/\/22dragons.com\/our-events\/"},"modified":"2026-02-18T15:24:55","modified_gmt":"2026-02-18T20:24:55","slug":"nos-evenements","status":"publish","type":"page","link":"https:\/\/22dragons.com\/fr\/nos-evenements\/","title":{"rendered":"Nos \u00e9v\u00e9nements"},"content":{"rendered":"<p>[et_pb_section fb_built=&#8221;1&#8243; fullwidth=&#8221;on&#8221; _builder_version=&#8221;4.27.4&#8243; _module_preset=&#8221;default&#8221; global_colors_info=&#8221;{}&#8221;][et_pb_fullwidth_header title=&#8221;Nos \u00e9v\u00e9nements&#8221; text_orientation=&#8221;center&#8221; _builder_version=&#8221;4.27.4&#8243; _module_preset=&#8221;default&#8221; title_font=&#8221;|600|||||||&#8221; title_font_size=&#8221;50px&#8221; subhead_font_size=&#8221;35px&#8221; background_enable_color=&#8221;off&#8221; use_background_color_gradient=&#8221;on&#8221; background_color_gradient_stops=&#8221;rgba(255,255,255,0) 25%|rgba(0,0,0,0.32) 100%&#8221; background_image=&#8221;https:\/\/22dragons.com\/wp-content\/uploads\/Coupe-du-Quebec-2024-post-6-41.jpg&#8221; background_blend=&#8221;overlay&#8221; custom_padding=&#8221;150px||150px||true|false&#8221; title_text_shadow_style=&#8221;preset2&#8243; subhead_text_shadow_style=&#8221;preset2&#8243; global_colors_info=&#8221;{}&#8221;][\/et_pb_fullwidth_header][\/et_pb_section][et_pb_section fb_built=&#8221;1&#8243; _builder_version=&#8221;4.27.3&#8243; _module_preset=&#8221;default&#8221; custom_padding=&#8221;30px||30px||true|false&#8221; global_colors_info=&#8221;{}&#8221;][et_pb_row _builder_version=&#8221;4.27.3&#8243; _module_preset=&#8221;default&#8221; custom_padding=&#8221;||0px|||&#8221; global_colors_info=&#8221;{}&#8221;][et_pb_column type=&#8221;4_4&#8243; _builder_version=&#8221;4.27.3&#8243; _module_preset=&#8221;default&#8221; global_colors_info=&#8221;{}&#8221;][et_pb_text _builder_version=&#8221;4.27.4&#8243; _module_preset=&#8221;default&#8221; header_4_text_color=&#8221;#0B497A&#8221; text_orientation=&#8221;center&#8221; global_colors_info=&#8221;{}&#8221;]<\/p>\n<h4>22Dragons est fier d\u2019\u00eatre l\u2019h\u00f4te et l&#8217;organisateur de plusieurs des plus importants \u00e9v\u00e9nements de bateau-dragon \u00e0 Montr\u00e9al. Nous sommes l\u2019un des chefs de file au Canada dans le sport de la course de bateaux-dragons. <\/h4>\n<p>Nous organisons des \u00e9v\u00e9nements de course de bateaux-dragons \u00e0 Montr\u00e9al depuis 2007, et avons d\u2019ailleurs \u00e9t\u00e9, cette ann\u00e9e-l\u00e0, la premi\u00e8re organisation \u00e0 mettre sur pied \u00e0 Montr\u00e9al non pas un, mais deux \u00e9v\u00e9nements de course de bateaux-dragons : le Lachine Knock-out et la Coupe du Qu\u00e9bec.<\/p>\n<p>[\/et_pb_text][\/et_pb_column][\/et_pb_row][\/et_pb_section][et_pb_section fb_built=&#8221;1&#8243; _builder_version=&#8221;4.27.4&#8243; _module_preset=&#8221;default&#8221; global_colors_info=&#8221;{}&#8221;][et_pb_row column_structure=&#8221;1_2,1_2&#8243; _builder_version=&#8221;4.27.4&#8243; _module_preset=&#8221;default&#8221; global_colors_info=&#8221;{}&#8221;][et_pb_column type=&#8221;1_2&#8243; _builder_version=&#8221;4.27.4&#8243; _module_preset=&#8221;default&#8221; global_colors_info=&#8221;{}&#8221;][et_pb_blurb title=&#8221;Lachine Knock-Out&#8221; url=&#8221;https:\/\/www.missiondragonboat.com\/event\/lachine-knockout\/&#8221; image=&#8221;http:\/\/22dragons.com\/wp-content\/uploads\/LKO-TGW-scaled-e1736795734298.jpg&#8221; _builder_version=&#8221;4.27.4&#8243; _module_preset=&#8221;default&#8221; header_text_align=&#8221;center&#8221; header_text_color=&#8221;#0B497A&#8221; global_colors_info=&#8221;{}&#8221;]<\/p>\n<p>Pr\u00e9sent\u00e9 chaque ann\u00e9e en d\u00e9but juin, le Knockout de Lachine met en vedette les courses de 200 m et la vitesse! Chaque \u00e9quipe coursera deux \u00e9liminatoires et une finale de style knockout, c\u2019est \u00e0 dire qu\u2019\u00e0 chaque ronde, la derni\u00e8re \u00e9quipe se fait \u00e9limin\u00e9e et les autres \u00e9quipes retournent \u00e0 la ligne de d\u00e9part pour une autre ronde jusqu\u2019\u00e0 ce qu\u2019il n\u2019y aille qu\u2019une seule \u00e9quipe restante. Les \u00e9quipes sports feront tous une finale de style knockout. Pour les \u00e9quipes communautaires, les finales de style knockout seront d\u00e9termin\u00e9es en fonction du nombre d\u2019\u00e9quipes inscrites.<\/p>\n<p>[\/et_pb_blurb][\/et_pb_column][et_pb_column type=&#8221;1_2&#8243; _builder_version=&#8221;4.27.4&#8243; _module_preset=&#8221;default&#8221; global_colors_info=&#8221;{}&#8221;][et_pb_blurb title=&#8221;Challenge de Montr\u00e9al&#8221; url=&#8221;https:\/\/www.missiondragonboat.com\/event\/challenge-de-montreal\/&#8221; url_new_window=&#8221;on&#8221; image=&#8221;http:\/\/22dragons.com\/wp-content\/uploads\/461104099_1025042942964687_1278305453868843313_n-e1739913340299.jpg&#8221; _builder_version=&#8221;4.27.4&#8243; _module_preset=&#8221;default&#8221; header_text_align=&#8221;center&#8221; header_text_color=&#8221;#0B497A&#8221; global_colors_info=&#8221;{}&#8221;]<\/p>\n<p>Le Challenge international de Montr\u00e9al rassemble plus de 160 \u00e9quipes venant des quatres coins de l\u2019Am\u00e9rique du Nord, faisant de cet \u00e9v\u00e9nement l&#8217;un des plus importants du continent. L\u2019\u00e9v\u00e9nement est organis\u00e9 en collaboration avec H2O Playground, sous la banni\u00e8re de Mission Dragon Boat.<\/p>\n<p>[\/et_pb_blurb][\/et_pb_column][\/et_pb_row][et_pb_row column_structure=&#8221;1_2,1_2&#8243; _builder_version=&#8221;4.27.4&#8243; _module_preset=&#8221;default&#8221; hover_enabled=&#8221;0&#8243; global_colors_info=&#8221;{}&#8221; sticky_enabled=&#8221;0&#8243;][et_pb_column type=&#8221;1_2&#8243; _builder_version=&#8221;4.27.4&#8243; _module_preset=&#8221;default&#8221; global_colors_info=&#8221;{}&#8221;][et_pb_blurb title=&#8221;Festival de bateau-dragon de Rawdon&#8221; url=&#8221;https:\/\/22dragonsrawdon.org\/&#8221; image=&#8221;https:\/\/22dragons.com\/wp-content\/uploads\/Coupe-du-Quebec-2024-post-5-15.jpg&#8221; _builder_version=&#8221;4.27.4&#8243; _module_preset=&#8221;default&#8221; header_text_align=&#8221;center&#8221; header_text_color=&#8221;#0B497A&#8221; global_colors_info=&#8221;{}&#8221;]<\/p>\n<p>Le festival de bateau-dragon de Rawdon propose des courses de 200 m et de 400 m sur les berges de la plage municipale de Rawdon. Ce festival est amusant et relaxant.<\/p>\n<p>[\/et_pb_blurb][\/et_pb_column][et_pb_column type=&#8221;1_2&#8243; _builder_version=&#8221;4.27.4&#8243; _module_preset=&#8221;default&#8221; global_colors_info=&#8221;{}&#8221;][et_pb_blurb title=&#8221;Coupe du Qu\u00e9bec&#8221; url=&#8221;https:\/\/www.missiondragonboat.com\/event\/coupe-du-quebec\/&#8221; image=&#8221;https:\/\/22dragons.com\/wp-content\/uploads\/Coupe-du-Quebec-2024-post-7-74.jpg&#8221; _builder_version=&#8221;4.27.4&#8243; _module_preset=&#8221;default&#8221; header_text_align=&#8221;center&#8221; header_text_color=&#8221;#0B497A&#8221; global_colors_info=&#8221;{}&#8221;]<\/p>\n<p>Pr\u00e9sent\u00e9e chaque ann\u00e9e \u00e0 la mi-septembre, la Coupe du Qu\u00e9bec est l\u2019\u00e9v\u00e9nement final de la saison de course \u00e0 Montr\u00e9al. La Coupe du Qu\u00e9bec propose des courses de 200 m, de 500 m (une \u00e9liminatoire et une finale) et la fameuse course de 2000 m avec sept virages! C\u2019est l\u2019occasion id\u00e9ale pour que tout le monde de la communaut\u00e9 de bateau-dragon de Montr\u00e9al se rencontre une derni\u00e8re fois avant l\u2019hiver.<\/p>\n<p>[\/et_pb_blurb][\/et_pb_column][\/et_pb_row][et_pb_row column_structure=&#8221;1_2,1_2&#8243; _builder_version=&#8221;4.27.4&#8243; _module_preset=&#8221;default&#8221; global_colors_info=&#8221;{}&#8221;][et_pb_column type=&#8221;1_2&#8243; _builder_version=&#8221;4.27.4&#8243; _module_preset=&#8221;default&#8221; global_colors_info=&#8221;{}&#8221;][et_pb_blurb title=&#8221;Championnats CanAm\u00e9ricain de bateau-dragon&#8221; url=&#8221;https:\/\/www.missiondragonboat.com\/event\/h2o-open\/&#8221; url_new_window=&#8221;on&#8221; image=&#8221;http:\/\/22dragons.com\/wp-content\/uploads\/460959578_1023813446420970_76082282093954176_n-e1740413922330.jpg&#8221; _builder_version=&#8221;4.27.4&#8243; _module_preset=&#8221;default&#8221; header_text_align=&#8221;center&#8221; header_text_color=&#8221;#0B497A&#8221; custom_padding=&#8221;||0px|||&#8221; global_colors_info=&#8221;{}&#8221;]<\/p>\n<p>Les Championnats CanAm\u00e9ricains arrivent \u00e0 Montr\u00e9al, pr\u00e9sent\u00e9 en collaboration avec Bateau-dragon Canada \u00a0(DBC) et la F\u00e9d\u00e9ration de bateau-drargon des \u00c9tats-Unis (USDBDF) ! Cet \u00e9v\u00e9nement est organis\u00e9 par Mission Dragon Boat au Bassin Olympique, accueillant des \u00e9quipes de l&#8217;Am\u00e9rique du Nord, mais sans s&#8217;y limiter ! Cet \u00e9v\u00e9nement se d\u00e9roule sur les distances de 200 m, 500 m et 2000 m.<\/p>\n<p>[\/et_pb_blurb][\/et_pb_column][et_pb_column type=&#8221;1_2&#8243; _builder_version=&#8221;4.27.4&#8243; _module_preset=&#8221;default&#8221; global_colors_info=&#8221;{}&#8221;][et_pb_blurb title=&#8221;H2O Open&#8221; url=&#8221;https:\/\/www.missiondragonboat.com\/event\/h2o-open\/&#8221; url_new_window=&#8221;on&#8221; image=&#8221;http:\/\/22dragons.com\/wp-content\/uploads\/Coupe-du-Quebec-2024-post-5-2-scaled-e1740074676842.jpg&#8221; _builder_version=&#8221;4.27.4&#8243; _module_preset=&#8221;default&#8221; header_text_align=&#8221;center&#8221; header_text_color=&#8221;#0B497A&#8221; global_colors_info=&#8221;{}&#8221;]<\/p>\n<p>Pr\u00e9sent\u00e9 par H2O Playground, notre partenaire de Mission Dragon Boat, le H2O Open est le premier \u00e9v\u00e9nement de course de bateaux-dragons de la saison \u00e0 Montr\u00e9al. Cet \u00e9v\u00e9nement comporte des courses de 200 m, de 500 m et de 2000 m.<\/p>\n<p>[\/et_pb_blurb][\/et_pb_column][\/et_pb_row][\/et_pb_section][et_pb_section fb_built=&#8221;1&#8243; _builder_version=&#8221;4.27.4&#8243; _module_preset=&#8221;default&#8221; locked=&#8221;off&#8221; global_colors_info=&#8221;{}&#8221;][et_pb_row column_structure=&#8221;1_2,1_2&#8243; _builder_version=&#8221;4.27.4&#8243; _module_preset=&#8221;default&#8221; global_colors_info=&#8221;{}&#8221;][et_pb_column type=&#8221;1_2&#8243; _builder_version=&#8221;4.27.4&#8243; _module_preset=&#8221;default&#8221; global_colors_info=&#8221;{}&#8221;][et_pb_text _builder_version=&#8221;4.27.4&#8243; _module_preset=&#8221;default&#8221; text_font_size=&#8221;17px&#8221; header_2_text_color=&#8221;#0094B8&#8243; header_2_font_size=&#8221;28px&#8221; custom_margin=&#8221;||-4px|||&#8221; global_colors_info=&#8221;{}&#8221;]<\/p>\n<h2>Get In Touch With Us<\/h2>\n<p><span class=\"et-pb-icon\" style=\"color: #0094b8; font-size: 17px; font-weight: 400 !important;\">\ue090<\/span> +1 514-509-1032<\/p>\n<p><span class=\"et-pb-icon\" style=\"color: #0094b8; font-size: 17px; font-weight: 400 !important;\">\ue076<\/span> <a href=\"mailto:info@22dragons.com\">info@22dragons.com<\/a>[\/et_pb_text][\/et_pb_column][et_pb_column type=&#8221;1_2&#8243; _builder_version=&#8221;4.27.4&#8243; _module_preset=&#8221;default&#8221; global_colors_info=&#8221;{}&#8221;][et_pb_contact_form use_spam_service=&#8221;on&#8221; recaptcha_list=&#8221;Default|Default-0&#8243; submit_button_text=&#8221;Submit&#8221; disabled_on=&#8221;on|on|on&#8221; _builder_version=&#8221;4.27.4&#8243; _module_preset=&#8221;default&#8221; _unique_id=&#8221;40e825f7-8daa-46a9-b6b1-9df639025fd3&#8243; custom_button=&#8221;on&#8221; button_text_color=&#8221;#FFFFFF&#8221; button_bg_color=&#8221;#0B497A&#8221; button_border_color=&#8221;RGBA(255,255,255,0)&#8221; button_border_radius=&#8221;66px&#8221; button_font=&#8221;||||||||&#8221; button_use_icon=&#8221;off&#8221; custom_padding=&#8221;4px||||false|false&#8221; disabled=&#8221;on&#8221; global_colors_info=&#8221;{}&#8221; button_border_color__hover_enabled=&#8221;on|hover&#8221; button_border_color__hover=&#8221;RGBA(255,255,255,0)&#8221;][et_pb_contact_field field_id=&#8221;Name&#8221; field_title=&#8221;Name&#8221; fullwidth_field=&#8221;on&#8221; _builder_version=&#8221;4.27.4&#8243; global_colors_info=&#8221;{}&#8221; button_text_size__hover_enabled=&#8221;off&#8221; button_one_text_size__hover_enabled=&#8221;off&#8221; button_two_text_size__hover_enabled=&#8221;off&#8221; button_text_color__hover_enabled=&#8221;off&#8221; button_one_text_color__hover_enabled=&#8221;off&#8221; button_two_text_color__hover_enabled=&#8221;off&#8221; button_border_width__hover_enabled=&#8221;off&#8221; button_one_border_width__hover_enabled=&#8221;off&#8221; button_two_border_width__hover_enabled=&#8221;off&#8221; button_border_color__hover_enabled=&#8221;off&#8221; button_one_border_color__hover_enabled=&#8221;off&#8221; button_two_border_color__hover_enabled=&#8221;off&#8221; button_border_radius__hover_enabled=&#8221;off&#8221; button_one_border_radius__hover_enabled=&#8221;off&#8221; button_two_border_radius__hover_enabled=&#8221;off&#8221; button_letter_spacing__hover_enabled=&#8221;off&#8221; button_one_letter_spacing__hover_enabled=&#8221;off&#8221; button_two_letter_spacing__hover_enabled=&#8221;off&#8221; button_bg_color__hover_enabled=&#8221;off&#8221; button_one_bg_color__hover_enabled=&#8221;off&#8221; button_two_bg_color__hover_enabled=&#8221;off&#8221;][\/et_pb_contact_field][et_pb_contact_field field_id=&#8221;Email&#8221; field_title=&#8221;Email Address&#8221; field_type=&#8221;email&#8221; fullwidth_field=&#8221;on&#8221; _builder_version=&#8221;4.27.4&#8243; global_colors_info=&#8221;{}&#8221; button_text_size__hover_enabled=&#8221;off&#8221; button_one_text_size__hover_enabled=&#8221;off&#8221; button_two_text_size__hover_enabled=&#8221;off&#8221; button_text_color__hover_enabled=&#8221;off&#8221; button_one_text_color__hover_enabled=&#8221;off&#8221; button_two_text_color__hover_enabled=&#8221;off&#8221; button_border_width__hover_enabled=&#8221;off&#8221; button_one_border_width__hover_enabled=&#8221;off&#8221; button_two_border_width__hover_enabled=&#8221;off&#8221; button_border_color__hover_enabled=&#8221;off&#8221; button_one_border_color__hover_enabled=&#8221;off&#8221; button_two_border_color__hover_enabled=&#8221;off&#8221; button_border_radius__hover_enabled=&#8221;off&#8221; button_one_border_radius__hover_enabled=&#8221;off&#8221; button_two_border_radius__hover_enabled=&#8221;off&#8221; button_letter_spacing__hover_enabled=&#8221;off&#8221; button_one_letter_spacing__hover_enabled=&#8221;off&#8221; button_two_letter_spacing__hover_enabled=&#8221;off&#8221; button_bg_color__hover_enabled=&#8221;off&#8221; button_one_bg_color__hover_enabled=&#8221;off&#8221; button_two_bg_color__hover_enabled=&#8221;off&#8221;][\/et_pb_contact_field][et_pb_contact_field field_id=&#8221;Message&#8221; field_title=&#8221;Message&#8221; field_type=&#8221;text&#8221; fullwidth_field=&#8221;on&#8221; _builder_version=&#8221;4.16&#8243; global_colors_info=&#8221;{}&#8221; button_text_size__hover_enabled=&#8221;off&#8221; button_one_text_size__hover_enabled=&#8221;off&#8221; button_two_text_size__hover_enabled=&#8221;off&#8221; button_text_color__hover_enabled=&#8221;off&#8221; button_one_text_color__hover_enabled=&#8221;off&#8221; button_two_text_color__hover_enabled=&#8221;off&#8221; button_border_width__hover_enabled=&#8221;off&#8221; button_one_border_width__hover_enabled=&#8221;off&#8221; button_two_border_width__hover_enabled=&#8221;off&#8221; button_border_color__hover_enabled=&#8221;off&#8221; button_one_border_color__hover_enabled=&#8221;off&#8221; button_two_border_color__hover_enabled=&#8221;off&#8221; button_border_radius__hover_enabled=&#8221;off&#8221; button_one_border_radius__hover_enabled=&#8221;off&#8221; button_two_border_radius__hover_enabled=&#8221;off&#8221; button_letter_spacing__hover_enabled=&#8221;off&#8221; button_one_letter_spacing__hover_enabled=&#8221;off&#8221; button_two_letter_spacing__hover_enabled=&#8221;off&#8221; button_bg_color__hover_enabled=&#8221;off&#8221; button_one_bg_color__hover_enabled=&#8221;off&#8221; button_two_bg_color__hover_enabled=&#8221;off&#8221;][\/et_pb_contact_field][\/et_pb_contact_form][\/et_pb_column][\/et_pb_row][\/et_pb_section]<\/p>\n","protected":false},"excerpt":{"rendered":"<p>22Dragons est fier d\u2019\u00eatre l\u2019h\u00f4te et l&#8217;organisateur de plusieurs des plus importants \u00e9v\u00e9nements de bateau-dragon \u00e0 Montr\u00e9al. Nous sommes l\u2019un des chefs de file au Canada dans le sport de [&hellip;]<\/p>\n","protected":false},"author":10,"featured_media":0,"parent":0,"menu_order":0,"comment_status":"closed","ping_status":"closed","template":"","meta":{"_et_pb_use_builder":"on","_et_pb_old_content":"","_et_gb_content_width":"","footnotes":""},"class_list":["post-50619","page","type-page","status-publish","hentry"],"aioseo_notices":[],"_links":{"self":[{"href":"https:\/\/22dragons.com\/fr\/wp-json\/wp\/v2\/pages\/50619","targetHints":{"allow":["GET"]}}],"collection":[{"href":"https:\/\/22dragons.com\/fr\/wp-json\/wp\/v2\/pages"}],"about":[{"href":"https:\/\/22dragons.com\/fr\/wp-json\/wp\/v2\/types\/page"}],"author":[{"embeddable":true,"href":"https:\/\/22dragons.com\/fr\/wp-json\/wp\/v2\/users\/10"}],"replies":[{"embeddable":true,"href":"https:\/\/22dragons.com\/fr\/wp-json\/wp\/v2\/comments?post=50619"}],"version-history":[{"count":9,"href":"https:\/\/22dragons.com\/fr\/wp-json\/wp\/v2\/pages\/50619\/revisions"}],"predecessor-version":[{"id":51945,"href":"https:\/\/22dragons.com\/fr\/wp-json\/wp\/v2\/pages\/50619\/revisions\/51945"}],"wp:attachment":[{"href":"https:\/\/22dragons.com\/fr\/wp-json\/wp\/v2\/media?parent=50619"}],"curies":[{"name":"wp","href":"https:\/\/api.w.org\/{rel}","templated":true}]}}