{"id":50639,"date":"2024-12-19T23:15:37","date_gmt":"2024-12-19T23:15:37","guid":{"rendered":"https:\/\/22dragons.com\/camps\/"},"modified":"2026-04-13T17:20:26","modified_gmt":"2026-04-13T21:20:26","slug":"camps-dentrainement","status":"publish","type":"page","link":"https:\/\/22dragons.com\/fr\/camps-dentrainement\/","title":{"rendered":"Camps d\u2019entra\u00eenement"},"content":{"rendered":"<p>[et_pb_section fb_built=&#8221;1&#8243; fullwidth=&#8221;on&#8221; _builder_version=&#8221;4.27.4&#8243; _module_preset=&#8221;default&#8221; locked=&#8221;off&#8221; global_colors_info=&#8221;{}&#8221;][et_pb_fullwidth_header title=&#8221;Camps&#8221; text_orientation=&#8221;center&#8221; _builder_version=&#8221;4.27.4&#8243; _module_preset=&#8221;default&#8221; title_font=&#8221;|600|||||||&#8221; title_font_size=&#8221;50px&#8221; subhead_font_size=&#8221;35px&#8221; background_enable_color=&#8221;off&#8221; use_background_color_gradient=&#8221;on&#8221; background_color_gradient_stops=&#8221;rgba(255,255,255,0) 25%|rgba(0,0,0,0.32) 100%&#8221; background_image=&#8221;https:\/\/22dragons.com\/wp-content\/uploads\/Nationals2024_22D-201-scaled.jpg&#8221; background_blend=&#8221;overlay&#8221; custom_padding=&#8221;150px||150px||true|false&#8221; title_text_shadow_style=&#8221;preset2&#8243; subhead_text_shadow_style=&#8221;preset2&#8243; global_colors_info=&#8221;{}&#8221;][\/et_pb_fullwidth_header][\/et_pb_section][et_pb_section fb_built=&#8221;1&#8243; disabled_on=&#8221;off|off|off&#8221; _builder_version=&#8221;4.27.4&#8243; _module_preset=&#8221;default&#8221; background_color=&#8221;#FFFFFF&#8221; locked=&#8221;off&#8221; global_colors_info=&#8221;{}&#8221;][et_pb_row module_id=&#8221;Myrtle&#8221; _builder_version=&#8221;4.27.4&#8243; _module_preset=&#8221;default&#8221; custom_padding=&#8221;||0px|||&#8221; global_colors_info=&#8221;{}&#8221;][et_pb_column type=&#8221;4_4&#8243; _builder_version=&#8221;4.27.4&#8243; _module_preset=&#8221;default&#8221; global_colors_info=&#8221;{}&#8221;][et_pb_text _builder_version=&#8221;4.27.4&#8243; _module_preset=&#8221;default&#8221; global_colors_info=&#8221;{}&#8221;]<\/p>\n<h2 style=\"text-align: center;\"><strong>Camp d\u2019entra\u00eenement \u00e0 Myrtle Beach<\/strong><\/h2>\n<p>[\/et_pb_text][\/et_pb_column][\/et_pb_row][et_pb_row _builder_version=&#8221;4.27.4&#8243; _module_preset=&#8221;default&#8221; custom_padding=&#8221;||0px|||&#8221; global_colors_info=&#8221;{}&#8221;][et_pb_column type=&#8221;4_4&#8243; _builder_version=&#8221;4.27.4&#8243; _module_preset=&#8221;default&#8221; global_colors_info=&#8221;{}&#8221;][et_pb_text _builder_version=&#8221;4.27.4&#8243; _module_preset=&#8221;default&#8221; global_colors_info=&#8221;{}&#8221;]<\/p>\n<h4>Bienvenue \u00e0 l&#8217;exp\u00e9rience de Camp de 22Dragons<\/h4>\n<p>Situ\u00e9 le long de l&#8217;<em>Intracoastal Waterway<\/em> \u00e0 Myrtle Beach, en Caroline du Sud, \u00e9galement connue sous le nom de <em>Grand Strand<\/em>, une magnifique \u00e9tendue de 100km de plages et de promenades, le camp d&#8217;entra\u00eenement de 22Dragons offre l&#8217;exp\u00e9rience ultime en entra\u00eenement de bateau-dragon.\u00a0<\/p>\n<p>Le camp est dirig\u00e9 par les entraineurs de classe mondiale Matthew Robert et Matthew Smith. Matthew Robert a \u00e9t\u00e9 l&#8217;un des entra\u00eeneur de l&#8217;\u00e9quipe canadienne de bateau-dragon Premier Open, l&#8217;un des fondateurs de 22Dragons et dirige annulement pr\u00e8s d&#8217;une cinquantaine d&#8217;\u00e9v\u00e9nements de bateau-dragon \u00e0 chaque ann\u00e9e en Am\u00e9rique du\u00a0 Nord. Matthew Smith est l&#8217;entra\u00eeneur en chef de 22Dragons et est encore l&#8217;un des entra\u00eeneurs de l&#8217;\u00e9quipe canadienne de bateau-dragon Premier et a r\u00e9cemment remport\u00e9 avec ses athl\u00e8tes sa troisi\u00e8me Coupe des Nations lors des Championnats du monde 2024 en Allemagne, \u00e9v\u00e9nement au cours duquel il a \u00e9galement \u00e9t\u00e9 intronis\u00e9 au Hall of Fame de l&#8217;IDBF<\/p>\n<p>Chaque journ\u00e9e du camp est construite autour des \u00e9l\u00e9ments cl\u00e9s de l\u2019entra\u00eenement de haut niveau : la technique, les strat\u00e9gies d\u2019entra\u00eenement, les tactiques de course, la physiologie, la psychologie et le travail d\u2019\u00e9quipe. Ce ne sont pas que des notions th\u00e9oriques : elles font partie int\u00e9grante du quotidien chez 22Dragons.<\/p>\n<p>Les pagayeurs peuvent s\u2019attendre \u00e0 deux s\u00e9ances d\u2019entra\u00eenement par jour, un encadrement personnalis\u00e9, des analyses vid\u00e9o d\u00e9taill\u00e9es et un environnement motivant et convivial. Que vous visiez les podiums ou un cheminement personnel, c\u2019est ici que la passion rencontre la performance \u2014 sur l\u2019eau comme sur la terre ferme.<\/p>\n<p>&nbsp;<\/p>\n<p>[\/et_pb_text][\/et_pb_column][\/et_pb_row][et_pb_row column_structure=&#8221;1_5,3_5,1_5&#8243; _builder_version=&#8221;4.27.4&#8243; _module_preset=&#8221;default&#8221; custom_margin=&#8221;||0px||false|false&#8221; custom_padding=&#8221;||0px||false|false&#8221; global_colors_info=&#8221;{}&#8221;][et_pb_column type=&#8221;1_5&#8243; _builder_version=&#8221;4.27.4&#8243; _module_preset=&#8221;default&#8221; global_colors_info=&#8221;{}&#8221;][et_pb_icon font_icon=&#8221;&#xe01d;||divi||400&#8243; icon_width=&#8221;30px&#8221; align=&#8221;right&#8221; disabled_on=&#8221;on|off|off&#8221; _builder_version=&#8221;4.27.4&#8243; _module_preset=&#8221;default&#8221; global_colors_info=&#8221;{}&#8221;][\/et_pb_icon][\/et_pb_column][et_pb_column type=&#8221;3_5&#8243; _builder_version=&#8221;4.27.4&#8243; _module_preset=&#8221;default&#8221; global_colors_info=&#8221;{}&#8221;][et_pb_text _builder_version=&#8221;4.27.4&#8243; _module_preset=&#8221;default&#8221; text_font_size=&#8221;16px&#8221; global_colors_info=&#8221;{}&#8221;]<\/p>\n<p><strong>POINT DE RENCONTRE POUR LES ENTRA\u00ceNEMENTS: <\/strong><\/p>\n<p><strong>Harbourgate Marina &amp; Resort <\/strong>(2100 Sea Mountain Hwy, North Myrtle Beach, SC)<\/p>\n<p>[\/et_pb_text][\/et_pb_column][et_pb_column type=&#8221;1_5&#8243; _builder_version=&#8221;4.27.4&#8243; _module_preset=&#8221;default&#8221; global_colors_info=&#8221;{}&#8221;][\/et_pb_column][\/et_pb_row][et_pb_row column_structure=&#8221;1_5,3_5,1_5&#8243; _builder_version=&#8221;4.27.4&#8243; _module_preset=&#8221;default&#8221; custom_margin=&#8221;||0px||false|false&#8221; custom_padding=&#8221;||0px||false|false&#8221; global_colors_info=&#8221;{}&#8221;][et_pb_column type=&#8221;1_5&#8243; _builder_version=&#8221;4.27.4&#8243; _module_preset=&#8221;default&#8221; global_colors_info=&#8221;{}&#8221;][et_pb_icon font_icon=&#8221;&#xe0ef;||divi||400&#8243; icon_width=&#8221;30px&#8221; align=&#8221;right&#8221; disabled_on=&#8221;on|off|off&#8221; _builder_version=&#8221;4.27.4&#8243; _module_preset=&#8221;default&#8221; global_colors_info=&#8221;{}&#8221;][\/et_pb_icon][\/et_pb_column][et_pb_column type=&#8221;3_5&#8243; _builder_version=&#8221;4.27.4&#8243; _module_preset=&#8221;default&#8221; global_colors_info=&#8221;{}&#8221;][et_pb_text _builder_version=&#8221;4.27.4&#8243; _module_preset=&#8221;default&#8221; text_font_size=&#8221;16px&#8221; global_colors_info=&#8221;{}&#8221;]<\/p>\n<p><strong>H\u00c9BERGEMENT RECOMMAND\u00c9: <a href=\"https:\/\/22dragons.com\/wp-content\/uploads\/Myrtle-Camp-2026-AVISTA-EN-1.pdf\">Avista Resort<\/a><\/strong><\/p>\n<p>[\/et_pb_text][\/et_pb_column][et_pb_column type=&#8221;1_5&#8243; _builder_version=&#8221;4.27.4&#8243; _module_preset=&#8221;default&#8221; global_colors_info=&#8221;{}&#8221;][\/et_pb_column][\/et_pb_row][et_pb_row column_structure=&#8221;1_3,1_3,1_3&#8243; _builder_version=&#8221;4.27.4&#8243; _module_preset=&#8221;default&#8221; global_colors_info=&#8221;{}&#8221;][et_pb_column type=&#8221;1_3&#8243; _builder_version=&#8221;4.27.4&#8243; _module_preset=&#8221;default&#8221; global_colors_info=&#8221;{}&#8221;][et_pb_text _builder_version=&#8221;4.27.4&#8243; _module_preset=&#8221;default&#8221; global_colors_info=&#8221;{}&#8221;]<\/p>\n<h3 style=\"text-align: center;\"><strong>SEMAINE 1<\/strong><\/h3>\n<h4 style=\"text-align: center;\"><span style=\"font-size: 15px;\">5 au 10 avril 2026<\/span><\/h4>\n<p style=\"text-align: center;\"><span style=\"font-size: 15px;\">Tarif pr\u00e9f\u00e9rentiel*: 460$<\/span><\/p>\n<p>[\/et_pb_text][\/et_pb_column][et_pb_column type=&#8221;1_3&#8243; _builder_version=&#8221;4.27.4&#8243; _module_preset=&#8221;default&#8221; global_colors_info=&#8221;{}&#8221;][et_pb_text _builder_version=&#8221;4.27.4&#8243; _module_preset=&#8221;default&#8221; global_colors_info=&#8221;{}&#8221;]<\/p>\n<h3 style=\"text-align: center;\"><strong>SEMAINE 2<\/strong><\/h3>\n<h4 style=\"text-align: center;\"><span style=\"font-size: 15px;\">12 au 17 avril 2026<\/span><\/h4>\n<p style=\"text-align: center;\"><span style=\"font-size: 15px;\">Tarif pr\u00e9f\u00e9rentiel*: 460$<\/span><\/p>\n<p>[\/et_pb_text][\/et_pb_column][et_pb_column type=&#8221;1_3&#8243; _builder_version=&#8221;4.27.4&#8243; _module_preset=&#8221;default&#8221; global_colors_info=&#8221;{}&#8221;][et_pb_text _builder_version=&#8221;4.27.4&#8243; _module_preset=&#8221;default&#8221; global_colors_info=&#8221;{}&#8221;]<\/p>\n<h3 style=\"text-align: center;\"><strong>SEMAINE 3<\/strong><\/h3>\n<h4 style=\"text-align: center;\"><span style=\"font-size: 15px;\">19 au 25 avril 2026<\/span><\/h4>\n<p style=\"text-align: center;\">Inclus une journ\u00e9e additionnel \u00e0 l&#8217;\u00e9v\u00e9nement local de bateau-dragon de Myrtle Beach<span style=\"font-size: 15px;\"><\/span><\/p>\n<p style=\"text-align: center;\"><strong><em>**Entra\u00eeneurs francophones disponibles**<\/em><\/strong><\/p>\n<p style=\"text-align: center;\"><span style=\"font-size: 15px;\">Tarif pr\u00e9f\u00e9rentiel*: 495$<\/span><\/p>\n<p>[\/et_pb_text][\/et_pb_column][\/et_pb_row][et_pb_row _builder_version=&#8221;4.27.4&#8243; _module_preset=&#8221;default&#8221; min_height=&#8221;218.3px&#8221; custom_margin=&#8221;||-47px||false|false&#8221; global_colors_info=&#8221;{}&#8221;][et_pb_column type=&#8221;4_4&#8243; _builder_version=&#8221;4.27.4&#8243; _module_preset=&#8221;default&#8221; global_colors_info=&#8221;{}&#8221;][et_pb_text _builder_version=&#8221;4.27.4&#8243; _module_preset=&#8221;default&#8221; custom_margin=&#8221;||-53px|||&#8221; global_colors_info=&#8221;{}&#8221;]<\/p>\n<h3><strong>MODALIT\u00c9S D&#8217;INSCRIPTION<\/strong><\/h3>\n<p>**<span>\ud83c\udde8\ud83c\udde6<strong>Les participants canadiens doivent OBLIGATOIREMENT contacter<\/strong><\/span><strong>\u00a0<a href=\"mailto:Lyne@22dragons.com\">lyne@22dragons.com<\/a> pour s&#8217;inscrire. Le site d&#8217;inscription en ligne est en dollars am\u00e9ricains. AUCUN REMBOURSEMENT pour les participants canadiens qui ne suivront pas cette consigne.**<\/strong><\/p>\n<p>Tarif pr\u00e9f\u00e9rentiel valide jusqu&#8217;au 31 d\u00e9cembre 2025. Les prix changeront au 1er janvier 2026.<\/p>\n<p>D\u00e9p\u00eachez-vous : seulement 4 bateaux disponibles par semaine ! Premier arriv\u00e9, premier servi.<\/p>\n<p>Il revient \u00e0 chaque participant de r\u00e9server son h\u00e9bergement, de souscrire \u00e0 une assurance-voyage et d&#8217;organiser son transport jusqu&#8217;au camp.<\/p>\n<p><span><strong>H\u00c9BERGEMENT RECOMMAND\u00c9:<\/strong> <a href=\"https:\/\/22dragons.com\/wp-content\/uploads\/Myrtle-Camp-2026-AVISTA-EN.pdf\" target=\"_blank\" rel=\"noopener\">Avista Resort\u00a0<\/a><\/span><\/p>\n<p>&nbsp;<\/p>\n<p>[\/et_pb_text][\/et_pb_column][\/et_pb_row][et_pb_row column_structure=&#8221;1_5,3_5,1_5&#8243; _builder_version=&#8221;4.27.4&#8243; _module_preset=&#8221;default&#8221; custom_margin=&#8221;||-30px||false|false&#8221; custom_padding=&#8221;||0px||false|false&#8221; global_colors_info=&#8221;{}&#8221;][et_pb_column type=&#8221;1_5&#8243; _builder_version=&#8221;4.27.4&#8243; _module_preset=&#8221;default&#8221; global_colors_info=&#8221;{}&#8221;][et_pb_icon font_icon=&#8221;&#x41;||divi||400&#8243; icon_width=&#8221;30px&#8221; align=&#8221;right&#8221; disabled_on=&#8221;on|off|off&#8221; _builder_version=&#8221;4.27.4&#8243; _module_preset=&#8221;default&#8221; global_colors_info=&#8221;{}&#8221;][\/et_pb_icon][\/et_pb_column][et_pb_column type=&#8221;3_5&#8243; _builder_version=&#8221;4.27.4&#8243; _module_preset=&#8221;default&#8221; global_colors_info=&#8221;{}&#8221;][et_pb_text _builder_version=&#8221;4.27.4&#8243; _module_preset=&#8221;default&#8221; text_font_size=&#8221;16px&#8221; global_colors_info=&#8221;{}&#8221;]<\/p>\n<p><strong>INSCRIPTION INDIVIDUELLE:<\/strong> <a href=\"https:\/\/events.humanitix.com\/host\/633edf72fd1229e7eca0541a\" target=\"_blank\" rel=\"noopener\" style=\"font-size: 15px;\">Inscription en ligne (Participants des \u00c9tats-Unis seulement)\u00a0<\/a><\/p>\n<p>[\/et_pb_text][\/et_pb_column][et_pb_column type=&#8221;1_5&#8243; _builder_version=&#8221;4.27.4&#8243; _module_preset=&#8221;default&#8221; global_colors_info=&#8221;{}&#8221;][\/et_pb_column][\/et_pb_row][et_pb_row column_structure=&#8221;1_5,3_5,1_5&#8243; _builder_version=&#8221;4.27.4&#8243; _module_preset=&#8221;default&#8221; global_colors_info=&#8221;{}&#8221;][et_pb_column type=&#8221;1_5&#8243; _builder_version=&#8221;4.27.4&#8243; _module_preset=&#8221;default&#8221; global_colors_info=&#8221;{}&#8221;][et_pb_icon font_icon=&#8221;&#x41;||divi||400&#8243; icon_width=&#8221;30px&#8221; align=&#8221;right&#8221; disabled_on=&#8221;on|off|off&#8221; _builder_version=&#8221;4.27.4&#8243; _module_preset=&#8221;default&#8221; global_colors_info=&#8221;{}&#8221;][\/et_pb_icon][\/et_pb_column][et_pb_column type=&#8221;3_5&#8243; _builder_version=&#8221;4.27.4&#8243; _module_preset=&#8221;default&#8221; global_colors_info=&#8221;{}&#8221;][et_pb_text _builder_version=&#8221;4.27.4&#8243; _module_preset=&#8221;default&#8221; text_font_size=&#8221;16px&#8221; global_colors_info=&#8221;{}&#8221;]<\/p>\n<p><strong>INSCRIPTION D&#8217;UNE \u00c9QUIPE:<\/strong> <a href=\"https:\/\/forms.gle\/NC9LK3gcxxJWZuYeA\" target=\"_blank\" rel=\"noopener\" style=\"font-size: 15px;\">R\u00e9servation en ligne<\/a><\/p>\n<p>[\/et_pb_text][\/et_pb_column][et_pb_column type=&#8221;1_5&#8243; _builder_version=&#8221;4.27.4&#8243; _module_preset=&#8221;default&#8221; global_colors_info=&#8221;{}&#8221;][\/et_pb_column][\/et_pb_row][\/et_pb_section][et_pb_section fb_built=&#8221;1&#8243; _builder_version=&#8221;4.27.4&#8243; _module_preset=&#8221;default&#8221; locked=&#8221;off&#8221; global_colors_info=&#8221;{}&#8221;][et_pb_row column_structure=&#8221;1_2,1_2&#8243; _builder_version=&#8221;4.27.4&#8243; _module_preset=&#8221;default&#8221; global_colors_info=&#8221;{}&#8221;][et_pb_column type=&#8221;1_2&#8243; _builder_version=&#8221;4.27.4&#8243; _module_preset=&#8221;default&#8221; global_colors_info=&#8221;{}&#8221;][et_pb_text _builder_version=&#8221;4.27.4&#8243; _module_preset=&#8221;default&#8221; text_font_size=&#8221;17px&#8221; header_2_text_color=&#8221;#0094B8&#8243; header_2_font_size=&#8221;28px&#8221; custom_margin=&#8221;||-4px|||&#8221; global_colors_info=&#8221;{}&#8221;]<\/p>\n<h2>Contactez nous<\/h2>\n<p><span class=\"et-pb-icon\" style=\"color: #0094b8; font-size: 17px; font-weight: 400 !important;\">\ue090<\/span> +1 514-509-1032<\/p>\n<p><span class=\"et-pb-icon\" style=\"color: #0094b8; font-size: 17px; font-weight: 400 !important;\">\ue076<\/span> <a href=\"mailto:info@22dragons.com\">info@22dragons.com<\/a><\/p>\n<p>[\/et_pb_text][\/et_pb_column][et_pb_column type=&#8221;1_2&#8243; _builder_version=&#8221;4.27.4&#8243; _module_preset=&#8221;default&#8221; global_colors_info=&#8221;{}&#8221;][et_pb_contact_form use_spam_service=&#8221;on&#8221; recaptcha_list=&#8221;Default|Default-0&#8243; submit_button_text=&#8221;Submit&#8221; disabled_on=&#8221;on|on|on&#8221; _builder_version=&#8221;4.27.4&#8243; _module_preset=&#8221;default&#8221; _unique_id=&#8221;40e825f7-8daa-46a9-b6b1-9df639025fd3&#8243; custom_button=&#8221;on&#8221; button_text_color=&#8221;#FFFFFF&#8221; button_bg_color=&#8221;#0B497A&#8221; button_border_color=&#8221;RGBA(255,255,255,0)&#8221; button_border_radius=&#8221;66px&#8221; button_font=&#8221;||||||||&#8221; button_use_icon=&#8221;off&#8221; custom_padding=&#8221;4px||||false|false&#8221; disabled=&#8221;on&#8221; global_colors_info=&#8221;{}&#8221; button_border_color__hover_enabled=&#8221;on|hover&#8221; button_border_color__hover=&#8221;RGBA(255,255,255,0)&#8221;][et_pb_contact_field field_id=&#8221;Name&#8221; field_title=&#8221;Name&#8221; fullwidth_field=&#8221;on&#8221; _builder_version=&#8221;4.27.4&#8243; global_colors_info=&#8221;{}&#8221; button_text_size__hover_enabled=&#8221;off&#8221; button_one_text_size__hover_enabled=&#8221;off&#8221; button_two_text_size__hover_enabled=&#8221;off&#8221; button_text_color__hover_enabled=&#8221;off&#8221; button_one_text_color__hover_enabled=&#8221;off&#8221; button_two_text_color__hover_enabled=&#8221;off&#8221; button_border_width__hover_enabled=&#8221;off&#8221; button_one_border_width__hover_enabled=&#8221;off&#8221; button_two_border_width__hover_enabled=&#8221;off&#8221; button_border_color__hover_enabled=&#8221;off&#8221; button_one_border_color__hover_enabled=&#8221;off&#8221; button_two_border_color__hover_enabled=&#8221;off&#8221; button_border_radius__hover_enabled=&#8221;off&#8221; button_one_border_radius__hover_enabled=&#8221;off&#8221; button_two_border_radius__hover_enabled=&#8221;off&#8221; button_letter_spacing__hover_enabled=&#8221;off&#8221; button_one_letter_spacing__hover_enabled=&#8221;off&#8221; button_two_letter_spacing__hover_enabled=&#8221;off&#8221; button_bg_color__hover_enabled=&#8221;off&#8221; button_one_bg_color__hover_enabled=&#8221;off&#8221; button_two_bg_color__hover_enabled=&#8221;off&#8221;][\/et_pb_contact_field][et_pb_contact_field field_id=&#8221;Email&#8221; field_title=&#8221;Email Address&#8221; field_type=&#8221;email&#8221; fullwidth_field=&#8221;on&#8221; _builder_version=&#8221;4.27.4&#8243; global_colors_info=&#8221;{}&#8221; button_text_size__hover_enabled=&#8221;off&#8221; button_one_text_size__hover_enabled=&#8221;off&#8221; button_two_text_size__hover_enabled=&#8221;off&#8221; button_text_color__hover_enabled=&#8221;off&#8221; button_one_text_color__hover_enabled=&#8221;off&#8221; button_two_text_color__hover_enabled=&#8221;off&#8221; button_border_width__hover_enabled=&#8221;off&#8221; button_one_border_width__hover_enabled=&#8221;off&#8221; button_two_border_width__hover_enabled=&#8221;off&#8221; button_border_color__hover_enabled=&#8221;off&#8221; button_one_border_color__hover_enabled=&#8221;off&#8221; button_two_border_color__hover_enabled=&#8221;off&#8221; button_border_radius__hover_enabled=&#8221;off&#8221; button_one_border_radius__hover_enabled=&#8221;off&#8221; button_two_border_radius__hover_enabled=&#8221;off&#8221; button_letter_spacing__hover_enabled=&#8221;off&#8221; button_one_letter_spacing__hover_enabled=&#8221;off&#8221; button_two_letter_spacing__hover_enabled=&#8221;off&#8221; button_bg_color__hover_enabled=&#8221;off&#8221; button_one_bg_color__hover_enabled=&#8221;off&#8221; button_two_bg_color__hover_enabled=&#8221;off&#8221;][\/et_pb_contact_field][et_pb_contact_field field_id=&#8221;Message&#8221; field_title=&#8221;Message&#8221; field_type=&#8221;text&#8221; fullwidth_field=&#8221;on&#8221; _builder_version=&#8221;4.16&#8243; global_colors_info=&#8221;{}&#8221; button_text_size__hover_enabled=&#8221;off&#8221; button_one_text_size__hover_enabled=&#8221;off&#8221; button_two_text_size__hover_enabled=&#8221;off&#8221; button_text_color__hover_enabled=&#8221;off&#8221; button_one_text_color__hover_enabled=&#8221;off&#8221; button_two_text_color__hover_enabled=&#8221;off&#8221; button_border_width__hover_enabled=&#8221;off&#8221; button_one_border_width__hover_enabled=&#8221;off&#8221; button_two_border_width__hover_enabled=&#8221;off&#8221; button_border_color__hover_enabled=&#8221;off&#8221; button_one_border_color__hover_enabled=&#8221;off&#8221; button_two_border_color__hover_enabled=&#8221;off&#8221; button_border_radius__hover_enabled=&#8221;off&#8221; button_one_border_radius__hover_enabled=&#8221;off&#8221; button_two_border_radius__hover_enabled=&#8221;off&#8221; button_letter_spacing__hover_enabled=&#8221;off&#8221; button_one_letter_spacing__hover_enabled=&#8221;off&#8221; button_two_letter_spacing__hover_enabled=&#8221;off&#8221; button_bg_color__hover_enabled=&#8221;off&#8221; button_one_bg_color__hover_enabled=&#8221;off&#8221; button_two_bg_color__hover_enabled=&#8221;off&#8221;][\/et_pb_contact_field][\/et_pb_contact_form][\/et_pb_column][\/et_pb_row][\/et_pb_section]<\/p>\n","protected":false},"excerpt":{"rendered":"<p>Camp d\u2019entra\u00eenement \u00e0 Myrtle BeachBienvenue \u00e0 l&#8217;exp\u00e9rience de Camp de 22Dragons Situ\u00e9 le long de l&#8217;Intracoastal Waterway \u00e0 Myrtle Beach, en Caroline du Sud, \u00e9galement connue sous le nom de [&hellip;]<\/p>\n","protected":false},"author":10,"featured_media":0,"parent":0,"menu_order":0,"comment_status":"closed","ping_status":"closed","template":"","meta":{"_et_pb_use_builder":"on","_et_pb_old_content":"","_et_gb_content_width":"","footnotes":""},"class_list":["post-50639","page","type-page","status-publish","hentry"],"aioseo_notices":[],"_links":{"self":[{"href":"https:\/\/22dragons.com\/fr\/wp-json\/wp\/v2\/pages\/50639","targetHints":{"allow":["GET"]}}],"collection":[{"href":"https:\/\/22dragons.com\/fr\/wp-json\/wp\/v2\/pages"}],"about":[{"href":"https:\/\/22dragons.com\/fr\/wp-json\/wp\/v2\/types\/page"}],"author":[{"embeddable":true,"href":"https:\/\/22dragons.com\/fr\/wp-json\/wp\/v2\/users\/10"}],"replies":[{"embeddable":true,"href":"https:\/\/22dragons.com\/fr\/wp-json\/wp\/v2\/comments?post=50639"}],"version-history":[{"count":23,"href":"https:\/\/22dragons.com\/fr\/wp-json\/wp\/v2\/pages\/50639\/revisions"}],"predecessor-version":[{"id":52099,"href":"https:\/\/22dragons.com\/fr\/wp-json\/wp\/v2\/pages\/50639\/revisions\/52099"}],"wp:attachment":[{"href":"https:\/\/22dragons.com\/fr\/wp-json\/wp\/v2\/media?parent=50639"}],"curies":[{"name":"wp","href":"https:\/\/api.w.org\/{rel}","templated":true}]}}