{"id":50676,"date":"2025-02-06T18:50:41","date_gmt":"2025-02-06T18:50:41","guid":{"rendered":"https:\/\/22dragons.com\/courses-certifications\/"},"modified":"2026-01-28T17:06:49","modified_gmt":"2026-01-28T22:06:49","slug":"cours-et-certifications","status":"publish","type":"page","link":"https:\/\/22dragons.com\/fr\/cours-et-certifications\/","title":{"rendered":"Cours et certifications"},"content":{"rendered":"<p>[et_pb_section fb_built=&#8221;1&#8243; fullwidth=&#8221;on&#8221; _builder_version=&#8221;4.27.4&#8243; _module_preset=&#8221;default&#8221; global_colors_info=&#8221;{}&#8221;][et_pb_fullwidth_header title=&#8221;Cours et certifications&#8221; text_orientation=&#8221;center&#8221; _builder_version=&#8221;4.27.4&#8243; _module_preset=&#8221;default&#8221; title_font=&#8221;|600|||||||&#8221; title_font_size=&#8221;50px&#8221; subhead_font_size=&#8221;35px&#8221; background_enable_color=&#8221;off&#8221; use_background_color_gradient=&#8221;on&#8221; background_color_gradient_stops=&#8221;rgba(255,255,255,0) 25%|rgba(0,0,0,0.32) 100%&#8221; background_image=&#8221;https:\/\/22dragons.com\/wp-content\/uploads\/6-post-Montreal-Challenge-2023-53.jpg&#8221; background_blend=&#8221;overlay&#8221; custom_padding=&#8221;150px||150px||true|false&#8221; title_text_shadow_style=&#8221;preset2&#8243; subhead_text_shadow_style=&#8221;preset2&#8243; global_colors_info=&#8221;{}&#8221;][\/et_pb_fullwidth_header][\/et_pb_section][et_pb_section fb_built=&#8221;1&#8243; _builder_version=&#8221;4.27.3&#8243; _module_preset=&#8221;default&#8221; custom_padding=&#8221;30px||30px||true|false&#8221; global_colors_info=&#8221;{}&#8221;][et_pb_row _builder_version=&#8221;4.27.3&#8243; _module_preset=&#8221;default&#8221; custom_padding=&#8221;||0px|||&#8221; global_colors_info=&#8221;{}&#8221; column_structure=&#8221;1_2,1_2&#8243;][et_pb_column type=&#8221;1_2&#8243; _builder_version=&#8221;4.27.3&#8243; _module_preset=&#8221;default&#8221; global_colors_info=&#8221;{}&#8221;][et_pb_text _builder_version=&#8221;4.27.4&#8243; _module_preset=&#8221;default&#8221; header_4_text_color=&#8221;#0B497A&#8221; text_orientation=&#8221;center&#8221; global_colors_info=&#8221;{}&#8221;]<\/p>\n<h4>22Dragons est fier d\u2019offrir plusieurs cours de Bateau-dragon Canada, pr\u00e9sent\u00e9s par Matt Robert!<\/h4>\n<p>Matt a grandi dans le monde du cano\u00eb-kayak, d&#8217;o\u00f9 il a d\u00e9couvert le bateau-dragon. Apr\u00e8s sa carri\u00e8re en cano\u00eb-kayak en 2003, il a cofond\u00e9 22Dragons. Il a obtenu son baccalaur\u00e9at en \u00e9ducation physique et \u00e0 la sant\u00e9 \u00e0 l&#8217;Universit\u00e9 McGill. Il \u00e9tait l&#8217;entra\u00eeneur en chef de l&#8217;\u00e9quipe nationale canadienne premier open en 2013, en 2015 et en 2017 finissant sur le podium \u00e0 plusieurs reprises. Il \u00e9tait l&#8217;entra\u00eeneur fondateur de l&#8217;\u00e9quipe s\u00e9nior femmes \u00e0 22Dragons, une \u00e9quipe qui a d\u00e9croch\u00e9 plusieurs m\u00e9dailles d&#8217;or aux championnats mondiaux de club sous sa direction.<\/p>\n<p>Comme officiel, il a commenc\u00e9 en 2003 et est maintenant l&#8217;officiel en chef \u00e0 plus de 40 festivals chaque ann\u00e9e.<\/p>\n<p>[\/et_pb_text][\/et_pb_column][et_pb_column _builder_version=&#8221;4.27.5&#8243; _module_preset=&#8221;default&#8221; type=&#8221;1_2&#8243;][et_pb_image src=&#8221;https:\/\/22dragons.com\/wp-content\/uploads\/post-3-Montreal-Challenge-2023-2.jpg&#8221; title_text=&#8221;post 3 Montre\u0301al Challenge 2023-2&#8243; _builder_version=&#8221;4.27.4&#8243; _module_preset=&#8221;default&#8221; global_colors_info=&#8221;{}&#8221;][\/et_pb_image][\/et_pb_column][\/et_pb_row][\/et_pb_section][et_pb_section fb_built=&#8221;1&#8243; _builder_version=&#8221;4.27.5&#8243; _module_preset=&#8221;default&#8221; hover_enabled=&#8221;0&#8243; global_colors_info=&#8221;{}&#8221; sticky_enabled=&#8221;0&#8243;][et_pb_row module_id=&#8221;Myrtle&#8221; _builder_version=&#8221;4.27.5&#8243; _module_preset=&#8221;default&#8221; custom_padding=&#8221;||0px|||&#8221; global_colors_info=&#8221;{}&#8221;][et_pb_column type=&#8221;4_4&#8243; _builder_version=&#8221;4.27.4&#8243; _module_preset=&#8221;default&#8221; global_colors_info=&#8221;{}&#8221;][et_pb_text _builder_version=&#8221;4.27.5&#8243; _module_preset=&#8221;default&#8221; hover_enabled=&#8221;0&#8243; global_colors_info=&#8221;{}&#8221; sticky_enabled=&#8221;0&#8243;]<\/p>\n<h2 style=\"text-align: left;\">Cours \u00e0 venir<\/h2>\n<p>[\/et_pb_text][et_pb_text _builder_version=&#8221;4.27.5&#8243; _module_preset=&#8221;default&#8221; hover_enabled=&#8221;0&#8243; global_colors_info=&#8221;{}&#8221; sticky_enabled=&#8221;0&#8243;]<\/p>\n<h2><strong>Instructeur<\/strong><\/h2>\n<p>Certification d&#8217;instructeur Bateau-dragon Canada. Ce cours de deux jours s&#8217;adresse \u00e0 toute personne int\u00e9ress\u00e9e par l&#8217;encadrement d&#8217;activit\u00e9s de coh\u00e9sion d&#8217;\u00e9quipe, d&#8217;\u00e9v\u00e9nements corporatives, de sorties scolaires, d&#8217;\u00e9v\u00e9nements de d\u00e9couverte du bateau-dragon et d&#8217;\u00e9v\u00e9nements de collecte de fonds. Les instructeurs font d\u00e9couvrir le bateau-dragon au grand public et sont souvent ceux qui donnent une premi\u00e8re impression du bateau-dragon aux futurs pagayeurs potentiels !<\/p>\n<p><strong>Ce que cela implique :<\/strong> Le cours d&#8217;instructeur vous apportera les connaissances et l&#8217;apprentissage pratique n\u00e9cessaires pour encadrer et diriger une activit\u00e9 d&#8217;initiation au bateau-dragon. Une fois que vous aurez suivi ce cours et pass\u00e9 toutes les \u00e9valuations et certifications requises, vous pourrez commencer \u00e0 travailler sur des \u00e9v\u00e9nements d&#8217;entreprise et \u00e0 diriger des \u00e9quipes locales !<\/p>\n<p>La certification d&#8217;instructeur de Dragon Boat Canada vous permet d&#8217;obtenir \u00e0 la fois un certificat de niveau instructeur et un certificat de barreur.<\/p>\n<p><strong>Dates :<\/strong> 9 et 10 mai 2026<\/p>\n<p>Le premier jour sera consacr\u00e9 aux parties th\u00e9oriques et pratiques du cours d&#8217;instructeur. Vous apprendrez comment animer une activit\u00e9 d&#8217;initiation au bateau-dragon et apprendrez \u00e9galement les consignes de s\u00e9curit\u00e9 et les r\u00e8gles pour barrer un bateau-dragon. Vous vous exercerez \u00e9galement \u00e0 diriger un groupe de pagayeurs d\u00e9butants \u00e0 l&#8217;aide de quelques simulations.<\/p>\n<p>Le deuxi\u00e8me jour sera consacr\u00e9 \u00e0 la partie pratique du cours de barreur. En d&#8217;autres termes, c&#8217;est la partie du cours o\u00f9 vous apprendrez \u00e0 diriger un bateau. Vous serez r\u00e9partis en petits groupes dans vos propres bateaux afin de pouvoir apprendre \u00e0 piloter \u00e0 tour de r\u00f4le avec un \u00e9valuateur certifi\u00e9 \u00e0 vos c\u00f4t\u00e9s.<\/p>\n<p><strong>Co\u00fbt :<\/strong> 250 $ plus taxes<\/p>\n<p><strong>Cours en pr\u00e9sentiel :<\/strong> Il s&#8217;agit d&#8217;un cours obligatoire en pr\u00e9sentiel, car il n\u00e9cessite un apprentissage pratique. La partie th\u00e9orique du cours sera faite au Canal Fitness (5524, rue Saint-Patrick, unit\u00e9 150) et la partie pratique au club 22Dragons (5527, rue Saint-Patrick).<\/p>\n<p><strong>Formateur :<\/strong> Le cours pour instructeurs sera anim\u00e9 par Eugene Sweetoo. Le cours de barreur sera anim\u00e9 par Dan Levine et Eugene Sweetoo.<\/p>\n<p>Eugene est barreur et entra\u00eeneur d&#8217;\u00e9quipes communautaires et comp\u00e9titif \u00e0 22Dragons depuis 2022. Il est actuellement l&#8217;entra\u00eeneur des Red Pandas, de The One, de Marianopolis Descendants of the Dragon et est l&#8217;un des entra\u00eeneurs du programme senior comp\u00e9titif de 22Dragons. Il a \u00e9galement annim\u00e9 et dirig\u00e9 d&#8217;innombrables journ\u00e9es d&#8217;entreprise, sorties scolaires et activit\u00e9s de collecte de fonds pour les bateaux-dragons depuis qu&#8217;il a commenc\u00e9 \u00e0 barrer.<\/p>\n<p>Dan est un entra\u00eeneur formateur de barreur de longue date. Il a plus de dix ans d&#8217;exp\u00e9rience dans la formation des barreurs. En fait, la plupart des barreurs de Montr\u00e9al ont \u00e9t\u00e9 form\u00e9s par lui !<\/p>\n<p><strong>Inscription :<\/strong> Envoyez un courriel \u00e0 club@22dragons.com.<\/p>\n<p><strong><\/strong><\/p>\n<p>[\/et_pb_text][et_pb_text _builder_version=&#8221;4.27.5&#8243; _module_preset=&#8221;default&#8221; hover_enabled=&#8221;0&#8243; global_colors_info=&#8221;{}&#8221; sticky_enabled=&#8221;0&#8243;]<\/p>\n<h2><strong>Certification Barreur<\/strong><\/h2>\n<p>Certification de barreur de Bateau-dragon Canada. Ce cours d&#8217;une journ\u00e9e s&#8217;adresse \u00e0 toute personne souhaitant apprendre \u00e0 barrer un bateau lors d&#8217;entra\u00eenements et de courses. Il s&#8217;adresse \u00e9galement \u00e0 ceux qui savent d\u00e9j\u00e0 barrer et qui ont besoin d&#8217;\u00eatre accr\u00e9dit\u00e9s. Il ne s&#8217;agit pas d&#8217;un cours d&#8217;entra\u00eeneur.<\/p>\n<p><strong>Ce que cela implique :<\/strong> le cours de barreur vous enseignera la th\u00e9orie du barreage, les consid\u00e9rations de s\u00e9curit\u00e9 et les r\u00e8gles \u00e0 respecter, et vous permettra d&#8217;acqu\u00e9rir une exp\u00e9rience pratique du barreage. L&#8217;apprentissage pratique et la mise en application se feront en petits groupes, avec un \u00e9valuateur certifi\u00e9 \u00e0 vos c\u00f4t\u00e9s.<\/p>\n<p><strong>Date :<\/strong> 10 mai 2026<\/p>\n<p><strong>Co\u00fbt :<\/strong> 155 $ plus taxes<\/p>\n<p><strong>Cours en pr\u00e9sentiel :<\/strong> Ce cours doit \u00eatre suivi en personne, car il n\u00e9cessite une formation pratique. La partie th\u00e9orique du cours sera dispens\u00e9e au Canal Fitness (5524, rue Saint-Patrick, unit\u00e9 150) et la partie pratique au club 22Dragons (5527, rue Saint-Patrick).<\/p>\n<p><strong>Formateurs :<\/strong> Dan Levine et Eugene Sweetoo.<\/p>\n<p><strong>Inscription :<\/strong> Envoyez un courriel \u00e0 club@22dragons.com.<\/p>\n<p><strong><\/strong><\/p>\n<p>[\/et_pb_text][et_pb_text _builder_version=&#8221;4.27.5&#8243; _module_preset=&#8221;default&#8221; hover_enabled=&#8221;0&#8243; global_colors_info=&#8221;{}&#8221; sticky_enabled=&#8221;0&#8243;]<\/p>\n<h2><strong>Premiers soins<\/strong><\/h2>\n<p>Le cours de secourisme d&#8217;urgence de niveau C de la Fondation des maladies du c\u0153ur et de l&#8217;AVC du Canada s&#8217;adresse \u00e0 ceux qui souhaitent acqu\u00e9rir les connaissances n\u00e9cessaires pour r\u00e9agir et prendre en charge des situations d&#8217;urgence n\u00e9cessitant des premiers soins. Un certificat de secourisme valide est exig\u00e9 pour toutes les personnes qui entra\u00eenent ou dirigent un bateau-dragon et constitue une condition pr\u00e9alable \u00e0 l&#8217;obtention de toutes les certifications de barreur et d&#8217;entra\u00eeneur de Dragon Boat Canada.<\/p>\n<p><strong>Ce que cela implique :<\/strong> Il s&#8217;agit d&#8217;une formation d&#8217;une journ\u00e9e aux premiers secours d&#8217;urgence. Le certificat de premiers secours est valable trois ans apr\u00e8s sa d\u00e9livrance.<\/p>\n<p><strong>Dates :<\/strong> 29 mars 2026<\/p>\n<p><strong>Co\u00fbt :<\/strong> variable en fonction du nombre d&#8217;inscriptions.<\/p>\n<p><strong>Pr\u00e9sence obligatoire :<\/strong> il s&#8217;agit d&#8217;un cours obligatoire en pr\u00e9sentiel, car il n\u00e9cessite un apprentissage pratique. Le cours sera dispens\u00e9 au Canal Fitness (5524, rue Saint-Patrick, unit\u00e9 150).<\/p>\n<p><strong>Inscription :<\/strong> envoyez un courriel \u00e0 <a href=\"mailto:Lyne@22dragons.com\">Lyne@22dragons.com<\/a>.<\/p>\n<p>[\/et_pb_text][\/et_pb_column][\/et_pb_row][et_pb_row _builder_version=&#8221;4.27.4&#8243; _module_preset=&#8221;default&#8221; global_colors_info=&#8221;{}&#8221;][et_pb_column type=&#8221;4_4&#8243; _builder_version=&#8221;4.27.4&#8243; _module_preset=&#8221;default&#8221; global_colors_info=&#8221;{}&#8221;][et_pb_divider _builder_version=&#8221;4.27.5&#8243; _module_preset=&#8221;default&#8221; hover_enabled=&#8221;0&#8243; sticky_enabled=&#8221;0&#8243;][\/et_pb_divider][et_pb_text _builder_version=&#8221;4.27.5&#8243; _module_preset=&#8221;default&#8221; hover_enabled=&#8221;0&#8243; global_colors_info=&#8221;{}&#8221; sticky_enabled=&#8221;0&#8243;]<\/p>\n<h2 style=\"text-align: left;\">Cours pass\u00e9s &#8211; Ces cours seront offert \u00e0 nouveau l&#8217;ann\u00e9e prochaine s&#8217;il y a de l&#8217;int\u00e9r\u00eat<\/h2>\n<p>[\/et_pb_text][et_pb_text _builder_version=&#8221;4.27.5&#8243; _module_preset=&#8221;default&#8221; hover_enabled=&#8221;0&#8243; global_colors_info=&#8221;{}&#8221; sticky_enabled=&#8221;0&#8243;]<\/p>\n<h2><strong>Entra\u00eeneur niveau 1<\/strong><\/h2>\n<p>Certification d\u2019entra\u00eeneur de niveau 1- Bateau-dragon Canada. Ce cours de deux jours s\u2019adresse \u00e0 toute personne int\u00e9ress\u00e9e \u00e0 entra\u00eener une \u00e9quipe de niveau amateur ou communautaire.<\/p>\n<p><strong>Dates:<\/strong> 15 et 16 novembre 2025<\/p>\n<p><strong>Co\u00fbt:<\/strong> 250$ plus taxes<\/p>\n<p><strong>Cours donn\u00e9 en personne:<\/strong> Contrairement \u00e0 ce qui a \u00e9t\u00e9 annonc\u00e9 plus t\u00f4t, ce cours sera donn\u00e9 en personne au Canal Fitness.<\/p>\n<p><strong>Inscription: <\/strong>Envoyez un courriel \u00e0 <a href=\"mailto:Lyne@22dragons.com\">Lyne@22dragons.com<\/a> ou utilisez les bouton ci-dessous.<\/p>\n<p><strong><\/strong><\/p>\n<p>[\/et_pb_text][et_pb_button button_url=&#8221;mailto:lyne@22dragons.com?subject=Entra%C3%AEneur%20niveau%201%20-%2015%20et%2016%20novembre&#8221; button_text=&#8221;Inscription entra\u00eeneur niveau 1&#8243; _builder_version=&#8221;4.27.4&#8243; _module_preset=&#8221;default&#8221; global_colors_info=&#8221;{}&#8221;][\/et_pb_button][et_pb_text _builder_version=&#8221;4.27.4&#8243; _module_preset=&#8221;default&#8221; global_colors_info=&#8221;{}&#8221;]<\/p>\n<h2><strong>Officiel niveau 1<\/strong><\/h2>\n<p>Certification d\u2019officiel de festivals de niveau 1- Bateau-dragon Canada. Ce cours d&#8217;un jour s\u2019adresse \u00e0 toute personne int\u00e9ress\u00e9e \u00e0 devenir un officiel \u00e0 un festival local our national. Une fois que vous aurez pris ce cours, vous pourrez \u00eatres un officiel pay\u00e9 \u00e0 des festivals locaux et appliquer \u00e0 travailler \u00e0 de plus gros festivals.<\/p>\n<p><strong>Dates:<\/strong> <span>\u00a0**NOUVELLE DATE** 25 janvier 2026<\/span><\/p>\n<p><strong>Co\u00fbt:<\/strong> 175$ plus taxes<\/p>\n<p><strong>Cours donn\u00e9 en personne:<\/strong> Contrairement \u00e0 ce qui a \u00e9t\u00e9 annonc\u00e9 plus t\u00f4t, ce cours sera donn\u00e9 en personne au Canal Fitness.<\/p>\n<p><strong>Inscription: <\/strong>Envoyez un courriel \u00e0 <a href=\"mailto:Lyne@22dragons.com\">Lyne@22dragons.com<\/a> ou utilisez les bouton ci-dessous.<\/p>\n<p>[\/et_pb_text][et_pb_button button_url=&#8221;mailto:lyne@22dragons.com?subject=Officiel%20niveau%201%20-%2023%20novembre&#8221; button_text=&#8221;Inscription officiel niveau 1&#8243; _builder_version=&#8221;4.27.4&#8243; _module_preset=&#8221;default&#8221; global_colors_info=&#8221;{}&#8221;][\/et_pb_button][et_pb_text _builder_version=&#8221;4.27.4&#8243; _module_preset=&#8221;default&#8221; global_colors_info=&#8221;{}&#8221;]<\/p>\n<h2><strong>Entra\u00eeneur niveau 2<\/strong><\/h2>\n<p>Certification d\u2019entra\u00eeneur de niveau 2 &#8211; Bateau-dragon Canada. Ce cours s\u2019adresse aux entra\u00eeneuses et entra\u00eeneurs certifi\u00e9s niveau 1 qui sont int\u00e9ress\u00e9s \u00e0 entra\u00eener des \u00e9quipes comp\u00e9titives.<\/p>\n<p><span style=\"text-decoration: underline;\">Pr\u00e9requis: Certification d\u2019entra\u00eeneur de niveau 1- Bateau-dragon Canada<\/span><\/p>\n<p><strong>Dates:<\/strong> 17 et 18 janvier 2026<\/p>\n<p><strong>Co\u00fbt:<\/strong> 275$ plus taxes<\/p>\n<p><strong>Cours donn\u00e9 en personne:<\/strong> Contrairement \u00e0 ce qui a \u00e9t\u00e9 annonc\u00e9 plus t\u00f4t, ce cours sera donn\u00e9 en personne au Canal Fitness.<\/p>\n<p><strong>Inscription: <\/strong>Envoyez un courriel \u00e0 <a href=\"mailto:Lyne@22dragons.com\">Lyne@22dragons.com<\/a> ou utilisez les bouton ci-dessous.<\/p>\n<p>[\/et_pb_text][et_pb_button button_url=&#8221;mailto:lyne@22dragons.com?subject=Entra%C3%AEneur%20niveau%202%20-%2017%20et%2018%20janvier&#8221; button_text=&#8221;Inscription entra\u00eeneur niveau 2&#8243; _builder_version=&#8221;4.27.4&#8243; _module_preset=&#8221;default&#8221; global_colors_info=&#8221;{}&#8221;][\/et_pb_button][\/et_pb_column][\/et_pb_row][\/et_pb_section][et_pb_section fb_built=&#8221;1&#8243; _builder_version=&#8221;4.27.4&#8243; _module_preset=&#8221;default&#8221; locked=&#8221;off&#8221; global_colors_info=&#8221;{}&#8221;][et_pb_row column_structure=&#8221;1_2,1_2&#8243; _builder_version=&#8221;4.27.4&#8243; _module_preset=&#8221;default&#8221; global_colors_info=&#8221;{}&#8221;][et_pb_column type=&#8221;1_2&#8243; _builder_version=&#8221;4.27.4&#8243; _module_preset=&#8221;default&#8221; global_colors_info=&#8221;{}&#8221;][et_pb_text _builder_version=&#8221;4.27.4&#8243; _module_preset=&#8221;default&#8221; text_font_size=&#8221;17px&#8221; header_2_text_color=&#8221;#0094B8&#8243; header_2_font_size=&#8221;28px&#8221; custom_margin=&#8221;||-4px|||&#8221; global_colors_info=&#8221;{}&#8221;]<\/p>\n<h2>Contactez nous<\/h2>\n<p><span class=\"et-pb-icon\" style=\"color: #0094b8; font-size: 17px; font-weight: 400 !important;\">\ue090<\/span> +1 514-509-1032<\/p>\n<p><span class=\"et-pb-icon\" style=\"color: #0094b8; font-size: 17px; font-weight: 400 !important;\">\ue076<\/span> <a href=\"mailto:info@22dragons.com\">info@22dragons.com<\/a><\/p>\n<p>[\/et_pb_text][\/et_pb_column][et_pb_column type=&#8221;1_2&#8243; _builder_version=&#8221;4.27.4&#8243; _module_preset=&#8221;default&#8221; global_colors_info=&#8221;{}&#8221;][et_pb_contact_form use_spam_service=&#8221;on&#8221; recaptcha_list=&#8221;Default|Default-0&#8243; submit_button_text=&#8221;Submit&#8221; _builder_version=&#8221;4.27.4&#8243; _module_preset=&#8221;default&#8221; _unique_id=&#8221;40e825f7-8daa-46a9-b6b1-9df639025fd3&#8243; custom_button=&#8221;on&#8221; button_text_color=&#8221;#FFFFFF&#8221; button_bg_color=&#8221;#0B497A&#8221; button_border_color=&#8221;RGBA(255,255,255,0)&#8221; button_border_radius=&#8221;66px&#8221; button_font=&#8221;||||||||&#8221; button_use_icon=&#8221;off&#8221; custom_padding=&#8221;4px||||false|false&#8221; global_colors_info=&#8221;{}&#8221; button_border_color__hover_enabled=&#8221;on|hover&#8221; button_border_color__hover=&#8221;RGBA(255,255,255,0)&#8221;][et_pb_contact_field field_id=&#8221;Name&#8221; field_title=&#8221;Name&#8221; fullwidth_field=&#8221;on&#8221; _builder_version=&#8221;4.27.4&#8243; global_colors_info=&#8221;{}&#8221; button_text_size__hover_enabled=&#8221;off&#8221; button_one_text_size__hover_enabled=&#8221;off&#8221; button_two_text_size__hover_enabled=&#8221;off&#8221; button_text_color__hover_enabled=&#8221;off&#8221; button_one_text_color__hover_enabled=&#8221;off&#8221; button_two_text_color__hover_enabled=&#8221;off&#8221; button_border_width__hover_enabled=&#8221;off&#8221; button_one_border_width__hover_enabled=&#8221;off&#8221; button_two_border_width__hover_enabled=&#8221;off&#8221; button_border_color__hover_enabled=&#8221;off&#8221; button_one_border_color__hover_enabled=&#8221;off&#8221; button_two_border_color__hover_enabled=&#8221;off&#8221; button_border_radius__hover_enabled=&#8221;off&#8221; button_one_border_radius__hover_enabled=&#8221;off&#8221; button_two_border_radius__hover_enabled=&#8221;off&#8221; button_letter_spacing__hover_enabled=&#8221;off&#8221; button_one_letter_spacing__hover_enabled=&#8221;off&#8221; button_two_letter_spacing__hover_enabled=&#8221;off&#8221; button_bg_color__hover_enabled=&#8221;off&#8221; button_one_bg_color__hover_enabled=&#8221;off&#8221; button_two_bg_color__hover_enabled=&#8221;off&#8221;][\/et_pb_contact_field][et_pb_contact_field field_id=&#8221;Email&#8221; field_title=&#8221;Email Address&#8221; field_type=&#8221;email&#8221; fullwidth_field=&#8221;on&#8221; _builder_version=&#8221;4.27.4&#8243; global_colors_info=&#8221;{}&#8221; button_text_size__hover_enabled=&#8221;off&#8221; button_one_text_size__hover_enabled=&#8221;off&#8221; button_two_text_size__hover_enabled=&#8221;off&#8221; button_text_color__hover_enabled=&#8221;off&#8221; button_one_text_color__hover_enabled=&#8221;off&#8221; button_two_text_color__hover_enabled=&#8221;off&#8221; button_border_width__hover_enabled=&#8221;off&#8221; button_one_border_width__hover_enabled=&#8221;off&#8221; button_two_border_width__hover_enabled=&#8221;off&#8221; button_border_color__hover_enabled=&#8221;off&#8221; button_one_border_color__hover_enabled=&#8221;off&#8221; button_two_border_color__hover_enabled=&#8221;off&#8221; button_border_radius__hover_enabled=&#8221;off&#8221; button_one_border_radius__hover_enabled=&#8221;off&#8221; button_two_border_radius__hover_enabled=&#8221;off&#8221; button_letter_spacing__hover_enabled=&#8221;off&#8221; button_one_letter_spacing__hover_enabled=&#8221;off&#8221; button_two_letter_spacing__hover_enabled=&#8221;off&#8221; button_bg_color__hover_enabled=&#8221;off&#8221; button_one_bg_color__hover_enabled=&#8221;off&#8221; button_two_bg_color__hover_enabled=&#8221;off&#8221;][\/et_pb_contact_field][et_pb_contact_field field_id=&#8221;Message&#8221; field_title=&#8221;Message&#8221; field_type=&#8221;text&#8221; fullwidth_field=&#8221;on&#8221; _builder_version=&#8221;4.16&#8243; global_colors_info=&#8221;{}&#8221; button_text_size__hover_enabled=&#8221;off&#8221; button_one_text_size__hover_enabled=&#8221;off&#8221; button_two_text_size__hover_enabled=&#8221;off&#8221; button_text_color__hover_enabled=&#8221;off&#8221; button_one_text_color__hover_enabled=&#8221;off&#8221; button_two_text_color__hover_enabled=&#8221;off&#8221; button_border_width__hover_enabled=&#8221;off&#8221; button_one_border_width__hover_enabled=&#8221;off&#8221; button_two_border_width__hover_enabled=&#8221;off&#8221; button_border_color__hover_enabled=&#8221;off&#8221; button_one_border_color__hover_enabled=&#8221;off&#8221; button_two_border_color__hover_enabled=&#8221;off&#8221; button_border_radius__hover_enabled=&#8221;off&#8221; button_one_border_radius__hover_enabled=&#8221;off&#8221; button_two_border_radius__hover_enabled=&#8221;off&#8221; button_letter_spacing__hover_enabled=&#8221;off&#8221; button_one_letter_spacing__hover_enabled=&#8221;off&#8221; button_two_letter_spacing__hover_enabled=&#8221;off&#8221; button_bg_color__hover_enabled=&#8221;off&#8221; button_one_bg_color__hover_enabled=&#8221;off&#8221; button_two_bg_color__hover_enabled=&#8221;off&#8221;][\/et_pb_contact_field][\/et_pb_contact_form][\/et_pb_column][\/et_pb_row][\/et_pb_section]<\/p>\n","protected":false},"excerpt":{"rendered":"<p>22Dragons est fier d\u2019offrir plusieurs cours de Bateau-dragon Canada, pr\u00e9sent\u00e9s par Matt Robert! Matt a grandi dans le monde du cano\u00eb-kayak, d&#8217;o\u00f9 il a d\u00e9couvert le bateau-dragon. Apr\u00e8s sa carri\u00e8re [&hellip;]<\/p>\n","protected":false},"author":10,"featured_media":0,"parent":0,"menu_order":0,"comment_status":"closed","ping_status":"closed","template":"","meta":{"_et_pb_use_builder":"on","_et_pb_old_content":"","_et_gb_content_width":"","footnotes":""},"class_list":["post-50676","page","type-page","status-publish","hentry"],"aioseo_notices":[],"_links":{"self":[{"href":"https:\/\/22dragons.com\/fr\/wp-json\/wp\/v2\/pages\/50676","targetHints":{"allow":["GET"]}}],"collection":[{"href":"https:\/\/22dragons.com\/fr\/wp-json\/wp\/v2\/pages"}],"about":[{"href":"https:\/\/22dragons.com\/fr\/wp-json\/wp\/v2\/types\/page"}],"author":[{"embeddable":true,"href":"https:\/\/22dragons.com\/fr\/wp-json\/wp\/v2\/users\/10"}],"replies":[{"embeddable":true,"href":"https:\/\/22dragons.com\/fr\/wp-json\/wp\/v2\/comments?post=50676"}],"version-history":[{"count":22,"href":"https:\/\/22dragons.com\/fr\/wp-json\/wp\/v2\/pages\/50676\/revisions"}],"predecessor-version":[{"id":51854,"href":"https:\/\/22dragons.com\/fr\/wp-json\/wp\/v2\/pages\/50676\/revisions\/51854"}],"wp:attachment":[{"href":"https:\/\/22dragons.com\/fr\/wp-json\/wp\/v2\/media?parent=50676"}],"curies":[{"name":"wp","href":"https:\/\/api.w.org\/{rel}","templated":true}]}}