{"id":50692,"date":"2024-12-19T23:23:17","date_gmt":"2024-12-19T23:23:17","guid":{"rendered":"https:\/\/22dragons.com\/about-us\/"},"modified":"2026-04-21T11:38:16","modified_gmt":"2026-04-21T15:38:16","slug":"a-propos","status":"publish","type":"page","link":"https:\/\/22dragons.com\/fr\/a-propos\/","title":{"rendered":"\u00c0 propos"},"content":{"rendered":"<p>[et_pb_section fb_built=&#8221;1&#8243; fullwidth=&#8221;on&#8221; _builder_version=&#8221;4.27.4&#8243; _module_preset=&#8221;default&#8221; global_colors_info=&#8221;{}&#8221;][et_pb_fullwidth_header title=&#8221;\u00c0 propos&#8221; text_orientation=&#8221;center&#8221; _builder_version=&#8221;4.27.4&#8243; _module_preset=&#8221;default&#8221; title_font=&#8221;|600|||||||&#8221; title_font_size=&#8221;50px&#8221; subhead_font_size=&#8221;35px&#8221; background_enable_color=&#8221;off&#8221; use_background_color_gradient=&#8221;on&#8221; background_color_gradient_stops=&#8221;rgba(255,255,255,0) 25%|rgba(0,0,0,0.32) 100%&#8221; background_image=&#8221;https:\/\/22dragons.com\/wp-content\/uploads\/DSCF6438-1-scaled.jpg&#8221; background_position=&#8221;top_center&#8221; background_vertical_offset=&#8221;32%&#8221; background_blend=&#8221;overlay&#8221; custom_padding=&#8221;150px||150px||true|false&#8221; title_text_shadow_style=&#8221;preset2&#8243; subhead_text_shadow_style=&#8221;preset2&#8243; global_colors_info=&#8221;{}&#8221;][\/et_pb_fullwidth_header][\/et_pb_section][et_pb_section fb_built=&#8221;1&#8243; _builder_version=&#8221;4.27.4&#8243; _module_preset=&#8221;default&#8221; background_color=&#8221;#0B497A&#8221; global_colors_info=&#8221;{}&#8221;][et_pb_row _builder_version=&#8221;4.27.4&#8243; _module_preset=&#8221;default&#8221; custom_padding=&#8221;||0px|||&#8221; global_colors_info=&#8221;{}&#8221;][et_pb_column type=&#8221;4_4&#8243; _builder_version=&#8221;4.27.4&#8243; _module_preset=&#8221;default&#8221; global_colors_info=&#8221;{}&#8221;][et_pb_text _builder_version=&#8221;4.27.4&#8243; _module_preset=&#8221;default&#8221; header_2_font=&#8221;|700|||||||&#8221; background_layout=&#8221;dark&#8221; global_colors_info=&#8221;{}&#8221;]<\/p>\n<h2>Notre \u00e9quipe<\/h2>\n<p>[\/et_pb_text][\/et_pb_column][\/et_pb_row][et_pb_row column_structure=&#8221;1_3,1_3,1_3&#8243; _builder_version=&#8221;4.27.4&#8243; _module_preset=&#8221;default&#8221; custom_padding=&#8221;0px|||||&#8221; global_colors_info=&#8221;{}&#8221;][et_pb_column type=&#8221;1_3&#8243; _builder_version=&#8221;4.27.4&#8243; _module_preset=&#8221;default&#8221; global_colors_info=&#8221;{}&#8221;][et_pb_blurb title=&#8221;Matt Smith&#8221; image=&#8221;http:\/\/22dragons.com\/wp-content\/uploads\/Matt-Smith.jpg&#8221; _builder_version=&#8221;4.27.4&#8243; _module_preset=&#8221;default&#8221; text_orientation=&#8221;center&#8221; background_layout=&#8221;dark&#8221; global_colors_info=&#8221;{}&#8221;]<\/p>\n<p><a href=\"mailto:matt.smith@22dragons.com\"><strong><span style=\"color: #ffffff;\">matt.smith@22dragons.com<\/span><\/strong><\/a><\/p>\n<p>[\/et_pb_blurb][\/et_pb_column][et_pb_column type=&#8221;1_3&#8243; _builder_version=&#8221;4.27.4&#8243; _module_preset=&#8221;default&#8221; global_colors_info=&#8221;{}&#8221;][et_pb_blurb title=&#8221;Lyne Larivi\u00e8re&#8221; image=&#8221;https:\/\/22dragons.com\/wp-content\/uploads\/lyne2025-scaled.jpg&#8221; _builder_version=&#8221;4.27.5&#8243; _module_preset=&#8221;default&#8221; text_orientation=&#8221;center&#8221; background_layout=&#8221;dark&#8221; global_colors_info=&#8221;{}&#8221;]<\/p>\n<p><a href=\"mailto:lyne@22dragons.com\"><span style=\"color: #ffffff;\"><strong>lyne@22dragons.com<\/strong><\/span><\/a><\/p>\n<p>[\/et_pb_blurb][\/et_pb_column][et_pb_column type=&#8221;1_3&#8243; _builder_version=&#8221;4.27.4&#8243; _module_preset=&#8221;default&#8221; global_colors_info=&#8221;{}&#8221;][et_pb_blurb title=&#8221;Matt Robert&#8221; image=&#8221;http:\/\/22dragons.com\/wp-content\/uploads\/Matt-Robert.jpg&#8221; _builder_version=&#8221;4.27.4&#8243; _module_preset=&#8221;default&#8221; text_orientation=&#8221;center&#8221; background_layout=&#8221;dark&#8221; global_colors_info=&#8221;{}&#8221;]<\/p>\n<p><a href=\"mailto:matt.robert@22dragons.com\"><strong><span style=\"color: #ffffff;\">matt.robert@22dragons.com<\/span><\/strong><\/a><\/p>\n<p>[\/et_pb_blurb][\/et_pb_column][\/et_pb_row][\/et_pb_section][et_pb_section fb_built=&#8221;1&#8243; _builder_version=&#8221;4.27.4&#8243; _module_preset=&#8221;default&#8221; locked=&#8221;off&#8221; global_colors_info=&#8221;{}&#8221;][et_pb_row _builder_version=&#8221;4.27.4&#8243; _module_preset=&#8221;default&#8221; custom_padding=&#8221;||2px|||&#8221; global_colors_info=&#8221;{}&#8221;][et_pb_column type=&#8221;4_4&#8243; _builder_version=&#8221;4.27.4&#8243; _module_preset=&#8221;default&#8221; global_colors_info=&#8221;{}&#8221;][et_pb_text _builder_version=&#8221;4.27.4&#8243; _module_preset=&#8221;default&#8221; text_text_color=&#8221;#0094B8&#8243; custom_margin=&#8221;||-1px|||&#8221; global_colors_info=&#8221;{}&#8221;]<\/p>\n<h1><span style=\"color: #0094b8;\">Contactez nous<\/span><\/h1>\n<p>[\/et_pb_text][\/et_pb_column][\/et_pb_row][et_pb_row column_structure=&#8221;1_4,1_4,1_4,1_4&#8243; _builder_version=&#8221;4.27.4&#8243; _module_preset=&#8221;default&#8221; global_colors_info=&#8221;{}&#8221;][et_pb_column type=&#8221;1_4&#8243; _builder_version=&#8221;4.27.4&#8243; _module_preset=&#8221;default&#8221; global_colors_info=&#8221;{}&#8221;][et_pb_text _builder_version=&#8221;4.27.4&#8243; _module_preset=&#8221;default&#8221; text_font_size=&#8221;17px&#8221; header_2_text_color=&#8221;#0094B8&#8243; header_2_font_size=&#8221;28px&#8221; custom_margin=&#8221;||-4px|||&#8221; global_colors_info=&#8221;{}&#8221;]<\/p>\n<p>Pour les activit\u00e9s de consolidation d&#8217;\u00e9quipe, contactez Lyne et Eugene<\/p>\n<p><span class=\"et-pb-icon\" style=\"color: #0094b8; font-size: 17px; font-weight: 400 !important;\">\ue090<\/span> <a href=\"tel:+1 514-509-1032\">+1 514-509-1032 ext 3<\/a><\/p>\n<p><span class=\"et-pb-icon\" style=\"color: #0094b8; font-size: 17px; font-weight: 400 !important;\">\ue076<\/span> \u00a0<a href=\"mailto:corpo@22dragons.com\"><span style=\"font-size: small;\">corpo@22dragons.com<\/span><\/a><a href=\"mailto:info@22dragons.com\"><\/a><\/p>\n<p>[\/et_pb_text][\/et_pb_column][et_pb_column type=&#8221;1_4&#8243; _builder_version=&#8221;4.27.4&#8243; _module_preset=&#8221;default&#8221; global_colors_info=&#8221;{}&#8221;][et_pb_text _builder_version=&#8221;4.27.4&#8243; _module_preset=&#8221;default&#8221; text_font_size=&#8221;17px&#8221; header_2_text_color=&#8221;#0094B8&#8243; header_2_font_size=&#8221;28px&#8221; custom_margin=&#8221;||-4px|||&#8221; global_colors_info=&#8221;{}&#8221;]<\/p>\n<p>Pour la production d&#8217;\u00e9v\u00e9nements, contactez Matt Robert<\/p>\n<p><span class=\"et-pb-icon\" style=\"color: #0094b8; font-size: 17px; font-weight: 400 !important;\">\ue090<\/span> <a href=\"tel:+1 514-509-1032\">+1 514-617-2285<\/a><\/p>\n<p><span class=\"et-pb-icon\" style=\"color: #0094b8; font-size: 17px; font-weight: 400 !important;\">\ue076<\/span> <a href=\"mailto:matt.robert@22dragons.com\"><span style=\"font-size: small;\">matt.robert@22dragons.com<\/span><\/a><\/p>\n<p>[\/et_pb_text][\/et_pb_column][et_pb_column type=&#8221;1_4&#8243; _builder_version=&#8221;4.27.4&#8243; _module_preset=&#8221;default&#8221; global_colors_info=&#8221;{}&#8221;][et_pb_text _builder_version=&#8221;4.27.4&#8243; _module_preset=&#8221;default&#8221; text_font_size=&#8221;17px&#8221; header_2_text_color=&#8221;#0094B8&#8243; header_2_font_size=&#8221;28px&#8221; custom_margin=&#8221;||-4px|||&#8221; global_colors_info=&#8221;{}&#8221;]<\/p>\n<p>Pour les programmes de bateau-dragon comp\u00e9titifs, contactez Matt Smith<\/p>\n<p><span class=\"et-pb-icon\" style=\"color: #0094b8; font-size: 17px; font-weight: 400 !important;\">\ue090<\/span> <a href=\"tel:+1 514-509-1032\">+1 <\/a><a href=\"tel:+1 514-509-1032\">514-617-2284<\/a><a href=\"tel:+1 514-509-1032\"><\/a><\/p>\n<p><span class=\"et-pb-icon\" style=\"color: #0094b8; font-size: 17px; font-weight: 400 !important;\">\ue076<\/span> <a href=\"mailto:matt.smith@22dragons.com\"><span style=\"font-size: small;\">matt.smith@22dragons.com<\/span><\/a><\/p>\n<p>[\/et_pb_text][\/et_pb_column][et_pb_column type=&#8221;1_4&#8243; _builder_version=&#8221;4.27.4&#8243; _module_preset=&#8221;default&#8221; global_colors_info=&#8221;{}&#8221;][et_pb_text _builder_version=&#8221;4.27.4&#8243; _module_preset=&#8221;default&#8221; text_font_size=&#8221;17px&#8221; header_2_text_color=&#8221;#0094B8&#8243; header_2_font_size=&#8221;28px&#8221; custom_margin=&#8221;||-4px|||&#8221; global_colors_info=&#8221;{}&#8221;]<\/p>\n<p>Pour les programmes de bateau-dragon d\u00e9butants et interm\u00e9diaires, contactez Eugene<\/p>\n<p><span class=\"et-pb-icon\" style=\"color: #0094b8; font-size: 17px; font-weight: 400 !important;\">\ue090<\/span> <a href=\"tel:+1 514-509-1032\">+1 514-509-1032 ext 2<\/a><\/p>\n<p><span class=\"et-pb-icon\" style=\"color: #0094b8; font-size: 17px; font-weight: 400 !important;\">\ue076<\/span> <a href=\"mailto:club@22dragons.com\"><span style=\"font-size: small;\">club@22dragons.com<\/span><\/a><\/p>\n<p>[\/et_pb_text][\/et_pb_column][\/et_pb_row][et_pb_row column_structure=&#8221;1_2,1_2&#8243; _builder_version=&#8221;4.27.4&#8243; _module_preset=&#8221;default&#8221; custom_padding=&#8221;2px|||||&#8221; global_colors_info=&#8221;{}&#8221;][et_pb_column type=&#8221;1_2&#8243; _builder_version=&#8221;4.27.4&#8243; _module_preset=&#8221;default&#8221; global_colors_info=&#8221;{}&#8221;][et_pb_text _builder_version=&#8221;4.27.4&#8243; _module_preset=&#8221;default&#8221; global_colors_info=&#8221;{}&#8221;]<\/p>\n<p>Pour toute question d&#8217;ordre g\u00e9n\u00e9ral<\/p>\n<p><span class=\"et-pb-icon\" style=\"color: #0094b8; font-size: 17px; font-weight: 400 !important;\">\ue090<\/span> <a href=\"tel:+1 514-509-1032\">+1 514-509-1032 ext 3<\/a><\/p>\n<p><span class=\"et-pb-icon\" style=\"color: #0094b8; font-size: 17px; font-weight: 400 !important;\">\ue076<\/span><span style=\"font-size: medium;\"> <a href=\"mailto:info@22dragons.com\">info@22dragons.com<\/a><\/span><\/p>\n<p>Retrouvez-nous au<\/p>\n<p>5524 Rue St-Patrick, #150, Montr\u00e9al, QC, H4E 1A8, CANADA<\/p>\n<p>[\/et_pb_text][\/et_pb_column][et_pb_column type=&#8221;1_2&#8243; _builder_version=&#8221;4.27.4&#8243; _module_preset=&#8221;default&#8221; global_colors_info=&#8221;{}&#8221;][et_pb_contact_form use_spam_service=&#8221;on&#8221; recaptcha_list=&#8221;Default|Default-0&#8243; email=&#8221;club@22dragons.com&#8221; custom_message=&#8221;New message from 22Dragons.com||et_pb_line_break_holder||Name: %%Name%%||et_pb_line_break_holder||Email: %%Email%%||et_pb_line_break_holder||Message: %%Message%%&#8221; success_message=&#8221;Success&#8221; submit_button_text=&#8221;Submit&#8221; disabled_on=&#8221;on|on|on&#8221; _builder_version=&#8221;4.27.4&#8243; _module_preset=&#8221;default&#8221; _unique_id=&#8221;40e825f7-8daa-46a9-b6b1-9df639025fd3&#8243; custom_button=&#8221;on&#8221; button_text_color=&#8221;#FFFFFF&#8221; button_bg_color=&#8221;#0094B8&#8243; button_border_color=&#8221;RGBA(255,255,255,0)&#8221; button_border_radius=&#8221;66px&#8221; button_font=&#8221;||||||||&#8221; button_use_icon=&#8221;off&#8221; custom_padding=&#8221;2px||||false|false&#8221; disabled=&#8221;on&#8221; global_colors_info=&#8221;{}&#8221; button_border_color__hover_enabled=&#8221;on|hover&#8221; button_border_color__hover=&#8221;RGBA(255,255,255,0)&#8221;][et_pb_contact_field field_id=&#8221;Name&#8221; field_title=&#8221;Name&#8221; fullwidth_field=&#8221;on&#8221; _builder_version=&#8221;4.27.4&#8243; global_colors_info=&#8221;{}&#8221; button_text_size__hover_enabled=&#8221;off&#8221; button_one_text_size__hover_enabled=&#8221;off&#8221; button_two_text_size__hover_enabled=&#8221;off&#8221; button_text_color__hover_enabled=&#8221;off&#8221; button_one_text_color__hover_enabled=&#8221;off&#8221; button_two_text_color__hover_enabled=&#8221;off&#8221; button_border_width__hover_enabled=&#8221;off&#8221; button_one_border_width__hover_enabled=&#8221;off&#8221; button_two_border_width__hover_enabled=&#8221;off&#8221; button_border_color__hover_enabled=&#8221;off&#8221; button_one_border_color__hover_enabled=&#8221;off&#8221; button_two_border_color__hover_enabled=&#8221;off&#8221; button_border_radius__hover_enabled=&#8221;off&#8221; button_one_border_radius__hover_enabled=&#8221;off&#8221; button_two_border_radius__hover_enabled=&#8221;off&#8221; button_letter_spacing__hover_enabled=&#8221;off&#8221; button_one_letter_spacing__hover_enabled=&#8221;off&#8221; button_two_letter_spacing__hover_enabled=&#8221;off&#8221; button_bg_color__hover_enabled=&#8221;off&#8221; button_one_bg_color__hover_enabled=&#8221;off&#8221; button_two_bg_color__hover_enabled=&#8221;off&#8221;][\/et_pb_contact_field][et_pb_contact_field field_id=&#8221;Email&#8221; field_title=&#8221;Email Address&#8221; field_type=&#8221;email&#8221; fullwidth_field=&#8221;on&#8221; _builder_version=&#8221;4.27.4&#8243; global_colors_info=&#8221;{}&#8221; button_text_size__hover_enabled=&#8221;off&#8221; button_one_text_size__hover_enabled=&#8221;off&#8221; button_two_text_size__hover_enabled=&#8221;off&#8221; button_text_color__hover_enabled=&#8221;off&#8221; button_one_text_color__hover_enabled=&#8221;off&#8221; button_two_text_color__hover_enabled=&#8221;off&#8221; button_border_width__hover_enabled=&#8221;off&#8221; button_one_border_width__hover_enabled=&#8221;off&#8221; button_two_border_width__hover_enabled=&#8221;off&#8221; button_border_color__hover_enabled=&#8221;off&#8221; button_one_border_color__hover_enabled=&#8221;off&#8221; button_two_border_color__hover_enabled=&#8221;off&#8221; button_border_radius__hover_enabled=&#8221;off&#8221; button_one_border_radius__hover_enabled=&#8221;off&#8221; button_two_border_radius__hover_enabled=&#8221;off&#8221; button_letter_spacing__hover_enabled=&#8221;off&#8221; button_one_letter_spacing__hover_enabled=&#8221;off&#8221; button_two_letter_spacing__hover_enabled=&#8221;off&#8221; button_bg_color__hover_enabled=&#8221;off&#8221; button_one_bg_color__hover_enabled=&#8221;off&#8221; button_two_bg_color__hover_enabled=&#8221;off&#8221;][\/et_pb_contact_field][et_pb_contact_field field_id=&#8221;Message&#8221; field_title=&#8221;Message&#8221; field_type=&#8221;text&#8221; fullwidth_field=&#8221;on&#8221; _builder_version=&#8221;4.27.4&#8243; global_colors_info=&#8221;{}&#8221; button_text_size__hover_enabled=&#8221;off&#8221; button_one_text_size__hover_enabled=&#8221;off&#8221; button_two_text_size__hover_enabled=&#8221;off&#8221; button_text_color__hover_enabled=&#8221;off&#8221; button_one_text_color__hover_enabled=&#8221;off&#8221; button_two_text_color__hover_enabled=&#8221;off&#8221; button_border_width__hover_enabled=&#8221;off&#8221; button_one_border_width__hover_enabled=&#8221;off&#8221; button_two_border_width__hover_enabled=&#8221;off&#8221; button_border_color__hover_enabled=&#8221;off&#8221; button_one_border_color__hover_enabled=&#8221;off&#8221; button_two_border_color__hover_enabled=&#8221;off&#8221; button_border_radius__hover_enabled=&#8221;off&#8221; button_one_border_radius__hover_enabled=&#8221;off&#8221; button_two_border_radius__hover_enabled=&#8221;off&#8221; button_letter_spacing__hover_enabled=&#8221;off&#8221; button_one_letter_spacing__hover_enabled=&#8221;off&#8221; button_two_letter_spacing__hover_enabled=&#8221;off&#8221; button_bg_color__hover_enabled=&#8221;off&#8221; button_one_bg_color__hover_enabled=&#8221;off&#8221; button_two_bg_color__hover_enabled=&#8221;off&#8221;][\/et_pb_contact_field][\/et_pb_contact_form][\/et_pb_column][\/et_pb_row][et_pb_row _builder_version=&#8221;4.27.4&#8243; _module_preset=&#8221;default&#8221; global_colors_info=&#8221;{}&#8221;][et_pb_column type=&#8221;4_4&#8243; _builder_version=&#8221;4.27.4&#8243; _module_preset=&#8221;default&#8221; global_colors_info=&#8221;{}&#8221;][et_pb_text _builder_version=&#8221;4.27.4&#8243; _module_preset=&#8221;default&#8221; global_colors_info=&#8221;{}&#8221;]<\/p>\n<p>22Dragons remercie Isabella Perelman et Duwood Photography pour avoir fourni les photos de cette page.<\/p>\n<p>[\/et_pb_text][\/et_pb_column][\/et_pb_row][\/et_pb_section][et_pb_section fb_built=&#8221;1&#8243; disabled_on=&#8221;on|on|on&#8221; _builder_version=&#8221;4.27.4&#8243; _module_preset=&#8221;default&#8221; background_enable_color=&#8221;off&#8221; disabled=&#8221;on&#8221; locked=&#8221;off&#8221; global_colors_info=&#8221;{}&#8221;][et_pb_row _builder_version=&#8221;4.27.4&#8243; _module_preset=&#8221;default&#8221; custom_padding=&#8221;||0px|||&#8221; global_colors_info=&#8221;{}&#8221;][et_pb_column type=&#8221;4_4&#8243; _builder_version=&#8221;4.27.4&#8243; _module_preset=&#8221;default&#8221; global_colors_info=&#8221;{}&#8221;][et_pb_text _builder_version=&#8221;4.27.4&#8243; _module_preset=&#8221;default&#8221; header_text_color=&#8221;#0094B8&#8243; header_2_font=&#8221;|600|||||||&#8221; header_2_text_align=&#8221;center&#8221; header_2_text_color=&#8221;#0094B8&#8243; global_colors_info=&#8221;{}&#8221;]<\/p>\n<h2>Club History<\/h2>\n<p>[\/et_pb_text][\/et_pb_column][\/et_pb_row][et_pb_row _builder_version=&#8221;4.27.4&#8243; _module_preset=&#8221;default&#8221; custom_padding=&#8221;0px|||||&#8221; global_colors_info=&#8221;{}&#8221;][et_pb_column type=&#8221;4_4&#8243; _builder_version=&#8221;4.27.4&#8243; _module_preset=&#8221;default&#8221; global_colors_info=&#8221;{}&#8221;][et_pb_text _builder_version=&#8221;4.27.4&#8243; _module_preset=&#8221;default&#8221; header_3_text_color=&#8221;#0094B8&#8243; global_colors_info=&#8221;{}&#8221;]<\/p>\n<p>22 Dragons was founded in 2003&#8230;<\/p>\n<p>&nbsp;<\/p>\n<h3>Brief history of Dragon boat<\/h3>\n<p>Lorem ipsum dolor sit amet, consectetur adipiscing elit. Nam sodales ex elit, ac tincidunt erat lacinia vitae. Sed iaculis efficitur nisi eu porttitor. Curabitur lectus eros, volutpat malesuada euismod in, fringilla non nibh. Nulla nec lacinia erat. Aliquam at consequat libero, sit amet posuere tellus. Integer turpis lorem, vestibulum placerat egestas nec, varius vel lacus. Curabitur condimentum cursus nibh vitae porttitor. Aenean in metus porttitor sapien placerat varius. Donec faucibus mattis urna ac condimentum. Pellentesque blandit erat et tincidunt iaculis. Integer lectus risus, lobortis non fermentum et, placerat quis magna. Quisque id neque in neque mattis pellentesque id ac mi. Phasellus euismod vel urna quis malesuada. Ut malesuada ut arcu id semper. Sed pretium vel lorem id ornare.<\/p>\n<p>&nbsp;<\/p>\n<h3>Dragon Boat in Canada<\/h3>\n<p>Fusce a mauris eget purus dictum posuere. Interdum et malesuada fames ac ante ipsum primis in faucibus. In hac habitasse platea dictumst. Sed vitae justo non lectus varius vulputate. Aliquam erat volutpat. Curabitur hendrerit augue sit amet auctor blandit. Proin varius velit vitae libero faucibus congue. Duis consequat arcu enim, et aliquet lacus condimentum vel. In suscipit ante ac eros bibendum ornare.<\/p>\n<p>&nbsp;<\/p>\n<h3>Club founding<\/h3>\n<p>Suspendisse posuere gravida efficitur. Phasellus nec tristique nisi, sit amet mollis leo. Cras vel lorem libero. Aliquam at libero ut ex faucibus tincidunt. Donec in velit ac metus ultrices ullamcorper consequat ut lacus. Cras quis accumsan nulla. Class aptent taciti sociosqu ad litora torquent per conubia nostra, per inceptos himenaeos. In auctor mollis mauris, sit amet convallis justo blandit non. Suspendisse eu nisl semper, faucibus ante at, interdum lacus. Integer consequat nisi tellus, quis cursus eros porttitor vitae. Integer placerat nunc dui, in pharetra nisi ullamcorper nec.<\/p>\n<p>Orci varius natoque penatibus et magnis dis parturient montes, nascetur ridiculus mus. Nullam ullamcorper pharetra metus, a elementum felis aliquam posuere. Nam sed ligula posuere turpis posuere ultrices. Pellentesque nec ligula dolor. Integer in purus at justo viverra dapibus et vitae ante. Maecenas auctor sem id ante accumsan, in fermentum ligula tincidunt. Etiam placerat congue vestibulum. Praesent quis velit et erat aliquam hendrerit eget in enim. Suspendisse ultricies dapibus turpis, eget iaculis ligula tincidunt ut. Maecenas auctor eget lacus sed commodo. Aenean ac auctor magna. In bibendum suscipit ex. Curabitur nunc ante, lacinia sit amet eros sit amet, tempus pulvinar urna. Vivamus varius gravida cursus.<\/p>\n<p>Suspendisse et nisi luctus, eleifend felis ac, commodo nisl. Nunc eu metus dignissim, semper augue in, viverra diam. Fusce dignissim risus et metus faucibus, nec ultricies nulla mollis. Ut id mollis neque. Integer ut tempus neque. Nam imperdiet nunc sed aliquet congue. Cras imperdiet non nulla et volutpat. Vivamus fringilla libero et arcu accumsan auctor. Vestibulum a lacus quis tortor volutpat tempus. Lorem ipsum dolor sit amet, consectetur adipiscing elit. Vivamus vel enim sapien. Nunc ut purus lacinia, imperdiet nisi nec, imperdiet nulla. Vestibulum bibendum odio quis nisl pharetra, quis viverra tellus sodales.<\/p>\n<p>&nbsp;<\/p>\n<p>[\/et_pb_text][\/et_pb_column][\/et_pb_row][\/et_pb_section]<\/p>\n","protected":false},"excerpt":{"rendered":"<p>Notre \u00e9quipematt.smith@22dragons.comlyne@22dragons.commatt.robert@22dragons.comContactez nousPour les activit\u00e9s de consolidation d&#8217;\u00e9quipe, contactez Lyne et Eugene \ue090 +1 514-509-1032 ext 3 \ue076 \u00a0corpo@22dragons.comPour la production d&#8217;\u00e9v\u00e9nements, contactez Matt Robert \ue090 +1 514-617-2285 \ue076 matt.robert@22dragons.comPour [&hellip;]<\/p>\n","protected":false},"author":10,"featured_media":0,"parent":0,"menu_order":0,"comment_status":"closed","ping_status":"closed","template":"","meta":{"_et_pb_use_builder":"on","_et_pb_old_content":"","_et_gb_content_width":"","footnotes":""},"class_list":["post-50692","page","type-page","status-publish","hentry"],"aioseo_notices":[],"_links":{"self":[{"href":"https:\/\/22dragons.com\/fr\/wp-json\/wp\/v2\/pages\/50692","targetHints":{"allow":["GET"]}}],"collection":[{"href":"https:\/\/22dragons.com\/fr\/wp-json\/wp\/v2\/pages"}],"about":[{"href":"https:\/\/22dragons.com\/fr\/wp-json\/wp\/v2\/types\/page"}],"author":[{"embeddable":true,"href":"https:\/\/22dragons.com\/fr\/wp-json\/wp\/v2\/users\/10"}],"replies":[{"embeddable":true,"href":"https:\/\/22dragons.com\/fr\/wp-json\/wp\/v2\/comments?post=50692"}],"version-history":[{"count":11,"href":"https:\/\/22dragons.com\/fr\/wp-json\/wp\/v2\/pages\/50692\/revisions"}],"predecessor-version":[{"id":52115,"href":"https:\/\/22dragons.com\/fr\/wp-json\/wp\/v2\/pages\/50692\/revisions\/52115"}],"wp:attachment":[{"href":"https:\/\/22dragons.com\/fr\/wp-json\/wp\/v2\/media?parent=50692"}],"curies":[{"name":"wp","href":"https:\/\/api.w.org\/{rel}","templated":true}]}}