{"id":50742,"date":"2024-12-19T23:17:49","date_gmt":"2024-12-19T23:17:49","guid":{"rendered":"https:\/\/22dragons.com\/programmes-competitifs\/24u-truegrit\/"},"modified":"2025-03-17T22:15:06","modified_gmt":"2025-03-17T22:15:06","slug":"24u-truegrit","status":"publish","type":"page","link":"https:\/\/22dragons.com\/fr\/programmes-competitifs\/24u-truegrit\/","title":{"rendered":"24U"},"content":{"rendered":"<p>[et_pb_section fb_built=&#8221;1&#8243; fullwidth=&#8221;on&#8221; _builder_version=&#8221;4.27.4&#8243; _module_preset=&#8221;default&#8221; global_colors_info=&#8221;{}&#8221;][et_pb_fullwidth_header title=&#8221;True Grit 24U-PS&#8221; text_orientation=&#8221;center&#8221; _builder_version=&#8221;4.27.4&#8243; _module_preset=&#8221;default&#8221; title_font=&#8221;|600|||||||&#8221; title_font_size=&#8221;50px&#8221; subhead_font_size=&#8221;35px&#8221; background_enable_color=&#8221;off&#8221; use_background_color_gradient=&#8221;on&#8221; background_color_gradient_stops=&#8221;rgba(255,255,255,0) 25%|rgba(0,0,0,0.32) 100%&#8221; background_image=&#8221;http:\/\/22dragons.com\/wp-content\/uploads\/Nationals_2024_22D_U24_Team_Photo-scaled.jpg&#8221; background_position=&#8221;bottom_center&#8221; background_vertical_offset=&#8221;37%&#8221; background_blend=&#8221;overlay&#8221; custom_padding=&#8221;150px||150px||true|false&#8221; title_text_shadow_style=&#8221;preset2&#8243; subhead_text_shadow_style=&#8221;preset2&#8243; global_colors_info=&#8221;{}&#8221;][\/et_pb_fullwidth_header][\/et_pb_section][et_pb_section fb_built=&#8221;1&#8243; _builder_version=&#8221;4.27.3&#8243; _module_preset=&#8221;default&#8221; custom_padding=&#8221;30px||30px||true|false&#8221; global_colors_info=&#8221;{}&#8221;][et_pb_row _builder_version=&#8221;4.27.3&#8243; _module_preset=&#8221;default&#8221; global_colors_info=&#8221;{}&#8221;][et_pb_column type=&#8221;4_4&#8243; _builder_version=&#8221;4.27.3&#8243; _module_preset=&#8221;default&#8221; global_colors_info=&#8221;{}&#8221;][et_pb_text _builder_version=&#8221;4.27.4&#8243; _module_preset=&#8221;default&#8221; header_4_text_color=&#8221;#0B497A&#8221; text_orientation=&#8221;center&#8221; custom_padding=&#8221;||1px|||&#8221; global_colors_info=&#8221;{}&#8221;]<\/p>\n<p>True Grit est l\u2019\u00e9quipe comp\u00e9titive de 22Dragons s\u2019adressant aux athl\u00e8tes \u00e2g\u00e9s de 24 ans ou moins. L\u2019\u00e9quipe a \u00e9t\u00e9 fond\u00e9e en 2012 par Michael Wu, Wendi Zhou et Andy Shih. Cette \u00e9quipe est compos\u00e9e majoritairement de pagayeurs et de pagayeuses des \u00e9quipes universitaires et coll\u00e9giales de 22Dragons: Descendants of the dragon, du Coll\u00e8ge Marianopolis; Dragon Boat Z, de l\u2019Universit\u00e9 McGill; le club sportif de bateau-dragon de l\u2019Universit\u00e9 de Montr\u00e9al; et le club de bateau-dragon de l\u2019Universit\u00e9 Concordia.<\/p>\n<p>[\/et_pb_text][\/et_pb_column][\/et_pb_row][et_pb_row column_structure=&#8221;1_2,1_2&#8243; _builder_version=&#8221;4.27.4&#8243; _module_preset=&#8221;default&#8221; global_colors_info=&#8221;{}&#8221;][et_pb_column type=&#8221;1_2&#8243; _builder_version=&#8221;4.27.4&#8243; _module_preset=&#8221;default&#8221; global_colors_info=&#8221;{}&#8221;][et_pb_text _builder_version=&#8221;4.27.4&#8243; _module_preset=&#8221;default&#8221; global_colors_info=&#8221;{}&#8221;]<\/p>\n<h3>About its creation<\/h3>\n<p class=\"p1\">Summer 2009<\/p>\n<p class=\"p1\">Canadian university racing is dominated by the Greater Toronto Area teams. The U23 National Team will only include 2 from Quebec. Michael Wu is convinced that whatever success has happened in Toronto can be replicated in Montreal. He starts planting the seeds in the paddlers he coaches that Montreal student racing can achieve the same heights.<\/p>\n<p class=\"p1\">Fall 2011<\/p>\n<p class=\"p1\">McGill University&#8217;s Dragon Boat Z has hit a new peak in performance since its inception in 2009. Many paddlers are graduating, but have enjoyed their growth and want to keep challenging themselves.<\/p>\n<p>&nbsp;<\/p>\n<p>[\/et_pb_text][\/et_pb_column][et_pb_column type=&#8221;1_2&#8243; _builder_version=&#8221;4.27.4&#8243; _module_preset=&#8221;default&#8221; global_colors_info=&#8221;{}&#8221;][et_pb_image src=&#8221;http:\/\/22dragons.com\/wp-content\/uploads\/img_2_1739487619429.jpg&#8221; title_text=&#8221;img_2_1739487619429&#8243; _builder_version=&#8221;4.27.4&#8243; _module_preset=&#8221;default&#8221; global_colors_info=&#8221;{}&#8221;][\/et_pb_image][\/et_pb_column][\/et_pb_row][et_pb_row column_structure=&#8221;1_2,1_2&#8243; _builder_version=&#8221;4.27.4&#8243; _module_preset=&#8221;default&#8221; custom_padding=&#8221;0px|||||&#8221; global_colors_info=&#8221;{}&#8221;][et_pb_column type=&#8221;1_2&#8243; _builder_version=&#8221;4.27.4&#8243; _module_preset=&#8221;default&#8221; global_colors_info=&#8221;{}&#8221;][et_pb_image src=&#8221;http:\/\/22dragons.com\/wp-content\/uploads\/img_1_1739487042548.jpg&#8221; title_text=&#8221;img_1_1739487042548&#8243; _builder_version=&#8221;4.27.4&#8243; _module_preset=&#8221;default&#8221; custom_padding=&#8221;||||false|false&#8221; global_colors_info=&#8221;{}&#8221;][\/et_pb_image][\/et_pb_column][et_pb_column type=&#8221;1_2&#8243; _builder_version=&#8221;4.27.4&#8243; _module_preset=&#8221;default&#8221; global_colors_info=&#8221;{}&#8221;][et_pb_text _builder_version=&#8221;4.27.4&#8243; _module_preset=&#8221;default&#8221; global_colors_info=&#8221;{}&#8221;]<\/p>\n<p class=\"p1\">At the same time, an opportunity was freed up to participate at CCWC 2012. We put our name in for the lottery, and the rest is history. Wendi Zhou, Andy Shih, Chris Wong and Michael Wu came together to form a team that would provide the highest caliber of racing to the young adult demographic, and True Grit was born.<\/p>\n<p class=\"p1\">Since then, True Grit will participate in 3 CCWC and medal every time. 31 paddlers will join the 24U National team. The entire club has benefited from the coaching they give back to their community.<\/p>\n<ul><\/ul>\n<p>[\/et_pb_text][\/et_pb_column][\/et_pb_row][et_pb_row column_structure=&#8221;1_2,1_2&#8243; _builder_version=&#8221;4.27.4&#8243; _module_preset=&#8221;default&#8221; global_colors_info=&#8221;{}&#8221;][et_pb_column type=&#8221;1_2&#8243; _builder_version=&#8221;4.27.4&#8243; _module_preset=&#8221;default&#8221; global_colors_info=&#8221;{}&#8221;][et_pb_text _builder_version=&#8221;4.27.4&#8243; _module_preset=&#8221;default&#8221; global_colors_info=&#8221;{}&#8221;]<\/p>\n<h3>2024 Season<\/h3>\n<p>True Grit competed at the CanAm Club Crew Championships in Welland, Ontario and at the Club Crew World Championships in Ravenna, Italy.<\/p>\n<p>&nbsp;<\/p>\n<p>In Welland, True Grit won Gold in the Mixed Category and Silver in both the Open and Women&#8217;s Categories.<\/p>\n<p>In Ravenna, True Grit won 1 Gold and 4 Silvers<\/p>\n<p>[\/et_pb_text][\/et_pb_column][et_pb_column type=&#8221;1_2&#8243; _builder_version=&#8221;4.27.4&#8243; _module_preset=&#8221;default&#8221; global_colors_info=&#8221;{}&#8221;][et_pb_image src=&#8221;http:\/\/22dragons.com\/wp-content\/uploads\/Nationals2024_22D_S1-9-scaled.jpg&#8221; title_text=&#8221;Nationals2024_22D_S1-9&#8243; _builder_version=&#8221;4.27.4&#8243; _module_preset=&#8221;default&#8221; global_colors_info=&#8221;{}&#8221;][\/et_pb_image][\/et_pb_column][\/et_pb_row][et_pb_row column_structure=&#8221;1_2,1_2&#8243; _builder_version=&#8221;4.27.4&#8243; _module_preset=&#8221;default&#8221; global_colors_info=&#8221;{}&#8221;][et_pb_column type=&#8221;1_2&#8243; _builder_version=&#8221;4.27.4&#8243; _module_preset=&#8221;default&#8221; global_colors_info=&#8221;{}&#8221;][et_pb_image src=&#8221;http:\/\/22dragons.com\/wp-content\/uploads\/PTV8051-scaled-e1740002084955.jpg&#8221; title_text=&#8221;_PTV8051&#8243; _builder_version=&#8221;4.27.4&#8243; _module_preset=&#8221;default&#8221; custom_padding=&#8221;||||false|false&#8221; global_colors_info=&#8221;{}&#8221;][\/et_pb_image][\/et_pb_column][et_pb_column type=&#8221;1_2&#8243; _builder_version=&#8221;4.27.4&#8243; _module_preset=&#8221;default&#8221; global_colors_info=&#8221;{}&#8221;][et_pb_text _builder_version=&#8221;4.27.4&#8243; _module_preset=&#8221;default&#8221; global_colors_info=&#8221;{}&#8221;]<\/p>\n<h3><strong>Accomplissements<\/strong><\/h3>\n<ul>\n<li>2023 Champions canadiens 24U<\/li>\n<li>2017 Champions canadiens 24U<\/li>\n<li>2012 Champions canadiens 23U<\/li>\n<\/ul>\n<p>[\/et_pb_text][\/et_pb_column][\/et_pb_row][\/et_pb_section][et_pb_section fb_built=&#8221;1&#8243; _builder_version=&#8221;4.27.4&#8243; _module_preset=&#8221;default&#8221; global_colors_info=&#8221;{}&#8221;][et_pb_row _builder_version=&#8221;4.27.4&#8243; _module_preset=&#8221;default&#8221; global_colors_info=&#8221;{}&#8221;][et_pb_column type=&#8221;4_4&#8243; _builder_version=&#8221;4.27.4&#8243; _module_preset=&#8221;default&#8221; global_colors_info=&#8221;{}&#8221;][et_pb_text _builder_version=&#8221;4.27.4&#8243; _module_preset=&#8221;default&#8221; global_colors_info=&#8221;{}&#8221;]<\/p>\n<h3><strong>School Teams<\/strong><\/h3>\n<p>22Dragons is home to many of Montreal\u2019s best student teams! These teams are affiliated with a post-secondary institution and are completely self-managed.<\/p>\n<ul>\n<li>Descendents of the Dragon &#8211; <strong>Marianopolis College<\/strong><\/li>\n<li>Dragon Boat Z &#8211; <strong>McGill University<\/strong><\/li>\n<li>Concordia Dragon Boat Club &#8211; <strong>Concordia University<\/strong><\/li>\n<li>Club de bateau-dragon de l&#8217;Universit\u00e9 de Montr\u00e9al &#8211; <strong>Universit\u00e9 de Montr\u00e9al<\/strong><\/li>\n<\/ul>\n<p>[\/et_pb_text][\/et_pb_column][\/et_pb_row][\/et_pb_section][et_pb_section fb_built=&#8221;1&#8243; _builder_version=&#8221;4.27.4&#8243; _module_preset=&#8221;default&#8221; global_colors_info=&#8221;{}&#8221;][et_pb_row disabled_on=&#8221;off|off|off&#8221; _builder_version=&#8221;4.27.4&#8243; _module_preset=&#8221;default&#8221; global_colors_info=&#8221;{}&#8221;][et_pb_column type=&#8221;4_4&#8243; _builder_version=&#8221;4.27.4&#8243; _module_preset=&#8221;default&#8221; global_colors_info=&#8221;{}&#8221;][et_pb_text _builder_version=&#8221;4.27.4&#8243; _module_preset=&#8221;default&#8221; global_colors_info=&#8221;{}&#8221;]<\/p>\n<h3><strong>True Grit&#8217;s Team History<\/strong><\/h3>\n<p>[\/et_pb_text][et_pb_accordion open_toggle_text_color=&#8221;#0094B8&#8243; open_toggle_background_color=&#8221;#FFFFFF&#8221; closed_toggle_text_color=&#8221;#FFFFFF&#8221; closed_toggle_background_color=&#8221;#0094B8&#8243; toggle_icon=&#8221;&#x3b;||divi||400&#8243; icon_color=&#8221;#FFFFFF&#8221; _builder_version=&#8221;4.27.4&#8243; _module_preset=&#8221;default&#8221; toggle_text_color=&#8221;#FFFFFF&#8221; toggle_font=&#8221;|600|||||||&#8221; closed_toggle_line_height=&#8221;0.8em&#8221; custom_margin=&#8221;||||false|false&#8221; custom_padding=&#8221;||||false|false&#8221; custom_css_toggle=&#8221;margin-bottom: 10px !important;&#8221; custom_css_open_toggle=&#8221;padding-bottom: 0px !important;&#8221; db_closeable=&#8221;on&#8221; global_colors_info=&#8221;{}&#8221;][et_pb_accordion_item title=&#8221;2024 &#8211; CanAm &#038; CCWC Ravenna&#8221; open=&#8221;on&#8221; _builder_version=&#8221;4.27.4&#8243; _module_preset=&#8221;default&#8221; custom_margin=&#8221;||10px||false|false&#8221; custom_padding=&#8221;||||false|false&#8221; global_colors_info=&#8221;{}&#8221;]<\/p>\n<p>In 2024, True Grit competed at the CanAm Club Crew Championships in Welland, Ontario and at the Club Crew World Championships in Ravenna, Italy. In Welland, their standard mixed boat earned the gold medal, their women&#8217;s boat earned the silver medal, and the open boat earned the silver medal, giving them a total ranking of second behind NDRC. In Ravenna, their small mixed boat were second on all three distances. Their small women&#8217;s boat were 2nd on the 200 m, 1st on the 500 m and were disqualified on the 2000 m. The small open boat ranked fourth in all distances.<\/p>\n<p><strong>Coaches:<\/strong><\/p>\n<ul>\n<li>Michael Wu<\/li>\n<li>Laurie-Anne Dancause<\/li>\n<li>Chris Wong<\/li>\n<\/ul>\n<p><strong>Captains:<\/strong><\/p>\n<ul>\n<li>Eugene Sweetoo<\/li>\n<li>Elizabeth Hua<\/li>\n<li>Hugo G\u00e9linas<\/li>\n<li>Isla Warner<\/li>\n<\/ul>\n<p>[\/et_pb_accordion_item][et_pb_accordion_item title=&#8221;2023 &#8211; National Division Champions&#8221; _builder_version=&#8221;4.27.4&#8243; _module_preset=&#8221;default&#8221; custom_margin=&#8221;||10px||false|false&#8221; global_colors_info=&#8221;{}&#8221; open=&#8221;off&#8221;]<\/p>\n<p>In 2023, True Grit competed at the Canadian National Championships in Welland. Their standard mixed boat received the gold medal, their women received the gold medal, and their open received the silver medal. True Grit ranked first place overall and earned the most competitive to date 24U-PS division championship banner.<\/p>\n<p><strong>Coaches:<\/strong><\/p>\n<ul>\n<li>Michael Wu<\/li>\n<li>Laurie-Anne Dancause<\/li>\n<li>Chris Wong<\/li>\n<\/ul>\n<p><strong>Captains:<\/strong><\/p>\n<ul>\n<li>Eugene Sweetoo<\/li>\n<li>Elizabeth Hua<\/li>\n<li>Anh Vu Pham<\/li>\n<li>Jenny He<\/li>\n<\/ul>\n<p>[\/et_pb_accordion_item][et_pb_accordion_item title=&#8221;2022 &#8211; Rebirth at Nationals Montreal&#8221; _builder_version=&#8221;4.27.4&#8243; _module_preset=&#8221;default&#8221; custom_margin=&#8221;||10px||false|false&#8221; global_colors_info=&#8221;{}&#8221; open=&#8221;off&#8221;]<\/p>\n<p>2022 marked the year the Canadian National Championships would resume after the Covid-19 pandemic. Held in Montr\u00e9al, Nationals were a revelation of the potential of the team that had rebuilt post-covid. Going in to the championships with a standard mixed boat only and unsure of what to expect from the rest of Canada, the team clinched the bronze medal.<\/p>\n<p><strong>Coaches:<\/strong><\/p>\n<ul>\n<li>Michael Wu<\/li>\n<li>Laurie-Anne Dancause<\/li>\n<\/ul>\n<p><strong>Captains:<\/strong><\/p>\n<ul>\n<li>Bernadette Ng<\/li>\n<li>Eugene Sweetoo<\/li>\n<li>Elizabeth Hua<\/li>\n<li>Julien Lemay<\/li>\n<\/ul>\n<p>[\/et_pb_accordion_item][et_pb_accordion_item title=&#8221;2021 &#8211; Post-Pandemic&#8221; _builder_version=&#8221;4.27.4&#8243; _module_preset=&#8221;default&#8221; custom_margin=&#8221;||10px||false|false&#8221; global_colors_info=&#8221;{}&#8221; open=&#8221;off&#8221;]<\/p>\n<p>2021 was the year that practices would resume for weeks at a time, between covid-19 contagion waves. Only outdoor practices were held when possible with half boat capacity, accounting for social distancing. Coming out of covid, the team had a handful of veteran paddlers and kicked off a new wave of recruitment. This is the year the True Grit fit test with a minimum standard was established.<\/p>\n<p><strong>Coaches:<\/strong><\/p>\n<ul>\n<li>Michael Wu<\/li>\n<li>Laurie-Anne Dancause<\/li>\n<\/ul>\n<p><strong>Captains:<\/strong><\/p>\n<ul>\n<li>Bernadette Ng<\/li>\n<li>Eugene Sweetoo<\/li>\n<li>Elizabeth Hua<\/li>\n<li>Julien Lemay<\/li>\n<\/ul>\n<ul><\/ul>\n<p>[\/et_pb_accordion_item][et_pb_accordion_item title=&#8221;2020 &#8211; Covid-19&#8243; _builder_version=&#8221;4.27.4&#8243; _module_preset=&#8221;default&#8221; custom_margin=&#8221;||10px||false|false&#8221; global_colors_info=&#8221;{}&#8221; open=&#8221;off&#8221;]<\/p>\n<p>As the team undergoes huge paddler turnover due to overaging and management change, the Covid-19 pandemic put a stop on all dragon boat activities. The team continues to work out together through Zoom workouts and fitness challenges.<\/p>\n<p>&nbsp;<\/p>\n<ul>\n<li>Bernadette Ng<\/li>\n<li>Andrew Anderson<\/li>\n<\/ul>\n<p>[\/et_pb_accordion_item][et_pb_accordion_item title=&#8221;2019 &#8211; Nationals Regina&#8221; _builder_version=&#8221;4.27.4&#8243; _module_preset=&#8221;default&#8221; global_colors_info=&#8221;{}&#8221; open=&#8221;off&#8221;]<\/p>\n<p>True Grit goes to Nationals in Regina where the mixed boat finished in fourth.<\/p>\n<p><strong>Coaches:<\/strong><\/p>\n<ul>\n<li>Michael Wu<\/li>\n<li>Laurie-Anne Dancause<\/li>\n<\/ul>\n<p>[\/et_pb_accordion_item][et_pb_accordion_item title=&#8221;2018&#8243; _builder_version=&#8221;4.27.4&#8243; _module_preset=&#8221;default&#8221; global_colors_info=&#8221;{}&#8221; open=&#8221;off&#8221;]<\/p>\n<p>True Grit returns to CCWC in Szeged, Hungary. Open and Women take home medals.<\/p>\n<p><strong>Coaches:<\/strong><\/p>\n<ul>\n<li>Michael Wu<\/li>\n<li>Laurie-Anne Dancause<\/li>\n<\/ul>\n<p><strong>Captains:<\/strong><\/p>\n<ul><\/ul>\n<p>[\/et_pb_accordion_item][et_pb_accordion_item title=&#8221;2017 &#8211; National Division Champions&#8221; _builder_version=&#8221;4.27.4&#8243; _module_preset=&#8221;default&#8221; global_colors_info=&#8221;{}&#8221; open=&#8221;off&#8221;]<\/p>\n<p>At the 2017 qualifying year Nationals, True Grit dominated, finishing in third in the open division and first in the mixed and the women division. True Grit finished in first overall, taking home the title of National Division Champions. In the coming years, this is the year that is looked back to as the peak.<\/p>\n<p><strong>Coaches:<\/strong><\/p>\n<ul>\n<li>Michael Wu<\/li>\n<li>Laurie-Anne Dancause<\/li>\n<\/ul>\n<ul><\/ul>\n<p>[\/et_pb_accordion_item][et_pb_accordion_item title=&#8221;2016 &#8211; Return to Nationals&#8221; _builder_version=&#8221;4.27.4&#8243; _module_preset=&#8221;default&#8221; global_colors_info=&#8221;{}&#8221; open=&#8221;off&#8221;]<\/p>\n<p>Laurie-Anne Dancause takes over as women&#8217;s boat coach. The women dominated the community division at the Lachine Knockout and decide that it&#8217;s time to graduate to the sport division. For the first time in three years, True Grit returns to Nationals where they podium in all three divisions, but never finish first.<\/p>\n<p><strong>Coaches:<\/strong><\/p>\n<ul>\n<li>Michael Wu<\/li>\n<li>Laurie-Anne Dancause<\/li>\n<\/ul>\n<p>[\/et_pb_accordion_item][et_pb_accordion_item title=&#8221;2015 &#8211; Creation of the Women&#8217;s Boat&#8221; _builder_version=&#8221;4.27.4&#8243; _module_preset=&#8221;default&#8221; global_colors_info=&#8221;{}&#8221; open=&#8221;off&#8221;]<\/p>\n<p>The year following the creation of the open boat, the women&#8217;s boat is created. With the creation of the women&#8217;s boat comes a new coach, Katherine Messina. The open boat finished second overall at the Quebec Cup with the <a href=\"https:\/\/www.youtube.com\/watch?v=1hfH7OB3DBI\">&#8220;naked race&#8221;<\/a>. The women finish 12th overall in the community division at the Quebec Cup.<\/p>\n<p><strong>Coaches:<\/strong><\/p>\n<ul>\n<li>Michael Wu<\/li>\n<li>Katherine Messina<\/li>\n<\/ul>\n<p>[\/et_pb_accordion_item][et_pb_accordion_item title=&#8221;2014 &#8211; Creation of the Open Boat&#8221; _builder_version=&#8221;4.27.4&#8243; _module_preset=&#8221;default&#8221; global_colors_info=&#8221;{}&#8221; open=&#8221;off&#8221;]<\/p>\n<p>In 2014, the team has grown enough that a standard open boat was created and raced. The mixed boat finished first in the E final at the Montreal Challenge. The Open boat finished third overall at the Quebec Cup.<\/p>\n<p><strong>Coaches:<\/strong><\/p>\n<ul>\n<li>Michael Wu<\/li>\n<\/ul>\n<p>[\/et_pb_accordion_item][et_pb_accordion_item title=&#8221;2013&#8243; _builder_version=&#8221;4.27.4&#8243; _module_preset=&#8221;default&#8221; global_colors_info=&#8221;{}&#8221; open=&#8221;off&#8221;]<\/p>\n<p>True Grit heads to Victoria, BC for their second Nationals where the mixed boat finished last (5th) and a makeshift open boat composed of men and women finished last (3rd).<\/p>\n<p><strong>Coaches:<\/strong><\/p>\n<ul>\n<li>Michael Wu<\/li>\n<\/ul>\n<ul><\/ul>\n<p>[\/et_pb_accordion_item][et_pb_accordion_item title=&#8221;2012 &#8211; True Grit is Born&#8221; _builder_version=&#8221;4.27.4&#8243; _module_preset=&#8221;default&#8221; global_colors_info=&#8221;{}&#8221; open=&#8221;off&#8221;]<\/p>\n<p>An opportunity was freed up to participate at CCWC 2012. We put our name in for the lottery, and True Grit was born. Wendi Zhou, Andy Shih, Chris Wong and Michael Wu came together to form a team that would provide the highest caliber of racing to the young adult demographic, and True Grit was born. In its beginnings, True Grit was composed of only a mixed team. They will race at CCWC Hong Kong where they earned the bronze medal in the 2000 m, finished fourth on the 500 m, and fourth on the 200 m. They also sent a small boat open which finished fourth in the 500 m and earned the bronze medal in the 200 m.<\/p>\n<p>They also race at their first national on home turf, earning the title of Division Champions.<\/p>\n<p><strong>Coaches:<\/strong><\/p>\n<ul>\n<li>Michael Wu<\/li>\n<\/ul>\n<p>[\/et_pb_accordion_item][\/et_pb_accordion][\/et_pb_column][\/et_pb_row][\/et_pb_section]<\/p>\n","protected":false},"excerpt":{"rendered":"<p>True Grit est l\u2019\u00e9quipe comp\u00e9titive de 22Dragons s\u2019adressant aux athl\u00e8tes \u00e2g\u00e9s de 24 ans ou moins. L\u2019\u00e9quipe a \u00e9t\u00e9 fond\u00e9e en 2012 par Michael Wu, Wendi Zhou et Andy Shih. [&hellip;]<\/p>\n","protected":false},"author":10,"featured_media":0,"parent":50599,"menu_order":0,"comment_status":"closed","ping_status":"closed","template":"","meta":{"_et_pb_use_builder":"on","_et_pb_old_content":"","_et_gb_content_width":"","footnotes":""},"class_list":["post-50742","page","type-page","status-publish","hentry"],"aioseo_notices":[],"_links":{"self":[{"href":"https:\/\/22dragons.com\/fr\/wp-json\/wp\/v2\/pages\/50742","targetHints":{"allow":["GET"]}}],"collection":[{"href":"https:\/\/22dragons.com\/fr\/wp-json\/wp\/v2\/pages"}],"about":[{"href":"https:\/\/22dragons.com\/fr\/wp-json\/wp\/v2\/types\/page"}],"author":[{"embeddable":true,"href":"https:\/\/22dragons.com\/fr\/wp-json\/wp\/v2\/users\/10"}],"replies":[{"embeddable":true,"href":"https:\/\/22dragons.com\/fr\/wp-json\/wp\/v2\/comments?post=50742"}],"version-history":[{"count":4,"href":"https:\/\/22dragons.com\/fr\/wp-json\/wp\/v2\/pages\/50742\/revisions"}],"predecessor-version":[{"id":50847,"href":"https:\/\/22dragons.com\/fr\/wp-json\/wp\/v2\/pages\/50742\/revisions\/50847"}],"up":[{"embeddable":true,"href":"https:\/\/22dragons.com\/fr\/wp-json\/wp\/v2\/pages\/50599"}],"wp:attachment":[{"href":"https:\/\/22dragons.com\/fr\/wp-json\/wp\/v2\/media?parent=50742"}],"curies":[{"name":"wp","href":"https:\/\/api.w.org\/{rel}","templated":true}]}}