{"id":50753,"date":"2024-12-19T23:22:10","date_gmt":"2024-12-19T23:22:10","guid":{"rendered":"https:\/\/22dragons.com\/programmes-competitifs\/u18\/"},"modified":"2025-03-17T22:14:08","modified_gmt":"2025-03-17T22:14:08","slug":"u18","status":"publish","type":"page","link":"https:\/\/22dragons.com\/fr\/programmes-competitifs\/u18\/","title":{"rendered":"U18"},"content":{"rendered":"<p>[et_pb_section fb_built=&#8221;1&#8243; fullwidth=&#8221;on&#8221; _builder_version=&#8221;4.27.4&#8243; _module_preset=&#8221;default&#8221; global_colors_info=&#8221;{}&#8221;][et_pb_fullwidth_header title=&#8221;18U Juniors&#8221; text_orientation=&#8221;center&#8221; _builder_version=&#8221;4.27.4&#8243; _module_preset=&#8221;default&#8221; title_font=&#8221;|600|||||||&#8221; title_font_size=&#8221;50px&#8221; subhead_font_size=&#8221;35px&#8221; background_enable_color=&#8221;off&#8221; use_background_color_gradient=&#8221;on&#8221; background_color_gradient_stops=&#8221;rgba(255,255,255,0) 25%|rgba(0,0,0,0.32) 100%&#8221; background_image=&#8221;https:\/\/22dragons.com\/wp-content\/uploads\/NAT2023-73-scaled.jpg&#8221; background_position=&#8221;top_center&#8221; background_vertical_offset=&#8221;37%&#8221; background_blend=&#8221;overlay&#8221; custom_padding=&#8221;151px||151px||true|false&#8221; title_text_shadow_style=&#8221;preset2&#8243; subhead_text_shadow_style=&#8221;preset2&#8243; global_colors_info=&#8221;{}&#8221;][\/et_pb_fullwidth_header][\/et_pb_section][et_pb_section fb_built=&#8221;1&#8243; _builder_version=&#8221;4.27.3&#8243; _module_preset=&#8221;default&#8221; custom_padding=&#8221;30px||30px||true|false&#8221; global_colors_info=&#8221;{}&#8221;][et_pb_row _builder_version=&#8221;4.27.3&#8243; _module_preset=&#8221;default&#8221; global_colors_info=&#8221;{}&#8221;][et_pb_column type=&#8221;4_4&#8243; _builder_version=&#8221;4.27.3&#8243; _module_preset=&#8221;default&#8221; global_colors_info=&#8221;{}&#8221;][et_pb_text _builder_version=&#8221;4.27.4&#8243; _module_preset=&#8221;default&#8221; header_4_text_color=&#8221;#0B497A&#8221; text_orientation=&#8221;center&#8221; custom_padding=&#8221;||1px|||&#8221; global_colors_info=&#8221;{}&#8221;]<\/p>\n<p>Le programme junior s\u2019adresse aux athl\u00e8tes \u00e2g\u00e9s de 18 ans et moins. Ce programme a \u00e9t\u00e9 mis sur pied en 2021 avec l\u2019aide de Wenjun Mo.<\/p>\n<p>[\/et_pb_text][\/et_pb_column][\/et_pb_row][et_pb_row column_structure=&#8221;3_5,2_5&#8243; _builder_version=&#8221;4.27.4&#8243; _module_preset=&#8221;default&#8221; global_colors_info=&#8221;{}&#8221;][et_pb_column type=&#8221;3_5&#8243; _builder_version=&#8221;4.27.4&#8243; _module_preset=&#8221;default&#8221; global_colors_info=&#8221;{}&#8221;][et_pb_text _builder_version=&#8221;4.27.4&#8243; _module_preset=&#8221;default&#8221; global_colors_info=&#8221;{}&#8221;]<\/p>\n<h3>Saison 202<\/h3>\n<p>Our 22Dragons Juniors competed at the Club Crew World Championships in Ravenna, Italy.<\/p>\n<p>&nbsp;<\/p>\n<p>&nbsp;<\/p>\n<p>[\/et_pb_text][\/et_pb_column][et_pb_column type=&#8221;2_5&#8243; _builder_version=&#8221;4.27.4&#8243; _module_preset=&#8221;default&#8221; global_colors_info=&#8221;{}&#8221;][et_pb_image src=&#8221;data:image\/svg+xml;base64,PHN2ZyB3aWR0aD0iMTA4MCIgaGVpZ2h0PSI1NDAiIHZpZXdCb3g9IjAgMCAxMDgwIDU0MCIgeG1sbnM9Imh0dHA6Ly93d3cudzMub3JnLzIwMDAvc3ZnIj4KICAgIDxnIGZpbGw9Im5vbmUiIGZpbGwtcnVsZT0iZXZlbm9kZCI+CiAgICAgICAgPHBhdGggZmlsbD0iI0VCRUJFQiIgZD0iTTAgMGgxMDgwdjU0MEgweiIvPgogICAgICAgIDxwYXRoIGQ9Ik00NDUuNjQ5IDU0MGgtOTguOTk1TDE0NC42NDkgMzM3Ljk5NSAwIDQ4Mi42NDR2LTk4Ljk5NWwxMTYuMzY1LTExNi4zNjVjMTUuNjItMTUuNjIgNDAuOTQ3LTE1LjYyIDU2LjU2OCAwTDQ0NS42NSA1NDB6IiBmaWxsLW9wYWNpdHk9Ii4xIiBmaWxsPSIjMDAwIiBmaWxsLXJ1bGU9Im5vbnplcm8iLz4KICAgICAgICA8Y2lyY2xlIGZpbGwtb3BhY2l0eT0iLjA1IiBmaWxsPSIjMDAwIiBjeD0iMzMxIiBjeT0iMTQ4IiByPSI3MCIvPgogICAgICAgIDxwYXRoIGQ9Ik0xMDgwIDM3OXYxMTMuMTM3TDcyOC4xNjIgMTQwLjMgMzI4LjQ2MiA1NDBIMjE1LjMyNEw2OTkuODc4IDU1LjQ0NmMxNS42Mi0xNS42MiA0MC45NDgtMTUuNjIgNTYuNTY4IDBMMTA4MCAzNzl6IiBmaWxsLW9wYWNpdHk9Ii4yIiBmaWxsPSIjMDAwIiBmaWxsLXJ1bGU9Im5vbnplcm8iLz4KICAgIDwvZz4KPC9zdmc+Cg==&#8221; _builder_version=&#8221;4.27.4&#8243; _module_preset=&#8221;default&#8221; global_colors_info=&#8221;{}&#8221;][\/et_pb_image][\/et_pb_column][\/et_pb_row][et_pb_row column_structure=&#8221;1_2,1_2&#8243; _builder_version=&#8221;4.27.4&#8243; _module_preset=&#8221;default&#8221; global_colors_info=&#8221;{}&#8221;][et_pb_column type=&#8221;1_2&#8243; _builder_version=&#8221;4.27.4&#8243; _module_preset=&#8221;default&#8221; global_colors_info=&#8221;{}&#8221;][et_pb_image src=&#8221;https:\/\/22dragons.com\/wp-content\/uploads\/NAT2023-73-scaled.jpg&#8221; title_text=&#8221;NAT2023-73&#8243; _builder_version=&#8221;4.27.4&#8243; _module_preset=&#8221;default&#8221; global_colors_info=&#8221;{}&#8221;][\/et_pb_image][\/et_pb_column][et_pb_column type=&#8221;1_2&#8243; _builder_version=&#8221;4.27.4&#8243; _module_preset=&#8221;default&#8221; global_colors_info=&#8221;{}&#8221;][et_pb_text _builder_version=&#8221;4.27.4&#8243; _module_preset=&#8221;default&#8221; global_colors_info=&#8221;{}&#8221;]<\/p>\n<h3><strong>Accomplissements <\/strong><\/h3>\n<ul>\n<li>2023 Champions canadiens Junior<\/li>\n<\/ul>\n<p>[\/et_pb_text][\/et_pb_column][\/et_pb_row][\/et_pb_section][et_pb_section fb_built=&#8221;1&#8243; _builder_version=&#8221;4.27.4&#8243; _module_preset=&#8221;default&#8221; global_colors_info=&#8221;{}&#8221;][et_pb_row _builder_version=&#8221;4.27.4&#8243; _module_preset=&#8221;default&#8221; global_colors_info=&#8221;{}&#8221;][et_pb_column type=&#8221;4_4&#8243; _builder_version=&#8221;4.27.4&#8243; _module_preset=&#8221;default&#8221; global_colors_info=&#8221;{}&#8221;][et_pb_text _builder_version=&#8221;4.27.4&#8243; _module_preset=&#8221;default&#8221; global_colors_info=&#8221;{}&#8221;]<\/p>\n<h3><strong>Team History<\/strong><\/h3>\n<p>[\/et_pb_text][et_pb_toggle title=&#8221;2024, CCWC&#8221; open_toggle_text_color=&#8221;#0094B8&#8243; closed_toggle_background_color=&#8221;#0094B8&#8243; icon_color=&#8221;#FFFFFF&#8221; toggle_icon=&#8221;&#x3b;||divi||400&#8243; open_icon_color=&#8221;#0094B8&#8243; _builder_version=&#8221;4.27.4&#8243; _module_preset=&#8221;default&#8221; title_text_color=&#8221;#FFFFFF&#8221; global_colors_info=&#8221;{}&#8221;]<\/p>\n<p>Your content goes here. Edit or remove this text inline or in the module Content settings. You can also style every aspect of this content in the module Design settings and even apply custom CSS to this text in the module Advanced settings.<\/p>\n<p>[\/et_pb_toggle][et_pb_accordion open_toggle_text_color=&#8221;#0094B8&#8243; open_toggle_background_color=&#8221;#FFFFFF&#8221; closed_toggle_text_color=&#8221;#FFFFFF&#8221; closed_toggle_background_color=&#8221;#0094B8&#8243; toggle_icon=&#8221;&#x3b;||divi||400&#8243; icon_color=&#8221;#FFFFFF&#8221; _builder_version=&#8221;4.27.4&#8243; _module_preset=&#8221;default&#8221; toggle_text_color=&#8221;#FFFFFF&#8221; toggle_font=&#8221;|600|||||||&#8221; closed_toggle_line_height=&#8221;0.8em&#8221; custom_margin=&#8221;||||false|false&#8221; custom_padding=&#8221;||||false|false&#8221; custom_css_toggle=&#8221;margin-bottom: 10px !important;&#8221; custom_css_open_toggle=&#8221;padding-bottom: 0px !important;&#8221; db_closeable=&#8221;on&#8221; global_colors_info=&#8221;{}&#8221;][et_pb_accordion_item title=&#8221;2024, CCWC&#8221; open=&#8221;on&#8221; _builder_version=&#8221;4.27.4&#8243; _module_preset=&#8221;default&#8221; custom_margin=&#8221;||10px||false|false&#8221; custom_padding=&#8221;||||false|false&#8221; global_colors_info=&#8221;{}&#8221;]<\/p>\n<p>In 2024, 22Dragons Premier competed at the CanAm Club Crew Championships in Welland, Ontario and at the Club Crew World Championships in Ravenna, Italy.<\/p>\n<p><strong>Coaches:<\/strong><\/p>\n<ul>\n<li>Michael Wu<\/li>\n<li>Laurie-Anne Dancause<\/li>\n<li>Chris Wong<\/li>\n<\/ul>\n<p><strong>Captains:<\/strong><\/p>\n<ul>\n<li>Eugene Sweetoo<\/li>\n<li>Elizabeth Hua<\/li>\n<li>Hugo G\u00e9linas<\/li>\n<li>Isla Warner<\/li>\n<\/ul>\n<p>[\/et_pb_accordion_item][et_pb_accordion_item title=&#8221;2023&#8243; _builder_version=&#8221;4.27.4&#8243; _module_preset=&#8221;default&#8221; custom_margin=&#8221;||10px||false|false&#8221; global_colors_info=&#8221;{}&#8221; open=&#8221;off&#8221;]<\/p>\n<p>In 2024, 22Dragons Premier competed at the CanAm Club Crew Championships in Welland, Ontario and at the Club Crew World Championships in Ravenna, Italy.<\/p>\n<p><strong>Coaches:<\/strong><\/p>\n<ul>\n<li>Matt Smith<\/li>\n<li>Wendi Zhou<\/li>\n<li>Kevin Xie<\/li>\n<\/ul>\n<p><strong>Captains:<\/strong><\/p>\n<ul>\n<li>Sophie Wilkin<\/li>\n<li>Fran\u00e7ois Ouellet Delorme<\/li>\n<li>Judy Lombardo<\/li>\n<li>Andrew Anderson<\/li>\n<li>Carmen Sweetoo<\/li>\n<li>Martin Shih<\/li>\n<\/ul>\n<p>[\/et_pb_accordion_item][et_pb_accordion_item title=&#8221;2022&#8243; _builder_version=&#8221;4.27.4&#8243; _module_preset=&#8221;default&#8221; custom_margin=&#8221;||10px||false|false&#8221; global_colors_info=&#8221;{}&#8221; open=&#8221;off&#8221;]<\/p>\n<p>In 2024, 22Dragons Premier competed at the CanAm Club Crew Championships in Welland, Ontario and at the Club Crew World Championships in Ravenna, Italy.<\/p>\n<p><strong>Coaches:<\/strong><\/p>\n<ul>\n<li>Matt Smith<\/li>\n<li>Wendi Zhou<\/li>\n<li>Kevin Xie<\/li>\n<\/ul>\n<p><strong>Captains:<\/strong><\/p>\n<ul>\n<li>Sophie Wilkin<\/li>\n<li>Fran\u00e7ois Ouellet Delorme<\/li>\n<li>Judy Lombardo<\/li>\n<li>Andrew Anderson<\/li>\n<li>Carmen Sweetoo<\/li>\n<li>Martin Shih<\/li>\n<\/ul>\n<p>[\/et_pb_accordion_item][et_pb_accordion_item title=&#8221;2021&#8243; _builder_version=&#8221;4.27.4&#8243; _module_preset=&#8221;default&#8221; custom_margin=&#8221;||10px||false|false&#8221; global_colors_info=&#8221;{}&#8221; open=&#8221;off&#8221;]<\/p>\n<p>In 2024, 22Dragons Premier competed at the CanAm Club Crew Championships in Welland, Ontario and at the Club Crew World Championships in Ravenna, Italy.<\/p>\n<p><strong>Coaches:<\/strong><\/p>\n<ul>\n<li>Matt Smith<\/li>\n<li>Wendi Zhou<\/li>\n<li>Kevin Xie<\/li>\n<\/ul>\n<p><strong>Captains:<\/strong><\/p>\n<ul>\n<li>Sophie Wilkin<\/li>\n<li>Fran\u00e7ois Ouellet Delorme<\/li>\n<li>Judy Lombardo<\/li>\n<li>Andrew Anderson<\/li>\n<li>Carmen Sweetoo<\/li>\n<li>Martin Shih<\/li>\n<\/ul>\n<p>[\/et_pb_accordion_item][\/et_pb_accordion][\/et_pb_column][\/et_pb_row][\/et_pb_section]<\/p>\n","protected":false},"excerpt":{"rendered":"<p>Le programme junior s\u2019adresse aux athl\u00e8tes \u00e2g\u00e9s de 18 ans et moins. Ce programme a \u00e9t\u00e9 mis sur pied en 2021 avec l\u2019aide de Wenjun Mo.Saison 202 Our 22Dragons Juniors [&hellip;]<\/p>\n","protected":false},"author":10,"featured_media":0,"parent":50599,"menu_order":0,"comment_status":"closed","ping_status":"closed","template":"","meta":{"_et_pb_use_builder":"on","_et_pb_old_content":"","_et_gb_content_width":"","footnotes":""},"class_list":["post-50753","page","type-page","status-publish","hentry"],"aioseo_notices":[],"_links":{"self":[{"href":"https:\/\/22dragons.com\/fr\/wp-json\/wp\/v2\/pages\/50753","targetHints":{"allow":["GET"]}}],"collection":[{"href":"https:\/\/22dragons.com\/fr\/wp-json\/wp\/v2\/pages"}],"about":[{"href":"https:\/\/22dragons.com\/fr\/wp-json\/wp\/v2\/types\/page"}],"author":[{"embeddable":true,"href":"https:\/\/22dragons.com\/fr\/wp-json\/wp\/v2\/users\/10"}],"replies":[{"embeddable":true,"href":"https:\/\/22dragons.com\/fr\/wp-json\/wp\/v2\/comments?post=50753"}],"version-history":[{"count":6,"href":"https:\/\/22dragons.com\/fr\/wp-json\/wp\/v2\/pages\/50753\/revisions"}],"predecessor-version":[{"id":50846,"href":"https:\/\/22dragons.com\/fr\/wp-json\/wp\/v2\/pages\/50753\/revisions\/50846"}],"up":[{"embeddable":true,"href":"https:\/\/22dragons.com\/fr\/wp-json\/wp\/v2\/pages\/50599"}],"wp:attachment":[{"href":"https:\/\/22dragons.com\/fr\/wp-json\/wp\/v2\/media?parent=50753"}],"curies":[{"name":"wp","href":"https:\/\/api.w.org\/{rel}","templated":true}]}}