{"id":50760,"date":"2024-12-19T23:22:22","date_gmt":"2024-12-19T23:22:22","guid":{"rendered":"https:\/\/22dragons.com\/programmes-competitifs\/senior\/"},"modified":"2025-03-17T22:18:30","modified_gmt":"2025-03-17T22:18:30","slug":"senior","status":"publish","type":"page","link":"https:\/\/22dragons.com\/fr\/programmes-competitifs\/senior\/","title":{"rendered":"S\u00e9nior"},"content":{"rendered":"<p>[et_pb_section fb_built=&#8221;1&#8243; fullwidth=&#8221;on&#8221; _builder_version=&#8221;4.27.4&#8243; _module_preset=&#8221;default&#8221; global_colors_info=&#8221;{}&#8221;][et_pb_fullwidth_header title=&#8221;S\u00e9niors 40+&#8221; text_orientation=&#8221;center&#8221; _builder_version=&#8221;4.27.4&#8243; _module_preset=&#8221;default&#8221; title_font=&#8221;|600|||||||&#8221; title_font_size=&#8221;50px&#8221; subhead_font_size=&#8221;35px&#8221; background_enable_color=&#8221;off&#8221; use_background_color_gradient=&#8221;on&#8221; background_color_gradient_stops=&#8221;rgba(255,255,255,0) 25%|rgba(0,0,0,0.32) 100%&#8221; background_image=&#8221;https:\/\/22dragons.com\/wp-content\/uploads\/Nationals2024_22D_S1-13-scaled.jpg&#8221; background_position=&#8221;top_center&#8221; background_vertical_offset=&#8221;37%&#8221; background_blend=&#8221;overlay&#8221; custom_padding=&#8221;150px||150px||true|false&#8221; title_text_shadow_style=&#8221;preset2&#8243; subhead_text_shadow_style=&#8221;preset2&#8243; global_colors_info=&#8221;{}&#8221;][\/et_pb_fullwidth_header][\/et_pb_section][et_pb_section fb_built=&#8221;1&#8243; _builder_version=&#8221;4.27.3&#8243; _module_preset=&#8221;default&#8221; custom_padding=&#8221;30px||30px||true|false&#8221; global_colors_info=&#8221;{}&#8221;][et_pb_row _builder_version=&#8221;4.27.3&#8243; _module_preset=&#8221;default&#8221; global_colors_info=&#8221;{}&#8221;][et_pb_column type=&#8221;4_4&#8243; _builder_version=&#8221;4.27.3&#8243; _module_preset=&#8221;default&#8221; global_colors_info=&#8221;{}&#8221;][et_pb_text _builder_version=&#8221;4.27.4&#8243; _module_preset=&#8221;default&#8221; header_4_text_color=&#8221;#0B497A&#8221; text_orientation=&#8221;center&#8221; custom_padding=&#8221;||1px|||&#8221; global_colors_info=&#8221;{}&#8221;]<\/p>\n<p>Le programme s\u00e9nior de 22Dragons est compos\u00e9 des \u00e9quipes s\u00e9nior A (40+), s\u00e9nior B (50+) et s\u00e9nior C (60+).<\/p>\n<p>[\/et_pb_text][\/et_pb_column][\/et_pb_row][et_pb_row column_structure=&#8221;3_5,2_5&#8243; _builder_version=&#8221;4.27.4&#8243; _module_preset=&#8221;default&#8221; global_colors_info=&#8221;{}&#8221;][et_pb_column type=&#8221;3_5&#8243; _builder_version=&#8221;4.27.4&#8243; _module_preset=&#8221;default&#8221; global_colors_info=&#8221;{}&#8221;][et_pb_text _builder_version=&#8221;4.27.4&#8243; _module_preset=&#8221;default&#8221; global_colors_info=&#8221;{}&#8221;]<\/p>\n<h3>History<\/h3>\n<p>22Dragons has been setting the pace in senior dragon boating since 2007, when we first launched the Senior A Open team. The team made waves in Penang in 2008, kicking off an exciting journey that\u2019s been full of passion, competition, and international success. Over the years, our program has grown to include Senior A and B Mixed teams (2008), Senior A Women (2009), Senior B Women (2011), and Senior C Mixed and Women teams (2018). From Macau to Hong Kong, Szeged, Sarasota, and Ravenna, our athletes have competed fiercely and brought home medals in various categories, proving that age is no barrier to greatness!<\/p>\n<p>&nbsp;<\/p>\n<p>&nbsp;<\/p>\n<p>[\/et_pb_text][\/et_pb_column][et_pb_column type=&#8221;2_5&#8243; _builder_version=&#8221;4.27.4&#8243; _module_preset=&#8221;default&#8221; global_colors_info=&#8221;{}&#8221;][et_pb_image src=&#8221;https:\/\/22dragons.com\/wp-content\/uploads\/Senior-B-2011.jpeg&#8221; title_text=&#8221;Senior B 2011&#8243; _builder_version=&#8221;4.27.4&#8243; _module_preset=&#8221;default&#8221; global_colors_info=&#8221;{}&#8221;][\/et_pb_image][\/et_pb_column][\/et_pb_row][et_pb_row column_structure=&#8221;2_5,3_5&#8243; _builder_version=&#8221;4.27.4&#8243; _module_preset=&#8221;default&#8221; global_colors_info=&#8221;{}&#8221;][et_pb_column type=&#8221;2_5&#8243; _builder_version=&#8221;4.27.4&#8243; _module_preset=&#8221;default&#8221; global_colors_info=&#8221;{}&#8221;][et_pb_image src=&#8221;https:\/\/22dragons.com\/wp-content\/uploads\/Nationals2024_22D-31-scaled.jpg&#8221; title_text=&#8221;Nationals2024_22D-31&#8243; _builder_version=&#8221;4.27.4&#8243; _module_preset=&#8221;default&#8221; global_colors_info=&#8221;{}&#8221;][\/et_pb_image][\/et_pb_column][et_pb_column type=&#8221;3_5&#8243; _builder_version=&#8221;4.27.4&#8243; _module_preset=&#8221;default&#8221; global_colors_info=&#8221;{}&#8221;][et_pb_text _builder_version=&#8221;4.27.4&#8243; _module_preset=&#8221;default&#8221; global_colors_info=&#8221;{}&#8221;]<\/p>\n<h3>Step up to the challenge!<\/h3>\n<p class=\"p1\">Fast forward to today, and 22Dragons runs a vibrant senior sports program for all ages: Senior A (over 40), Senior B (over 50), and Senior C (over 60). Led by the talented Matt Smith (whose expertise you\u2019ll find showcased elsewhere on the site), along with an amazing team of coaches, we\u2019ve created a program that blends high-energy paddling, strength training, and circuit workouts, all designed to keep you at your best. It\u2019s a perfect mix of fitness, competition, and team spirit \u2013 all while having a blast on the water!<\/p>\n<p class=\"p1\">If you\u2019re ready to challenge yourself, make new friends, and experience the thrill of dragon boating, we\u2019re here to welcome you to the 22Dragons family. Come join us for some fun, fitness, and fierce competition!<\/p>\n<p>[\/et_pb_text][\/et_pb_column][\/et_pb_row][et_pb_row column_structure=&#8221;3_5,2_5&#8243; _builder_version=&#8221;4.27.4&#8243; _module_preset=&#8221;default&#8221; global_colors_info=&#8221;{}&#8221;][et_pb_column type=&#8221;3_5&#8243; _builder_version=&#8221;4.27.4&#8243; _module_preset=&#8221;default&#8221; global_colors_info=&#8221;{}&#8221;][et_pb_text _builder_version=&#8221;4.27.4&#8243; _module_preset=&#8221;default&#8221; global_colors_info=&#8221;{}&#8221;]<\/p>\n<h3>Accomplissements<\/h3>\n<ul>\n<li>2012 Champions canadiens S\u00e9nior B<\/li>\n<\/ul>\n<p>&nbsp;<\/p>\n<p>&nbsp;<\/p>\n<p>[\/et_pb_text][\/et_pb_column][et_pb_column type=&#8221;2_5&#8243; _builder_version=&#8221;4.27.4&#8243; _module_preset=&#8221;default&#8221; global_colors_info=&#8221;{}&#8221;][et_pb_image src=&#8221;https:\/\/22dragons.com\/wp-content\/uploads\/Nationals2024_22D_S1-12-scaled.jpg&#8221; title_text=&#8221;Nationals2024_22D_S1-12&#8243; _builder_version=&#8221;4.27.4&#8243; _module_preset=&#8221;default&#8221; global_colors_info=&#8221;{}&#8221;][\/et_pb_image][\/et_pb_column][\/et_pb_row][et_pb_row column_structure=&#8221;2_5,3_5&#8243; _builder_version=&#8221;4.27.4&#8243; _module_preset=&#8221;default&#8221; global_colors_info=&#8221;{}&#8221;][et_pb_column type=&#8221;2_5&#8243; _builder_version=&#8221;4.27.4&#8243; _module_preset=&#8221;default&#8221; global_colors_info=&#8221;{}&#8221;][et_pb_image src=&#8221;https:\/\/22dragons.com\/wp-content\/uploads\/Senior-A-Women-2010.jpeg&#8221; title_text=&#8221;Senior A Women 2010&#8243; _builder_version=&#8221;4.27.4&#8243; _module_preset=&#8221;default&#8221; global_colors_info=&#8221;{}&#8221;][\/et_pb_image][\/et_pb_column][et_pb_column type=&#8221;3_5&#8243; _builder_version=&#8221;4.27.4&#8243; _module_preset=&#8221;default&#8221; global_colors_info=&#8221;{}&#8221;][et_pb_text _builder_version=&#8221;4.27.4&#8243; _module_preset=&#8221;default&#8221; global_colors_info=&#8221;{}&#8221;]<\/p>\n<h3>S\u00e9nior A (40+)<\/h3>\n<p class=\"p1\">\n<p class=\"p1\">Text<\/p>\n<p class=\"p1\">\n<p>[\/et_pb_text][\/et_pb_column][\/et_pb_row][et_pb_row column_structure=&#8221;3_5,2_5&#8243; _builder_version=&#8221;4.27.4&#8243; _module_preset=&#8221;default&#8221; global_colors_info=&#8221;{}&#8221;][et_pb_column type=&#8221;3_5&#8243; _builder_version=&#8221;4.27.4&#8243; _module_preset=&#8221;default&#8221; global_colors_info=&#8221;{}&#8221;][et_pb_text _builder_version=&#8221;4.27.4&#8243; _module_preset=&#8221;default&#8221; global_colors_info=&#8221;{}&#8221;]<\/p>\n<h3>S\u00e9nior B (50+)<\/h3>\n<p>Text<\/p>\n<p>&nbsp;<\/p>\n<p>&nbsp;<\/p>\n<p>[\/et_pb_text][\/et_pb_column][et_pb_column type=&#8221;2_5&#8243; _builder_version=&#8221;4.27.4&#8243; _module_preset=&#8221;default&#8221; global_colors_info=&#8221;{}&#8221;][et_pb_image src=&#8221;https:\/\/22dragons.com\/wp-content\/uploads\/Senior-B-2012-Club-Champions.jpeg&#8221; title_text=&#8221;Senior B 2012 Club Champions&#8221; _builder_version=&#8221;4.27.4&#8243; _module_preset=&#8221;default&#8221; global_colors_info=&#8221;{}&#8221;][\/et_pb_image][\/et_pb_column][\/et_pb_row][et_pb_row column_structure=&#8221;2_5,3_5&#8243; _builder_version=&#8221;4.27.4&#8243; _module_preset=&#8221;default&#8221; global_colors_info=&#8221;{}&#8221;][et_pb_column type=&#8221;2_5&#8243; _builder_version=&#8221;4.27.4&#8243; _module_preset=&#8221;default&#8221; global_colors_info=&#8221;{}&#8221;][et_pb_image src=&#8221;https:\/\/22dragons.com\/wp-content\/uploads\/Senior-C-Medal-Szeged-2018.jpeg&#8221; title_text=&#8221;Senior C Medal Szeged 2018&#8243; _builder_version=&#8221;4.27.4&#8243; _module_preset=&#8221;default&#8221; global_colors_info=&#8221;{}&#8221;][\/et_pb_image][\/et_pb_column][et_pb_column type=&#8221;3_5&#8243; _builder_version=&#8221;4.27.4&#8243; _module_preset=&#8221;default&#8221; global_colors_info=&#8221;{}&#8221;][et_pb_text _builder_version=&#8221;4.27.4&#8243; _module_preset=&#8221;default&#8221; global_colors_info=&#8221;{}&#8221;]<\/p>\n<h3>S\u00e9nior C (60+)<\/h3>\n<p class=\"p1\">\n<p class=\"p1\">Text<\/p>\n<p class=\"p1\">\n<p>[\/et_pb_text][\/et_pb_column][\/et_pb_row][\/et_pb_section][et_pb_section fb_built=&#8221;1&#8243; _builder_version=&#8221;4.27.4&#8243; _module_preset=&#8221;default&#8221; global_colors_info=&#8221;{}&#8221;][et_pb_row _builder_version=&#8221;4.27.4&#8243; _module_preset=&#8221;default&#8221; global_colors_info=&#8221;{}&#8221;][et_pb_column type=&#8221;4_4&#8243; _builder_version=&#8221;4.27.4&#8243; _module_preset=&#8221;default&#8221; global_colors_info=&#8221;{}&#8221;][et_pb_gallery gallery_ids=&#8221;49867,49870,49872,49874,49876,49878,49880,49884,49886,49888,49890,49892,49894,49896,49898,49900,49902,49932,49948,49950,49952,49944,49942,49956,49958,49972,49979,49981,49993,49991,49987,49985,49983,50014,50027,50039,50045,50047,50069,50067,50060&#8243; _builder_version=&#8221;4.27.4&#8243; _module_preset=&#8221;default&#8221; dbdb_version=&#8221;4.8&#8243; global_colors_info=&#8221;{}&#8221;][\/et_pb_gallery][\/et_pb_column][\/et_pb_row][\/et_pb_section][et_pb_section fb_built=&#8221;1&#8243; fullwidth=&#8221;on&#8221; _builder_version=&#8221;4.27.4&#8243; _module_preset=&#8221;default&#8221; global_colors_info=&#8221;{}&#8221;][\/et_pb_section]<\/p>\n","protected":false},"excerpt":{"rendered":"<p>Le programme s\u00e9nior de 22Dragons est compos\u00e9 des \u00e9quipes s\u00e9nior A (40+), s\u00e9nior B (50+) et s\u00e9nior C (60+).History 22Dragons has been setting the pace in senior dragon boating since [&hellip;]<\/p>\n","protected":false},"author":10,"featured_media":0,"parent":50599,"menu_order":0,"comment_status":"closed","ping_status":"closed","template":"","meta":{"_et_pb_use_builder":"on","_et_pb_old_content":"","_et_gb_content_width":"","footnotes":""},"class_list":["post-50760","page","type-page","status-publish","hentry"],"aioseo_notices":[],"_links":{"self":[{"href":"https:\/\/22dragons.com\/fr\/wp-json\/wp\/v2\/pages\/50760","targetHints":{"allow":["GET"]}}],"collection":[{"href":"https:\/\/22dragons.com\/fr\/wp-json\/wp\/v2\/pages"}],"about":[{"href":"https:\/\/22dragons.com\/fr\/wp-json\/wp\/v2\/types\/page"}],"author":[{"embeddable":true,"href":"https:\/\/22dragons.com\/fr\/wp-json\/wp\/v2\/users\/10"}],"replies":[{"embeddable":true,"href":"https:\/\/22dragons.com\/fr\/wp-json\/wp\/v2\/comments?post=50760"}],"version-history":[{"count":6,"href":"https:\/\/22dragons.com\/fr\/wp-json\/wp\/v2\/pages\/50760\/revisions"}],"predecessor-version":[{"id":50853,"href":"https:\/\/22dragons.com\/fr\/wp-json\/wp\/v2\/pages\/50760\/revisions\/50853"}],"up":[{"embeddable":true,"href":"https:\/\/22dragons.com\/fr\/wp-json\/wp\/v2\/pages\/50599"}],"wp:attachment":[{"href":"https:\/\/22dragons.com\/fr\/wp-json\/wp\/v2\/media?parent=50760"}],"curies":[{"name":"wp","href":"https:\/\/api.w.org\/{rel}","templated":true}]}}