{"id":51865,"date":"2026-02-04T15:06:20","date_gmt":"2026-02-04T20:06:20","guid":{"rendered":"https:\/\/22dragons.com\/?page_id=51865"},"modified":"2026-04-08T14:04:28","modified_gmt":"2026-04-08T18:04:28","slug":"intermediaires","status":"publish","type":"page","link":"https:\/\/22dragons.com\/fr\/intermediaires\/","title":{"rendered":"\u00c9quipes interm\u00e9diaires"},"content":{"rendered":"<p>[et_pb_section fb_built=&#8221;1&#8243; fullwidth=&#8221;on&#8221; _builder_version=&#8221;4.27.3&#8243; _module_preset=&#8221;default&#8221; global_colors_info=&#8221;{}&#8221;][et_pb_fullwidth_header title=&#8221;\u00c9quipes interm\u00e9diaires&#8221; text_orientation=&#8221;center&#8221; _builder_version=&#8221;4.27.4&#8243; _module_preset=&#8221;default&#8221; title_font=&#8221;|600|||||||&#8221; title_font_size=&#8221;50px&#8221; subhead_font_size=&#8221;35px&#8221; background_enable_color=&#8221;off&#8221; use_background_color_gradient=&#8221;on&#8221; background_color_gradient_stops=&#8221;rgba(255,255,255,0) 25%|rgba(0,0,0,0.32) 100%&#8221; background_image=&#8221;https:\/\/22dragons.com\/wp-content\/uploads\/DSCF6096.jpg&#8221; background_blend=&#8221;overlay&#8221; custom_padding=&#8221;120px||120px||true|false&#8221; title_text_shadow_style=&#8221;preset2&#8243; subhead_text_shadow_style=&#8221;preset2&#8243; global_colors_info=&#8221;{}&#8221;][\/et_pb_fullwidth_header][\/et_pb_section][et_pb_section fb_built=&#8221;1&#8243; _builder_version=&#8221;4.27.3&#8243; _module_preset=&#8221;default&#8221; custom_padding=&#8221;40px||40px||true|false&#8221; global_colors_info=&#8221;{}&#8221;][et_pb_row _builder_version=&#8221;4.27.3&#8243; _module_preset=&#8221;default&#8221; custom_padding=&#8221;||0px|||&#8221; global_colors_info=&#8221;{}&#8221;][et_pb_column type=&#8221;4_4&#8243; _builder_version=&#8221;4.27.3&#8243; _module_preset=&#8221;default&#8221; global_colors_info=&#8221;{}&#8221;][et_pb_text _builder_version=&#8221;4.27.5&#8243; _module_preset=&#8221;default&#8221; header_4_text_color=&#8221;#0B497A&#8221; text_orientation=&#8221;center&#8221; custom_padding=&#8221;||5px|||&#8221; global_colors_info=&#8221;{}&#8221;]<\/p>\n<h5>22Dragons chapeaute plusieurs \u00e9quipes interm\u00e9diaires, form\u00e9es \u00e0 partir d\u2019\u00e9quipes des programmes d\u00e9butants. La possibilit\u00e9 de vous joindre \u00e0 une de ces \u00e9quipes d\u00e9pend de votre niveau d\u2019exp\u00e9rience dans le bateau-dragon et des disponibilit\u00e9s au sein des diff\u00e9rentes \u00e9quipes.<\/h5>\n<p>&nbsp;<\/p>\n<h5>Les \u00e9quipes interm\u00e9diaires ont des pratiques toute l\u2019ann\u00e9e. Pendant l\u2019\u00e9t\u00e9, elles pagaient dans les bateaux-dragons sur le canal Lachine ; pendant l\u2019hiver, elles pagaient dans nos installations d\u2019entra\u00eenement de bateau-dragon int\u00e9rieur, situ\u00e9es \u00e0 l\u2019int\u00e9rieur du gym Canal Fitness, de l\u2019autre c\u00f4t\u00e9 de Saint-Patrick, dans le complexe Dompark. Ces \u00e9quipes ont aussi acc\u00e8s \u00e0 notre salle d\u2019entra\u00eenement HIIT, situ\u00e9e dans le m\u00eame complexe.<\/h5>\n<p>&nbsp;<\/p>\n<h5>Vous \u00eates int\u00e9ress\u00e9s \u00e0 rejoindre une de nos \u00e9quipes interm\u00e9diaires? Envoyez un courriel \u00e0 <a href=\"mailto:club@22dragons.com\">club@22dragons.com<\/a> afin de vous pr\u00e9senter et de nous parler de votre exp\u00e9rience en bateau-dragon.<\/h5>\n<p>[\/et_pb_text][\/et_pb_column][\/et_pb_row][\/et_pb_section][et_pb_section fb_built=&#8221;1&#8243; _builder_version=&#8221;4.27.4&#8243; _module_preset=&#8221;default&#8221; background_color=&#8221;#0B497A&#8221; custom_margin=&#8221;39px||3px|||&#8221; custom_padding=&#8221;40px|||||&#8221; global_colors_info=&#8221;{}&#8221;][et_pb_row column_structure=&#8221;2_5,3_5&#8243; _builder_version=&#8221;4.27.4&#8243; _module_preset=&#8221;default&#8221; custom_padding=&#8221;0px|||||&#8221; global_colors_info=&#8221;{}&#8221;][et_pb_column type=&#8221;2_5&#8243; _builder_version=&#8221;4.27.4&#8243; _module_preset=&#8221;default&#8221; global_colors_info=&#8221;{}&#8221;][et_pb_image src=&#8221;http:\/\/22dragons.com\/wp-content\/uploads\/20240922_141312-scaled-e1739821475454.jpg&#8221; title_text=&#8221;20240922_141312&#8243; _builder_version=&#8221;4.27.4&#8243; _module_preset=&#8221;default&#8221; global_colors_info=&#8221;{}&#8221;][\/et_pb_image][\/et_pb_column][et_pb_column type=&#8221;3_5&#8243; _builder_version=&#8221;4.27.4&#8243; _module_preset=&#8221;default&#8221; global_colors_info=&#8221;{}&#8221;][et_pb_text _builder_version=&#8221;4.27.5&#8243; _module_preset=&#8221;default&#8221; background_layout=&#8221;dark&#8221; global_colors_info=&#8221;{}&#8221;]<\/p>\n<h4><strong>TNT<\/strong><\/h4>\n<p class=\"p1\">Cat\u00e9gorie: Mixte 25-65<\/p>\n<p class=\"p1\">Cr\u00e9\u00e9e en 2022, la TNT s&#8217;entra\u00eene les mardis et jeudis. Malgr\u00e9 leurs activit\u00e9s extrascolaires allant du bowling aux jeux de soci\u00e9t\u00e9 en passant par la d\u00e9gustation de bi\u00e8res, ne prenez pas ces pagayeurs pour de simples mondains. L&#8217;\u00e9quipe est principalement compos\u00e9e des signes du zodiaque comp\u00e9titifs et n&#8217;a pas peur de faire des courses acharn\u00e9es&#8230; \u00e9ventuellement suivies d&#8217;un barbecue. Regardez TNT faire BOOM !<\/p>\n<ul>\n<li class=\"p1\"><strong>Horaire d&#8217;entra\u00eenement<\/strong>\n<ul>\n<li class=\"p1\">Hiver\n<ul>\n<li class=\"p1\">Circuits: Lundis 19h \u00e0 20h<\/li>\n<li class=\"p1\">Bac \u00e0 ramer: Lundis 20h \u00e0 21h<\/li>\n<\/ul>\n<\/li>\n<li>\u00c9t\u00e9\n<ul>\n<li>Mardis et jeudis 19h30 \u00e0 20h30<\/li>\n<\/ul>\n<\/li>\n<\/ul>\n<\/li>\n<\/ul>\n<p class=\"p1\"><strong>Entra\u00eeneuse: Stephanie Chin<\/strong><\/p>\n<p class=\"p1\"><strong>Capitaine: Vera Wagner<\/strong><\/p>\n<p>[\/et_pb_text][et_pb_text _builder_version=&#8221;4.27.5&#8243; _module_preset=&#8221;default&#8221; hover_enabled=&#8221;0&#8243; sticky_enabled=&#8221;0&#8243; text_text_color=&#8221;#FFFFFF&#8221;]<\/p>\n<p>NB : Il reste quelques places avec cette \u00e9quipe. Contactez-nous pour en savoir plus sur cette \u00e9quipe et pous vous inscrire.<\/p>\n<p>[\/et_pb_text][et_pb_button button_text=&#8221;Contactez nous&#8221; _builder_version=&#8221;4.27.5&#8243; _module_preset=&#8221;default&#8221; hover_enabled=&#8221;0&#8243; sticky_enabled=&#8221;0&#8243; button_url=&#8221;mailto:club@22dragons.com&#8221; url_new_window=&#8221;on&#8221; background_layout=&#8221;dark&#8221; button_alignment=&#8221;center&#8221;][\/et_pb_button][\/et_pb_column][\/et_pb_row][\/et_pb_section][et_pb_section fb_built=&#8221;1&#8243; _builder_version=&#8221;4.27.5&#8243; _module_preset=&#8221;default&#8221; background_color=&#8221;#FFFFFF&#8221; custom_margin=&#8221;-5px|||||&#8221; custom_padding=&#8221;0px|||||&#8221; global_colors_info=&#8221;{}&#8221;][et_pb_row column_structure=&#8221;3_5,2_5&#8243; _builder_version=&#8221;4.27.5&#8243; _module_preset=&#8221;default&#8221; global_colors_info=&#8221;{}&#8221;][et_pb_column type=&#8221;3_5&#8243; _builder_version=&#8221;4.27.4&#8243; _module_preset=&#8221;default&#8221; global_colors_info=&#8221;{}&#8221;][et_pb_text _builder_version=&#8221;4.27.5&#8243; _module_preset=&#8221;default&#8221; background_layout=&#8221;dark&#8221; global_colors_info=&#8221;{}&#8221;]<\/p>\n<h4><span style=\"color: #000000;\"><strong>Les ailes de dragon (Dragon wings)<\/strong><\/span><\/h4>\n<p class=\"p1\"><span style=\"color: #000000;\">Cat\u00e9gorie: Mixte 30-65<\/span><\/p>\n<p class=\"p1\"><span style=\"color: #000000;\">Dragon Wings est une \u00e9quipe de bateau-dragon de niveau communautaire qui aime s&#8217;amuser et qui \u00e9quilibre les bonnes vibrations avec une passion pour la pagaie. Fond\u00e9e en 2022, nous nous entra\u00eenons deux fois par semaine et participons \u00e0 des comp\u00e9titions, r\u00e9unissant un \u00e9quipage qui aime le sport, la bonne compagnie et les jeux de mots occasionnels. Nous accueillons des pagayeurs avec au moins une saison d&#8217;exp\u00e9rience qui recherchent une \u00e9quipe de soutien qui travaille dur, joue dur, et garde toujours les pagaies en mouvement. Venez voler avec nous !<\/span><\/p>\n<ul>\n<li class=\"p1\"><span style=\"color: #000000;\"><strong>Horaire d&#8217;entra\u00eenement<\/strong> <\/span>\n<ul>\n<li class=\"p1\"><span style=\"color: #000000;\">Hiver <\/span>\n<ul>\n<li class=\"p1\"><span style=\"color: #000000;\">Circuits: Jeudis 19h \u00e0 20h<\/span><\/li>\n<li class=\"p1\"><span style=\"color: #000000;\">Bac \u00e0 ramer: Jeudis 20h \u00e0 21h<\/span><\/li>\n<\/ul>\n<\/li>\n<li><span style=\"color: #000000;\">\u00c9t\u00e9 <\/span>\n<ul>\n<li><span style=\"color: #000000;\">Lundis et mercredis 19h30 \u00e0 20h30<\/span><\/li>\n<\/ul>\n<\/li>\n<\/ul>\n<\/li>\n<\/ul>\n<p class=\"p1\"><span style=\"color: #000000;\"><strong>Entra\u00eeneurs: Saowanee (May) Khamsaeng<\/strong><\/span><\/p>\n<p><span style=\"color: #000000;\"><strong>Capitaine: Sarah MacDonald<\/strong><\/span><\/p>\n<p>[\/et_pb_text][et_pb_text _builder_version=&#8221;4.27.5&#8243; _module_preset=&#8221;default&#8221; hover_enabled=&#8221;0&#8243; sticky_enabled=&#8221;0&#8243; text_text_color=&#8221;#000000&#8243;]<\/p>\n<p>NB : Il reste quelques places avec cette \u00e9quipe. Contactez-nous pour en savoir plus sur cette \u00e9quipe et pous vous inscrire.<\/p>\n<p>[\/et_pb_text][et_pb_button button_text=&#8221;Contactez nous&#8221; _builder_version=&#8221;4.27.5&#8243; _module_preset=&#8221;default&#8221; hover_enabled=&#8221;0&#8243; sticky_enabled=&#8221;0&#8243; button_url=&#8221;mailto:club@22dragons.com&#8221; url_new_window=&#8221;on&#8221; button_alignment=&#8221;center&#8221;][\/et_pb_button][\/et_pb_column][et_pb_column type=&#8221;2_5&#8243; _builder_version=&#8221;4.27.4&#8243; _module_preset=&#8221;default&#8221; global_colors_info=&#8221;{}&#8221;][et_pb_image src=&#8221;http:\/\/22dragons.com\/wp-content\/uploads\/inbound2026809376034024222-scaled-e1739825732798.jpg&#8221; title_text=&#8221;inbound2026809376034024222&#8243; _builder_version=&#8221;4.27.4&#8243; _module_preset=&#8221;default&#8221; global_colors_info=&#8221;{}&#8221;][\/et_pb_image][\/et_pb_column][\/et_pb_row][\/et_pb_section][et_pb_section fb_built=&#8221;1&#8243; _builder_version=&#8221;4.27.4&#8243; _module_preset=&#8221;default&#8221; background_color=&#8221;#0B497A&#8221; custom_margin=&#8221;0px|||||&#8221; custom_padding=&#8221;40px|||||&#8221; global_colors_info=&#8221;{}&#8221;][et_pb_row column_structure=&#8221;2_5,3_5&#8243; _builder_version=&#8221;4.27.5&#8243; _module_preset=&#8221;default&#8221; global_colors_info=&#8221;{}&#8221;][et_pb_column type=&#8221;2_5&#8243; _builder_version=&#8221;4.27.4&#8243; _module_preset=&#8221;default&#8221; global_colors_info=&#8221;{}&#8221;][et_pb_image src=&#8221;http:\/\/22dragons.com\/wp-content\/uploads\/IMG_5667-e1739820603261.jpeg&#8221; title_text=&#8221;IMG_5667&#8243; _builder_version=&#8221;4.27.4&#8243; _module_preset=&#8221;default&#8221; global_colors_info=&#8221;{}&#8221;][\/et_pb_image][\/et_pb_column][et_pb_column type=&#8221;3_5&#8243; _builder_version=&#8221;4.27.4&#8243; _module_preset=&#8221;default&#8221; global_colors_info=&#8221;{}&#8221;][et_pb_text _builder_version=&#8221;4.27.5&#8243; _module_preset=&#8221;default&#8221; background_layout=&#8221;dark&#8221; global_colors_info=&#8221;{}&#8221;]<\/p>\n<h4><a href=\"https:\/\/h2oplayground.com\/en\/dragon_boat_canada_coaching_accreditations\/\"><\/a><strong>Les pandas rouges(Red Pandas)<\/strong><\/h4>\n<p class=\"p1\">\n<p class=\"p1\">\n<p class=\"p1\">Cat\u00e9gorie: Mixte 25-55<\/p>\n<p class=\"p1\">Les Red Pandas de 22D a \u00e9t\u00e9 cr\u00e9\u00e9e \u00e0 partir d&#8217;une \u00e9quipe d\u00e9butante de l&#8217;\u00e9t\u00e9 2024 ! Leur premier \u00e9t\u00e9, ils se sont qualifi\u00e9s pour la derni\u00e8re finale et un an plus tard, ils ont r\u00e9ussis \u00e0 se placer dans la finale B des Championnats Pan-Am\u00e9ricains ! L&#8217;\u00e9quipe est un \u00e9quipage mixte compos\u00e9 de pagayeurs \u00e2g\u00e9s de 25 \u00e0 55 ans. Ce qui a commenc\u00e9 comme un bateau d&#8217;\u00e9trangers a fini par devenir une amiti\u00e9 d&#8217;un an, allant boire une bi\u00e8re \u00e0 la Terrasse Sainte-Ambroise et participant \u00e0 des soir\u00e9es trivia dans des bars !<\/p>\n<p class=\"p1\">Vous voulez vous joindre \u00e0 nous ? Nous recherchons de nouveaux pagayeurs, peu d&#8217;exp\u00e9rience requise !<\/p>\n<ul>\n<li class=\"p1\"><strong>Horaire d&#8217;entra\u00eenement<\/strong>\n<ul>\n<li class=\"p1\">Hiver\n<ul>\n<li class=\"p1\">Circuits: Samedis 10h \u00e0 11h<\/li>\n<li class=\"p1\">Bac \u00e0 ramer: Samedis 9h \u00e0 10h<\/li>\n<\/ul>\n<\/li>\n<li>\u00c9t\u00e9\n<ul>\n<li>Lundis et mercredis 18h30 \u00e0 19h30<\/li>\n<\/ul>\n<\/li>\n<\/ul>\n<\/li>\n<\/ul>\n<p class=\"p1\"><strong>Entra\u00eeneur: Eugene Sweetoo<\/strong><\/p>\n<p class=\"p1\"><strong>Capitaine: Ross McDonald<\/strong><\/p>\n<p>[\/et_pb_text][et_pb_text _builder_version=&#8221;4.27.5&#8243; _module_preset=&#8221;default&#8221; hover_enabled=&#8221;0&#8243; sticky_enabled=&#8221;0&#8243; text_text_color=&#8221;#FFFFFF&#8221;]<\/p>\n<p>NB : Il reste quelques places avec cette \u00e9quipe. Contactez-nous pour en savoir plus sur cette \u00e9quipe et pous vous inscrire.<\/p>\n<p>[\/et_pb_text][et_pb_button button_text=&#8221;Contactez nous&#8221; _builder_version=&#8221;4.27.5&#8243; _module_preset=&#8221;default&#8221; hover_enabled=&#8221;0&#8243; sticky_enabled=&#8221;0&#8243; button_url=&#8221;mailto:club@22dragons.com&#8221; url_new_window=&#8221;on&#8221; background_layout=&#8221;dark&#8221; button_alignment=&#8221;center&#8221;][\/et_pb_button][\/et_pb_column][\/et_pb_row][\/et_pb_section][et_pb_section fb_built=&#8221;1&#8243; _builder_version=&#8221;4.27.5&#8243; _module_preset=&#8221;default&#8221; background_color=&#8221;#FFFFFF&#8221; custom_margin=&#8221;-5px|||||&#8221; custom_padding=&#8221;0px|||||&#8221; global_colors_info=&#8221;{}&#8221;][et_pb_row column_structure=&#8221;3_5,2_5&#8243; _builder_version=&#8221;4.27.5&#8243; _module_preset=&#8221;default&#8221; global_colors_info=&#8221;{}&#8221;][et_pb_column type=&#8221;3_5&#8243; _builder_version=&#8221;4.27.4&#8243; _module_preset=&#8221;default&#8221; global_colors_info=&#8221;{}&#8221;][et_pb_text _builder_version=&#8221;4.27.5&#8243; _module_preset=&#8221;default&#8221; background_layout=&#8221;dark&#8221; global_colors_info=&#8221;{}&#8221;]<\/p>\n<h4><span style=\"color: #000000;\"><strong>Wavebreakers<\/strong><\/span><\/h4>\n<p class=\"p1\"><span style=\"color: #000000;\">Cat\u00e9gorie: Femmes 25-65<\/span><\/p>\n<p class=\"p1\"><span style=\"color: #000000;\"><\/span><\/p>\n<p class=\"p1\"><span style=\"color: #000000;\">Joignez-vous aux Wavebreakers! Une toute nouvelle \u00e9quipe inter\u00e9diaire de 22Dragons.<\/span><\/p>\n<p class=\"p1\"><span style=\"color: #000000;\">Les Wavebreakers sont pr\u00e9sentement en train de recruter des nouveaux membres pour former leur \u00e9quipe pour l&#8217;\u00e9t\u00e9 2026.\u00a0<\/span><\/p>\n<p class=\"p1\"><span style=\"color: #000000;\">Apr\u00e8s avoir pagay\u00e9s pendant l&#8217;\u00e9t\u00e9 2025 dans une \u00e9quipe d\u00e9butantes ayant particip\u00e9es \u00e0 deux comp\u00e9titions, elles voudraient continuer \u00e0 partager des moments d&#8217;amiti\u00e9 tout en pratiquant un sport stimulant !<\/span><\/p>\n<p class=\"p1\"><span style=\"color: #000000;\">Nous recherchons des pagayeuses pour compl\u00e9ter notre \u00e9quipe. Si tu veux te d\u00e9passer, t&#8217;amuser et faire partie d&#8217;une \u00e9quipe dynamique, viens pagayer avec nous!<\/span><\/p>\n<p>[\/et_pb_text][et_pb_text _builder_version=&#8221;4.27.5&#8243; _module_preset=&#8221;default&#8221; hover_enabled=&#8221;0&#8243; sticky_enabled=&#8221;0&#8243; text_text_color=&#8221;#000000&#8243;]<\/p>\n<p>NB : Il reste quelques places avec cette \u00e9quipe. Contactez-nous pour en savoir plus sur cette \u00e9quipe et pous vous inscrire.<\/p>\n<p>[\/et_pb_text][et_pb_button button_text=&#8221;Contactez nous&#8221; _builder_version=&#8221;4.27.5&#8243; _module_preset=&#8221;default&#8221; hover_enabled=&#8221;0&#8243; sticky_enabled=&#8221;0&#8243; button_url=&#8221;mailto:club@22dragons.com&#8221; url_new_window=&#8221;on&#8221; button_alignment=&#8221;center&#8221;][\/et_pb_button][\/et_pb_column][et_pb_column type=&#8221;2_5&#8243; _builder_version=&#8221;4.27.4&#8243; _module_preset=&#8221;default&#8221; global_colors_info=&#8221;{}&#8221;][et_pb_image src=&#8221;https:\/\/22dragons.com\/wp-content\/uploads\/Flat-Logo-Design-for-Wavebreaker-Team-pages.jpg&#8221; title_text=&#8221;Flat Logo Design for Wavebreaker Team-pages&#8221; _builder_version=&#8221;4.27.5&#8243; _module_preset=&#8221;default&#8221; global_colors_info=&#8221;{}&#8221;][\/et_pb_image][\/et_pb_column][\/et_pb_row][\/et_pb_section][et_pb_section fb_built=&#8221;1&#8243; _builder_version=&#8221;4.27.4&#8243; _module_preset=&#8221;default&#8221; global_colors_info=&#8221;{}&#8221;][et_pb_row _builder_version=&#8221;4.27.4&#8243; _module_preset=&#8221;default&#8221; custom_padding=&#8221;||0px|||&#8221; global_colors_info=&#8221;{}&#8221;][et_pb_column type=&#8221;4_4&#8243; _builder_version=&#8221;4.27.4&#8243; _module_preset=&#8221;default&#8221; global_colors_info=&#8221;{}&#8221;][et_pb_divider _builder_version=&#8221;4.27.5&#8243; _module_preset=&#8221;default&#8221; hover_enabled=&#8221;0&#8243; sticky_enabled=&#8221;0&#8243;][\/et_pb_divider][et_pb_heading title=&#8221;Foire aux questions&#8221; _builder_version=&#8221;4.27.5&#8243; _module_preset=&#8221;default&#8221; title_text_color=&#8221;#0094B8&#8243; global_colors_info=&#8221;{}&#8221;][\/et_pb_heading][\/et_pb_column][\/et_pb_row][et_pb_row _builder_version=&#8221;4.27.4&#8243; _module_preset=&#8221;default&#8221; custom_padding=&#8221;0px|||||&#8221; global_colors_info=&#8221;{}&#8221;][et_pb_column type=&#8221;4_4&#8243; _builder_version=&#8221;4.27.4&#8243; _module_preset=&#8221;default&#8221; global_colors_info=&#8221;{}&#8221;][et_pb_text _builder_version=&#8221;4.27.4&#8243; _module_preset=&#8221;default&#8221; global_colors_info=&#8221;{}&#8221;]<\/p>\n<h4>Qu&#8217;est-ce que la course de bateaux-dragons ?<\/h4>\n<p>La course de bateaux-dragons est un sport de course de bateaux dont les racines remontent \u00e0 2000 ans en Chine. Elle r\u00e9unit g\u00e9n\u00e9ralement 20 pagayeurs, un batteur et un barreur sur un bateau, et les \u00e9quipes s&#8217;affrontent sur des distances d\u00e9termin\u00e9es. Les courses de bateaux-dragons sont populaires au Canada depuis des d\u00e9cennies. Des pagayeurs de tous \u00e2ges, de toutes capacit\u00e9s athl\u00e9tiques et de tous horizons se r\u00e9unissent pour former des \u00e9quipes et participer \u00e0 des r\u00e9gates au Canada.<\/p>\n<p>&nbsp;<\/p>\n<h4>Que dois-je apporter ?<\/h4>\n<p>Nous fournissons les pagaies, les v\u00eatements de flottaison individuels et le bateau. Tout ce que vous devez apporter, c&#8217;est:<\/p>\n<ul>\n<li>V\u00eatements de sport<\/li>\n<li>Protection solaire (cr\u00e8me solaire et chapeau)<\/li>\n<li>Bouteille d&#8217;eau remplie<\/li>\n<li>Chaussures d&#8217;eau ou sandales (facultatif)<\/li>\n<\/ul>\n<p>&nbsp;<\/p>\n<h4>O\u00f9 se d\u00e9roulera cette activit\u00e9 ?<\/h4>\n<p>Notre club est situ\u00e9 au 5527, rue Saint-Patrick, dans le parc du canal de Lachine. Vous pouvez utiliser l&#8217;espace devant les quais comme point de rencontre de votre groupe.<\/p>\n<p>&nbsp;<\/p>\n<h4>Y a-t-il des exigences en mati\u00e8re de condition physique pour que je puisse participer ?<\/h4>\n<p>Le bateau-dragon est une activit\u00e9 accessible ! Tout le monde peut y participer, quel que soit son niveau de forme ou ses capacit\u00e9s physiques !<\/p>\n<p>&nbsp;<\/p>\n<h4>Il pleut ! L&#8217;activit\u00e9 est-elle annul\u00e9e ?<\/h4>\n<p>L&#8217;activit\u00e9 aura lieu beau temps, mauvais temps ! Nous n&#8217;annulons l&#8217;activit\u00e9 qu&#8217;en cas de foudre ou si le canal est ferm\u00e9 en raison de fortes pluies. En cas d&#8217;annulation, vous recevrez un courriel d\u00e8s que possible.<\/p>\n<p>[\/et_pb_text][\/et_pb_column][\/et_pb_row][et_pb_row _builder_version=&#8221;4.27.4&#8243; _module_preset=&#8221;default&#8221; global_colors_info=&#8221;{}&#8221;][et_pb_column type=&#8221;4_4&#8243; _builder_version=&#8221;4.27.4&#8243; _module_preset=&#8221;default&#8221; global_colors_info=&#8221;{}&#8221;][et_pb_text _builder_version=&#8221;4.27.4&#8243; _module_preset=&#8221;default&#8221; custom_padding=&#8221;||0px|||&#8221; global_colors_info=&#8221;{}&#8221;]<\/p>\n<p>22Dragons remercie Isabella Perelman, Lyne Larivi\u00e8re, Vera Wagner, Sarah MacDonald et Eugene Sweetoo pour avoir fourni les images de cette page.<\/p>\n<p>[\/et_pb_text][\/et_pb_column][\/et_pb_row][\/et_pb_section]<\/p>\n","protected":false},"excerpt":{"rendered":"<p>22Dragons chapeaute plusieurs \u00e9quipes interm\u00e9diaires, form\u00e9es \u00e0 partir d\u2019\u00e9quipes des programmes d\u00e9butants. La possibilit\u00e9 de vous joindre \u00e0 une de ces \u00e9quipes d\u00e9pend de votre niveau d\u2019exp\u00e9rience dans le bateau-dragon [&hellip;]<\/p>\n","protected":false},"author":14,"featured_media":0,"parent":0,"menu_order":0,"comment_status":"closed","ping_status":"closed","template":"","meta":{"_et_pb_use_builder":"on","_et_pb_old_content":"","_et_gb_content_width":"","footnotes":""},"class_list":["post-51865","page","type-page","status-publish","hentry"],"aioseo_notices":[],"_links":{"self":[{"href":"https:\/\/22dragons.com\/fr\/wp-json\/wp\/v2\/pages\/51865","targetHints":{"allow":["GET"]}}],"collection":[{"href":"https:\/\/22dragons.com\/fr\/wp-json\/wp\/v2\/pages"}],"about":[{"href":"https:\/\/22dragons.com\/fr\/wp-json\/wp\/v2\/types\/page"}],"author":[{"embeddable":true,"href":"https:\/\/22dragons.com\/fr\/wp-json\/wp\/v2\/users\/14"}],"replies":[{"embeddable":true,"href":"https:\/\/22dragons.com\/fr\/wp-json\/wp\/v2\/comments?post=51865"}],"version-history":[{"count":10,"href":"https:\/\/22dragons.com\/fr\/wp-json\/wp\/v2\/pages\/51865\/revisions"}],"predecessor-version":[{"id":52091,"href":"https:\/\/22dragons.com\/fr\/wp-json\/wp\/v2\/pages\/51865\/revisions\/52091"}],"wp:attachment":[{"href":"https:\/\/22dragons.com\/fr\/wp-json\/wp\/v2\/media?parent=51865"}],"curies":[{"name":"wp","href":"https:\/\/api.w.org\/{rel}","templated":true}]}}